{"id":5457,"date":"2025-06-28T17:15:51","date_gmt":"2025-06-28T15:15:51","guid":{"rendered":"https:\/\/uj.adatbank.ro\/lexikon\/termek\/bucur-ioan\/"},"modified":"2025-06-28T17:15:51","modified_gmt":"2025-06-28T15:15:51","slug":"bucur-ioan","status":"publish","type":"product","link":"https:\/\/uj.adatbank.ro\/lexikon\/termek\/bucur-ioan\/","title":{"rendered":"BUCUR Ioan"},"content":{"rendered":"<p>Lack\u00f3d, 1864. febr. 23, \u2020 ? : g. kat. esperes, pl\u00e9b\u00e1nos. \u2013 A gimn.-ot Bel\u00e9nyesen, a teol\u00f3gi\u00e1t Bp.-en v\u00e9gezte. Bord-on (1890\u2013) \u00e9s Uzdiszentgy\u00f6rgy\u00f6n adminisztr\u00e1tor (1895\u20131910), pl\u00e9b\u00e1nos, Indal-on lelk\u00e9sz \u00e9s alesperes (1910\u2013). \u2013 <strong>F. m.:<\/strong> C\u00e2teva rele \u00eencuibate \u00een popora\u0163iunea dela sate (Nagyszeben, 1914). <br \/><strong>Irod.:<\/strong> Guly\u00e1s; Sigmirean<\/br><\/p>\n","protected":false},"excerpt":{"rendered":"<p>Lack\u00f3d, 1864. febr. 23, \u2020 ? : g. kat. esperes, pl\u00e9b\u00e1nos. \u2013 A gimn.-ot Bel\u00e9nyesen, a teol\u00f3gi\u00e1t Bp.-en v\u00e9gezte. Bord-on (1890\u2013) \u00e9s Uzdiszentgy\u00f6rgy\u00f6n adminisztr\u00e1tor (1895\u20131910), pl\u00e9b\u00e1nos, Indal-on lelk\u00e9sz \u00e9s alesperes (1910\u2013). \u2013 F. m.: C\u00e2teva rele \u00eencuibate \u00een popora\u0163iunea dela sate (Nagyszeben, 1914). Irod.: Guly\u00e1s; Sigmirean<\/p>\n","protected":false},"featured_media":0,"comment_status":"open","ping_status":"closed","template":"","meta":[],"product_brand":[],"product_cat":[137],"product_tag":[],"class_list":{"0":"post-5457","1":"product","2":"type-product","3":"status-publish","5":"product_cat-maros-megyei-eletrajzi-lexikon","7":"first","8":"instock","9":"shipping-taxable","10":"product-type-simple"},"_links":{"self":[{"href":"https:\/\/uj.adatbank.ro\/lexikon\/wp-json\/wp\/v2\/product\/5457","targetHints":{"allow":["GET"]}}],"collection":[{"href":"https:\/\/uj.adatbank.ro\/lexikon\/wp-json\/wp\/v2\/product"}],"about":[{"href":"https:\/\/uj.adatbank.ro\/lexikon\/wp-json\/wp\/v2\/types\/product"}],"replies":[{"embeddable":true,"href":"https:\/\/uj.adatbank.ro\/lexikon\/wp-json\/wp\/v2\/comments?post=5457"}],"wp:attachment":[{"href":"https:\/\/uj.adatbank.ro\/lexikon\/wp-json\/wp\/v2\/media?parent=5457"}],"wp:term":[{"taxonomy":"product_brand","embeddable":true,"href":"https:\/\/uj.adatbank.ro\/lexikon\/wp-json\/wp\/v2\/product_brand?post=5457"},{"taxonomy":"product_cat","embeddable":true,"href":"https:\/\/uj.adatbank.ro\/lexikon\/wp-json\/wp\/v2\/product_cat?post=5457"},{"taxonomy":"product_tag","embeddable":true,"href":"https:\/\/uj.adatbank.ro\/lexikon\/wp-json\/wp\/v2\/product_tag?post=5457"}],"curies":[{"name":"wp","href":"https:\/\/api.w.org\/{rel}","templated":true}]}}