{"id":5458,"date":"2025-06-28T17:15:52","date_gmt":"2025-06-28T15:15:52","guid":{"rendered":"https:\/\/uj.adatbank.ro\/lexikon\/termek\/bucur-iosif\/"},"modified":"2025-06-28T17:15:52","modified_gmt":"2025-06-28T15:15:52","slug":"bucur-iosif","status":"publish","type":"product","link":"https:\/\/uj.adatbank.ro\/lexikon\/termek\/bucur-iosif\/","title":{"rendered":"BUCUR Iosif"},"content":{"rendered":"<p>? \u2020\u00a0?: pap\u00edr- \u00e9s k\u00f6nyvkeresked\u0151, nyomdatulajdonos. \u2013 L\u00edc.-ot Bal\u00e1zsfalv\u00e1n v\u00e9gzett (1913\u201314). A mv.-i Kereskedelmi \u00e9s Iparkamara vezet\u0151s\u00e9gi tagja (1929). Tagja a Kv.-on megalakult Erd\u00e9lyi \u00e9s B\u00e1n\u00e1ti K\u00f6nyvkeresked\u0151k Orsz\u00e1gos Egyes\u00fclete vezet\u0151s\u00e1g\u00e1nek (1929). A mv.-i Ardeleana nyomda tulajdonosa (1939). <br \/><strong>Irod.:<\/strong> Fola; Id\u0151t\u00e1r 3<\/br><\/p>\n","protected":false},"excerpt":{"rendered":"<p>? \u2020\u00a0?: pap\u00edr- \u00e9s k\u00f6nyvkeresked\u0151, nyomdatulajdonos. \u2013 L\u00edc.-ot Bal\u00e1zsfalv\u00e1n v\u00e9gzett (1913\u201314). A mv.-i Kereskedelmi \u00e9s Iparkamara vezet\u0151s\u00e9gi tagja (1929). Tagja a Kv.-on megalakult Erd\u00e9lyi \u00e9s B\u00e1n\u00e1ti K\u00f6nyvkeresked\u0151k Orsz\u00e1gos Egyes\u00fclete vezet\u0151s\u00e1g\u00e1nek (1929). A mv.-i Ardeleana nyomda tulajdonosa (1939). Irod.: Fola; Id\u0151t\u00e1r 3<\/p>\n","protected":false},"featured_media":0,"comment_status":"open","ping_status":"closed","template":"","meta":[],"product_brand":[],"product_cat":[137],"product_tag":[],"class_list":{"0":"post-5458","1":"product","2":"type-product","3":"status-publish","5":"product_cat-maros-megyei-eletrajzi-lexikon","7":"first","8":"instock","9":"shipping-taxable","10":"product-type-simple"},"_links":{"self":[{"href":"https:\/\/uj.adatbank.ro\/lexikon\/wp-json\/wp\/v2\/product\/5458","targetHints":{"allow":["GET"]}}],"collection":[{"href":"https:\/\/uj.adatbank.ro\/lexikon\/wp-json\/wp\/v2\/product"}],"about":[{"href":"https:\/\/uj.adatbank.ro\/lexikon\/wp-json\/wp\/v2\/types\/product"}],"replies":[{"embeddable":true,"href":"https:\/\/uj.adatbank.ro\/lexikon\/wp-json\/wp\/v2\/comments?post=5458"}],"wp:attachment":[{"href":"https:\/\/uj.adatbank.ro\/lexikon\/wp-json\/wp\/v2\/media?parent=5458"}],"wp:term":[{"taxonomy":"product_brand","embeddable":true,"href":"https:\/\/uj.adatbank.ro\/lexikon\/wp-json\/wp\/v2\/product_brand?post=5458"},{"taxonomy":"product_cat","embeddable":true,"href":"https:\/\/uj.adatbank.ro\/lexikon\/wp-json\/wp\/v2\/product_cat?post=5458"},{"taxonomy":"product_tag","embeddable":true,"href":"https:\/\/uj.adatbank.ro\/lexikon\/wp-json\/wp\/v2\/product_tag?post=5458"}],"curies":[{"name":"wp","href":"https:\/\/api.w.org\/{rel}","templated":true}]}}