{"id":5460,"date":"2025-06-28T17:15:56","date_gmt":"2025-06-28T15:15:56","guid":{"rendered":"https:\/\/uj.adatbank.ro\/lexikon\/termek\/bucur-iuliu\/"},"modified":"2025-06-28T17:15:56","modified_gmt":"2025-06-28T15:15:56","slug":"bucur-iuliu","status":"publish","type":"product","link":"https:\/\/uj.adatbank.ro\/lexikon\/termek\/bucur-iuliu\/","title":{"rendered":"BUCUR Iuliu"},"content":{"rendered":"<p>? \u2020\u00a0?: tan\u00e1r. \u2013 A mv.-i Al. Papiu Ilarian L\u00edc.-ban gr. kat. vall\u00e1stan\u00e1r, V. fokozat, 33 \u00e9vi tan\u00edt\u00e1s (1932\u201335). <br \/><strong>Irod.:<\/strong> Ciortea, M\u0103rtina\u015f<\/br><\/p>\n","protected":false},"excerpt":{"rendered":"<p>? \u2020\u00a0?: tan\u00e1r. \u2013 A mv.-i Al. Papiu Ilarian L\u00edc.-ban gr. kat. vall\u00e1stan\u00e1r, V. fokozat, 33 \u00e9vi tan\u00edt\u00e1s (1932\u201335). Irod.: Ciortea, M\u0103rtina\u015f<\/p>\n","protected":false},"featured_media":0,"comment_status":"open","ping_status":"closed","template":"","meta":[],"product_brand":[],"product_cat":[137],"product_tag":[],"class_list":{"0":"post-5460","1":"product","2":"type-product","3":"status-publish","5":"product_cat-maros-megyei-eletrajzi-lexikon","7":"first","8":"instock","9":"shipping-taxable","10":"product-type-simple"},"_links":{"self":[{"href":"https:\/\/uj.adatbank.ro\/lexikon\/wp-json\/wp\/v2\/product\/5460","targetHints":{"allow":["GET"]}}],"collection":[{"href":"https:\/\/uj.adatbank.ro\/lexikon\/wp-json\/wp\/v2\/product"}],"about":[{"href":"https:\/\/uj.adatbank.ro\/lexikon\/wp-json\/wp\/v2\/types\/product"}],"replies":[{"embeddable":true,"href":"https:\/\/uj.adatbank.ro\/lexikon\/wp-json\/wp\/v2\/comments?post=5460"}],"wp:attachment":[{"href":"https:\/\/uj.adatbank.ro\/lexikon\/wp-json\/wp\/v2\/media?parent=5460"}],"wp:term":[{"taxonomy":"product_brand","embeddable":true,"href":"https:\/\/uj.adatbank.ro\/lexikon\/wp-json\/wp\/v2\/product_brand?post=5460"},{"taxonomy":"product_cat","embeddable":true,"href":"https:\/\/uj.adatbank.ro\/lexikon\/wp-json\/wp\/v2\/product_cat?post=5460"},{"taxonomy":"product_tag","embeddable":true,"href":"https:\/\/uj.adatbank.ro\/lexikon\/wp-json\/wp\/v2\/product_tag?post=5460"}],"curies":[{"name":"wp","href":"https:\/\/api.w.org\/{rel}","templated":true}]}}