{"id":5464,"date":"2025-06-28T17:16:04","date_gmt":"2025-06-28T15:16:04","guid":{"rendered":"https:\/\/uj.adatbank.ro\/lexikon\/termek\/bucur-teodor\/"},"modified":"2025-06-28T17:16:04","modified_gmt":"2025-06-28T15:16:04","slug":"bucur-teodor","status":"publish","type":"product","link":"https:\/\/uj.adatbank.ro\/lexikon\/termek\/bucur-teodor\/","title":{"rendered":"BUCUR Teodor"},"content":{"rendered":"<p>? \u2020\u00a0? : ort. pap. \u2013 Templom\u00e9p\u00edt\u0151 ort. pap Erd\u0151idecsben (1932\u201338). A templomot a h\u00edv\u0151k adakoz\u00e1s\u00e1b\u00f3l \u00e9p\u00edtett\u00e9k a r\u00e9gi t\u00e9gl\u00e1b\u00f3l \u00e9p\u00fclt templom hely\u00e9re (1933\u201335). Felszentelte Emilian Birda\u015f gyulafeh\u00e9rv\u00e1ri p\u00fcsp\u00f6k (1978). M\u00e9g szolg\u00e1lt Palotailv\u00e1n (1940\u201362), B\u00e1lintfalv\u00e1n \u00e9s Backamadarason, Ny\u00e1r\u00e1dszered\u00e1ban \u00e9s Jobb\u00e1gyfalv\u00e1n (1962\u201368). <br \/><strong>Irod.:<\/strong> Reghin, Protopopiat; \u015eincan 2006<\/br><\/p>\n","protected":false},"excerpt":{"rendered":"<p>? \u2020\u00a0? : ort. pap. \u2013 Templom\u00e9p\u00edt\u0151 ort. pap Erd\u0151idecsben (1932\u201338). A templomot a h\u00edv\u0151k adakoz\u00e1s\u00e1b\u00f3l \u00e9p\u00edtett\u00e9k a r\u00e9gi t\u00e9gl\u00e1b\u00f3l \u00e9p\u00fclt templom hely\u00e9re (1933\u201335). Felszentelte Emilian Birda\u015f gyulafeh\u00e9rv\u00e1ri p\u00fcsp\u00f6k (1978). M\u00e9g szolg\u00e1lt Palotailv\u00e1n (1940\u201362), B\u00e1lintfalv\u00e1n \u00e9s Backamadarason, Ny\u00e1r\u00e1dszered\u00e1ban \u00e9s Jobb\u00e1gyfalv\u00e1n (1962\u201368). Irod.: Reghin, Protopopiat; \u015eincan 2006<\/p>\n","protected":false},"featured_media":0,"comment_status":"open","ping_status":"closed","template":"","meta":[],"product_brand":[],"product_cat":[137],"product_tag":[],"class_list":{"0":"post-5464","1":"product","2":"type-product","3":"status-publish","5":"product_cat-maros-megyei-eletrajzi-lexikon","7":"first","8":"instock","9":"shipping-taxable","10":"product-type-simple"},"_links":{"self":[{"href":"https:\/\/uj.adatbank.ro\/lexikon\/wp-json\/wp\/v2\/product\/5464","targetHints":{"allow":["GET"]}}],"collection":[{"href":"https:\/\/uj.adatbank.ro\/lexikon\/wp-json\/wp\/v2\/product"}],"about":[{"href":"https:\/\/uj.adatbank.ro\/lexikon\/wp-json\/wp\/v2\/types\/product"}],"replies":[{"embeddable":true,"href":"https:\/\/uj.adatbank.ro\/lexikon\/wp-json\/wp\/v2\/comments?post=5464"}],"wp:attachment":[{"href":"https:\/\/uj.adatbank.ro\/lexikon\/wp-json\/wp\/v2\/media?parent=5464"}],"wp:term":[{"taxonomy":"product_brand","embeddable":true,"href":"https:\/\/uj.adatbank.ro\/lexikon\/wp-json\/wp\/v2\/product_brand?post=5464"},{"taxonomy":"product_cat","embeddable":true,"href":"https:\/\/uj.adatbank.ro\/lexikon\/wp-json\/wp\/v2\/product_cat?post=5464"},{"taxonomy":"product_tag","embeddable":true,"href":"https:\/\/uj.adatbank.ro\/lexikon\/wp-json\/wp\/v2\/product_tag?post=5464"}],"curies":[{"name":"wp","href":"https:\/\/api.w.org\/{rel}","templated":true}]}}