{"id":5465,"date":"2025-06-28T17:16:05","date_gmt":"2025-06-28T15:16:05","guid":{"rendered":"https:\/\/uj.adatbank.ro\/lexikon\/termek\/bud-tibor\/"},"modified":"2025-06-28T17:16:05","modified_gmt":"2025-06-28T15:16:05","slug":"bud-tibor","status":"publish","type":"product","link":"https:\/\/uj.adatbank.ro\/lexikon\/termek\/bud-tibor\/","title":{"rendered":"BUD Tibor"},"content":{"rendered":"<p>? \u2020\u00a0? : ref. k\u00e1ntortan\u00edt\u00f3. \u2013 P\u00f3k\u00e1ban volt k\u00e1ntortan\u00edt\u00f3 \u00e9s egyh\u00e1zi jegyz\u0151 (1900-as \u00e9vek elej\u00e9n). <br \/><strong>Irod.:<\/strong> P\u00f3ka<\/br><\/p>\n","protected":false},"excerpt":{"rendered":"<p>? \u2020\u00a0? : ref. k\u00e1ntortan\u00edt\u00f3. \u2013 P\u00f3k\u00e1ban volt k\u00e1ntortan\u00edt\u00f3 \u00e9s egyh\u00e1zi jegyz\u0151 (1900-as \u00e9vek elej\u00e9n). Irod.: P\u00f3ka<\/p>\n","protected":false},"featured_media":0,"comment_status":"open","ping_status":"closed","template":"","meta":[],"product_brand":[],"product_cat":[137],"product_tag":[],"class_list":{"0":"post-5465","1":"product","2":"type-product","3":"status-publish","5":"product_cat-maros-megyei-eletrajzi-lexikon","7":"first","8":"instock","9":"shipping-taxable","10":"product-type-simple"},"_links":{"self":[{"href":"https:\/\/uj.adatbank.ro\/lexikon\/wp-json\/wp\/v2\/product\/5465","targetHints":{"allow":["GET"]}}],"collection":[{"href":"https:\/\/uj.adatbank.ro\/lexikon\/wp-json\/wp\/v2\/product"}],"about":[{"href":"https:\/\/uj.adatbank.ro\/lexikon\/wp-json\/wp\/v2\/types\/product"}],"replies":[{"embeddable":true,"href":"https:\/\/uj.adatbank.ro\/lexikon\/wp-json\/wp\/v2\/comments?post=5465"}],"wp:attachment":[{"href":"https:\/\/uj.adatbank.ro\/lexikon\/wp-json\/wp\/v2\/media?parent=5465"}],"wp:term":[{"taxonomy":"product_brand","embeddable":true,"href":"https:\/\/uj.adatbank.ro\/lexikon\/wp-json\/wp\/v2\/product_brand?post=5465"},{"taxonomy":"product_cat","embeddable":true,"href":"https:\/\/uj.adatbank.ro\/lexikon\/wp-json\/wp\/v2\/product_cat?post=5465"},{"taxonomy":"product_tag","embeddable":true,"href":"https:\/\/uj.adatbank.ro\/lexikon\/wp-json\/wp\/v2\/product_tag?post=5465"}],"curies":[{"name":"wp","href":"https:\/\/api.w.org\/{rel}","templated":true}]}}