{"id":5466,"date":"2025-06-28T17:16:06","date_gmt":"2025-06-28T15:16:06","guid":{"rendered":"https:\/\/uj.adatbank.ro\/lexikon\/termek\/buda-alexandru\/"},"modified":"2025-06-28T17:16:06","modified_gmt":"2025-06-28T15:16:06","slug":"buda-alexandru","status":"publish","type":"product","link":"https:\/\/uj.adatbank.ro\/lexikon\/termek\/buda-alexandru\/","title":{"rendered":"BUDA Alexandru"},"content":{"rendered":"<p>Budafalva, 1883., \u2020\u00a0? : g. kel., ort. lelk\u00e9sz. \u2013 K\u00f6z\u00e9piskol\u00e1it Szamos\u00fajv\u00e1ron, a teol\u00f3gi\u00e1t Nagyszebenben v\u00e9gezte. Pap volt (1907\u2013) Als\u00f3sz\u00f6cs\u00f6n, N\u00e1zn\u00e1nfalv\u00e1n (1919\u201349). Volt v\u00e1rmegyei t\u00f6rv. hat. biz. tag. A k\u00f6zs\u00e9g \u00e9let\u00e9ben jelent\u0151s szerepet t\u00f6lt\u00f6tt be. <br \/><strong>Irod.:<\/strong> Sz\u00e9kelyf\u00f6ld \u00ed. k; \u015eincan 2006<\/br><\/p>\n","protected":false},"excerpt":{"rendered":"<p>Budafalva, 1883., \u2020\u00a0? : g. kel., ort. lelk\u00e9sz. \u2013 K\u00f6z\u00e9piskol\u00e1it Szamos\u00fajv\u00e1ron, a teol\u00f3gi\u00e1t Nagyszebenben v\u00e9gezte. Pap volt (1907\u2013) Als\u00f3sz\u00f6cs\u00f6n, N\u00e1zn\u00e1nfalv\u00e1n (1919\u201349). Volt v\u00e1rmegyei t\u00f6rv. hat. biz. tag. A k\u00f6zs\u00e9g \u00e9let\u00e9ben jelent\u0151s szerepet t\u00f6lt\u00f6tt be. Irod.: Sz\u00e9kelyf\u00f6ld \u00ed. k; \u015eincan 2006<\/p>\n","protected":false},"featured_media":0,"comment_status":"open","ping_status":"closed","template":"","meta":[],"product_brand":[],"product_cat":[137],"product_tag":[],"class_list":{"0":"post-5466","1":"product","2":"type-product","3":"status-publish","5":"product_cat-maros-megyei-eletrajzi-lexikon","7":"first","8":"instock","9":"shipping-taxable","10":"product-type-simple"},"_links":{"self":[{"href":"https:\/\/uj.adatbank.ro\/lexikon\/wp-json\/wp\/v2\/product\/5466","targetHints":{"allow":["GET"]}}],"collection":[{"href":"https:\/\/uj.adatbank.ro\/lexikon\/wp-json\/wp\/v2\/product"}],"about":[{"href":"https:\/\/uj.adatbank.ro\/lexikon\/wp-json\/wp\/v2\/types\/product"}],"replies":[{"embeddable":true,"href":"https:\/\/uj.adatbank.ro\/lexikon\/wp-json\/wp\/v2\/comments?post=5466"}],"wp:attachment":[{"href":"https:\/\/uj.adatbank.ro\/lexikon\/wp-json\/wp\/v2\/media?parent=5466"}],"wp:term":[{"taxonomy":"product_brand","embeddable":true,"href":"https:\/\/uj.adatbank.ro\/lexikon\/wp-json\/wp\/v2\/product_brand?post=5466"},{"taxonomy":"product_cat","embeddable":true,"href":"https:\/\/uj.adatbank.ro\/lexikon\/wp-json\/wp\/v2\/product_cat?post=5466"},{"taxonomy":"product_tag","embeddable":true,"href":"https:\/\/uj.adatbank.ro\/lexikon\/wp-json\/wp\/v2\/product_tag?post=5466"}],"curies":[{"name":"wp","href":"https:\/\/api.w.org\/{rel}","templated":true}]}}