{"id":5469,"date":"2025-06-28T17:16:13","date_gmt":"2025-06-28T15:16:13","guid":{"rendered":"https:\/\/uj.adatbank.ro\/lexikon\/termek\/budai-mihaly\/"},"modified":"2025-06-28T17:16:13","modified_gmt":"2025-06-28T15:16:13","slug":"budai-mihaly","status":"publish","type":"product","link":"https:\/\/uj.adatbank.ro\/lexikon\/termek\/budai-mihaly\/","title":{"rendered":"BUDAI Mih\u00e1ly"},"content":{"rendered":"<p>? \u2020 ? : nemes. \u2013 Apja Mih\u00e1ly losonczi B\u00e1nffy L\u00e1szl\u00f3 jobb\u00e1gya volt, akit jogi t\u00e9ren tett szolg\u00e1latai\u00e9rt szabad\u00edtott fel. Feles\u00e9ge Rab\u00e1k Erzs\u00e9bet, gyermekei: P\u00e9ter \u00e9s Zs\u00f3fia. \u2013 Lip\u00f3t kir.-t\u00f3l nyert c\u00edmeres nemeslevelet (1698. jan. 25.). <br \/><strong>Irod.:<\/strong> Kempelen; MCK; P\u00e1lmay<\/br><\/p>\n","protected":false},"excerpt":{"rendered":"<p>? \u2020 ? : nemes. \u2013 Apja Mih\u00e1ly losonczi B\u00e1nffy L\u00e1szl\u00f3 jobb\u00e1gya volt, akit jogi t\u00e9ren tett szolg\u00e1latai\u00e9rt szabad\u00edtott fel. Feles\u00e9ge Rab\u00e1k Erzs\u00e9bet, gyermekei: P\u00e9ter \u00e9s Zs\u00f3fia. \u2013 Lip\u00f3t kir.-t\u00f3l nyert c\u00edmeres nemeslevelet (1698. jan. 25.). Irod.: Kempelen; MCK; P\u00e1lmay<\/p>\n","protected":false},"featured_media":0,"comment_status":"open","ping_status":"closed","template":"","meta":[],"product_brand":[],"product_cat":[137],"product_tag":[],"class_list":{"0":"post-5469","1":"product","2":"type-product","3":"status-publish","5":"product_cat-maros-megyei-eletrajzi-lexikon","7":"first","8":"instock","9":"shipping-taxable","10":"product-type-simple"},"_links":{"self":[{"href":"https:\/\/uj.adatbank.ro\/lexikon\/wp-json\/wp\/v2\/product\/5469","targetHints":{"allow":["GET"]}}],"collection":[{"href":"https:\/\/uj.adatbank.ro\/lexikon\/wp-json\/wp\/v2\/product"}],"about":[{"href":"https:\/\/uj.adatbank.ro\/lexikon\/wp-json\/wp\/v2\/types\/product"}],"replies":[{"embeddable":true,"href":"https:\/\/uj.adatbank.ro\/lexikon\/wp-json\/wp\/v2\/comments?post=5469"}],"wp:attachment":[{"href":"https:\/\/uj.adatbank.ro\/lexikon\/wp-json\/wp\/v2\/media?parent=5469"}],"wp:term":[{"taxonomy":"product_brand","embeddable":true,"href":"https:\/\/uj.adatbank.ro\/lexikon\/wp-json\/wp\/v2\/product_brand?post=5469"},{"taxonomy":"product_cat","embeddable":true,"href":"https:\/\/uj.adatbank.ro\/lexikon\/wp-json\/wp\/v2\/product_cat?post=5469"},{"taxonomy":"product_tag","embeddable":true,"href":"https:\/\/uj.adatbank.ro\/lexikon\/wp-json\/wp\/v2\/product_tag?post=5469"}],"curies":[{"name":"wp","href":"https:\/\/api.w.org\/{rel}","templated":true}]}}