{"id":5474,"date":"2025-06-28T17:16:22","date_gmt":"2025-06-28T15:16:22","guid":{"rendered":"https:\/\/uj.adatbank.ro\/lexikon\/termek\/budiu-ioan\/"},"modified":"2025-06-28T17:16:22","modified_gmt":"2025-06-28T15:16:22","slug":"budiu-ioan","status":"publish","type":"product","link":"https:\/\/uj.adatbank.ro\/lexikon\/termek\/budiu-ioan\/","title":{"rendered":"BUDIU, Ioan"},"content":{"rendered":"<p>? \u2020 ? : eln\u0151k. \u2013 A Mv.-i Kereskedelmi \u00e9s Iparkamara keret\u00e9ben az ipari oszt\u00e1ly eln\u00f6ke (1936). <br \/><strong>Irod.:<\/strong> Nan: Camera de comer\u0163<\/br><\/p>\n","protected":false},"excerpt":{"rendered":"<p>? \u2020 ? : eln\u0151k. \u2013 A Mv.-i Kereskedelmi \u00e9s Iparkamara keret\u00e9ben az ipari oszt\u00e1ly eln\u00f6ke (1936). Irod.: Nan: Camera de comer\u0163<\/p>\n","protected":false},"featured_media":0,"comment_status":"open","ping_status":"closed","template":"","meta":[],"product_brand":[],"product_cat":[137],"product_tag":[],"class_list":{"0":"post-5474","1":"product","2":"type-product","3":"status-publish","5":"product_cat-maros-megyei-eletrajzi-lexikon","7":"first","8":"instock","9":"shipping-taxable","10":"product-type-simple"},"_links":{"self":[{"href":"https:\/\/uj.adatbank.ro\/lexikon\/wp-json\/wp\/v2\/product\/5474","targetHints":{"allow":["GET"]}}],"collection":[{"href":"https:\/\/uj.adatbank.ro\/lexikon\/wp-json\/wp\/v2\/product"}],"about":[{"href":"https:\/\/uj.adatbank.ro\/lexikon\/wp-json\/wp\/v2\/types\/product"}],"replies":[{"embeddable":true,"href":"https:\/\/uj.adatbank.ro\/lexikon\/wp-json\/wp\/v2\/comments?post=5474"}],"wp:attachment":[{"href":"https:\/\/uj.adatbank.ro\/lexikon\/wp-json\/wp\/v2\/media?parent=5474"}],"wp:term":[{"taxonomy":"product_brand","embeddable":true,"href":"https:\/\/uj.adatbank.ro\/lexikon\/wp-json\/wp\/v2\/product_brand?post=5474"},{"taxonomy":"product_cat","embeddable":true,"href":"https:\/\/uj.adatbank.ro\/lexikon\/wp-json\/wp\/v2\/product_cat?post=5474"},{"taxonomy":"product_tag","embeddable":true,"href":"https:\/\/uj.adatbank.ro\/lexikon\/wp-json\/wp\/v2\/product_tag?post=5474"}],"curies":[{"name":"wp","href":"https:\/\/api.w.org\/{rel}","templated":true}]}}