{"id":5475,"date":"2025-06-28T17:16:24","date_gmt":"2025-06-28T15:16:24","guid":{"rendered":"https:\/\/uj.adatbank.ro\/lexikon\/termek\/budni-bernardin-balazs-p\/"},"modified":"2025-06-28T17:16:24","modified_gmt":"2025-06-28T15:16:24","slug":"budni-bernardin-balazs-p","status":"publish","type":"product","link":"https:\/\/uj.adatbank.ro\/lexikon\/termek\/budni-bernardin-balazs-p\/","title":{"rendered":"BUDNI Bern\u00e1rdin Bal\u00e1zs, P."},"content":{"rendered":"<p>K\u00e9zdiv\u00e1s\u00e1rhely, 1629., \u2020\u00a0Mikh\u00e1za, 1685. j\u00fan. 3.: szerzetes. \u2013 Ref. csal\u00e1db\u00f3l katoliz\u00e1lt. Ferencrendi szerzetes, be\u00f6lt\u00f6z\u00f6tt (1652. m\u00e1j. 25.), felszentelt\u00e9k (1656. aug. 25.), definitor (1665\u201367 \u00e9s 1678\u201381). <br \/><strong>Irod.:<\/strong> Gy\u00f6rgy: A ferencrendiek<\/br><\/p>\n","protected":false},"excerpt":{"rendered":"<p>K\u00e9zdiv\u00e1s\u00e1rhely, 1629., \u2020\u00a0Mikh\u00e1za, 1685. j\u00fan. 3.: szerzetes. \u2013 Ref. csal\u00e1db\u00f3l katoliz\u00e1lt. Ferencrendi szerzetes, be\u00f6lt\u00f6z\u00f6tt (1652. m\u00e1j. 25.), felszentelt\u00e9k (1656. aug. 25.), definitor (1665\u201367 \u00e9s 1678\u201381). Irod.: Gy\u00f6rgy: A ferencrendiek<\/p>\n","protected":false},"featured_media":0,"comment_status":"open","ping_status":"closed","template":"","meta":[],"product_brand":[],"product_cat":[137],"product_tag":[],"class_list":{"0":"post-5475","1":"product","2":"type-product","3":"status-publish","5":"product_cat-maros-megyei-eletrajzi-lexikon","7":"first","8":"instock","9":"shipping-taxable","10":"product-type-simple"},"_links":{"self":[{"href":"https:\/\/uj.adatbank.ro\/lexikon\/wp-json\/wp\/v2\/product\/5475","targetHints":{"allow":["GET"]}}],"collection":[{"href":"https:\/\/uj.adatbank.ro\/lexikon\/wp-json\/wp\/v2\/product"}],"about":[{"href":"https:\/\/uj.adatbank.ro\/lexikon\/wp-json\/wp\/v2\/types\/product"}],"replies":[{"embeddable":true,"href":"https:\/\/uj.adatbank.ro\/lexikon\/wp-json\/wp\/v2\/comments?post=5475"}],"wp:attachment":[{"href":"https:\/\/uj.adatbank.ro\/lexikon\/wp-json\/wp\/v2\/media?parent=5475"}],"wp:term":[{"taxonomy":"product_brand","embeddable":true,"href":"https:\/\/uj.adatbank.ro\/lexikon\/wp-json\/wp\/v2\/product_brand?post=5475"},{"taxonomy":"product_cat","embeddable":true,"href":"https:\/\/uj.adatbank.ro\/lexikon\/wp-json\/wp\/v2\/product_cat?post=5475"},{"taxonomy":"product_tag","embeddable":true,"href":"https:\/\/uj.adatbank.ro\/lexikon\/wp-json\/wp\/v2\/product_tag?post=5475"}],"curies":[{"name":"wp","href":"https:\/\/api.w.org\/{rel}","templated":true}]}}