{"id":5477,"date":"2025-06-28T17:16:26","date_gmt":"2025-06-28T15:16:26","guid":{"rendered":"https:\/\/uj.adatbank.ro\/lexikon\/termek\/buiu-ioan-%c2%a7-buiu-ion\/"},"modified":"2025-06-28T17:16:26","modified_gmt":"2025-06-28T15:16:26","slug":"buiu-ioan-%c2%a7-buiu-ion","status":"publish","type":"product","link":"https:\/\/uj.adatbank.ro\/lexikon\/termek\/buiu-ioan-%c2%a7-buiu-ion\/","title":{"rendered":"BUIU Ioan, \u00a7 Buiu, Ion"},"content":{"rendered":"<p>? \u2020\u00a0? : ort. pap. \u2013 Als\u00f3r\u00e9p\u00e1n szolg\u00e1lt, folkl\u00f3rgy\u0171jt\u0151. Als\u00f3r\u00e9p\u00e1n eln\u00f6ke az Astra \u00e9gisze alatt m\u0171k\u00f6d\u0151 falusi m\u0171vel\u0151d\u00e9si k\u00f6rnek (1930-as \u00e9vek). Kv.-on az Ort. Egyetemi Teol\u00f3gia szem\u00e9lyzeti oszt\u00e1ly\u00e1nak vezet\u0151jek\u00e9nt tev\u00e9kenykedett. <br \/><strong>Irod.:<\/strong> Netea: Astra; Netea V.; Nicoar\u0103 E.: Mur\u0103\u015f, Mur\u0103\u015f ap\u0103 lin\u0103 (Reghin, 1936)<\/br><\/p>\n","protected":false},"excerpt":{"rendered":"<p>? \u2020\u00a0? : ort. pap. \u2013 Als\u00f3r\u00e9p\u00e1n szolg\u00e1lt, folkl\u00f3rgy\u0171jt\u0151. Als\u00f3r\u00e9p\u00e1n eln\u00f6ke az Astra \u00e9gisze alatt m\u0171k\u00f6d\u0151 falusi m\u0171vel\u0151d\u00e9si k\u00f6rnek (1930-as \u00e9vek). Kv.-on az Ort. Egyetemi Teol\u00f3gia szem\u00e9lyzeti oszt\u00e1ly\u00e1nak vezet\u0151jek\u00e9nt tev\u00e9kenykedett. Irod.: Netea: Astra; Netea V.; Nicoar\u0103 E.: Mur\u0103\u015f, Mur\u0103\u015f ap\u0103 lin\u0103 (Reghin, 1936)<\/p>\n","protected":false},"featured_media":0,"comment_status":"open","ping_status":"closed","template":"","meta":[],"product_brand":[],"product_cat":[137],"product_tag":[],"class_list":{"0":"post-5477","1":"product","2":"type-product","3":"status-publish","5":"product_cat-maros-megyei-eletrajzi-lexikon","7":"first","8":"instock","9":"shipping-taxable","10":"product-type-simple"},"_links":{"self":[{"href":"https:\/\/uj.adatbank.ro\/lexikon\/wp-json\/wp\/v2\/product\/5477","targetHints":{"allow":["GET"]}}],"collection":[{"href":"https:\/\/uj.adatbank.ro\/lexikon\/wp-json\/wp\/v2\/product"}],"about":[{"href":"https:\/\/uj.adatbank.ro\/lexikon\/wp-json\/wp\/v2\/types\/product"}],"replies":[{"embeddable":true,"href":"https:\/\/uj.adatbank.ro\/lexikon\/wp-json\/wp\/v2\/comments?post=5477"}],"wp:attachment":[{"href":"https:\/\/uj.adatbank.ro\/lexikon\/wp-json\/wp\/v2\/media?parent=5477"}],"wp:term":[{"taxonomy":"product_brand","embeddable":true,"href":"https:\/\/uj.adatbank.ro\/lexikon\/wp-json\/wp\/v2\/product_brand?post=5477"},{"taxonomy":"product_cat","embeddable":true,"href":"https:\/\/uj.adatbank.ro\/lexikon\/wp-json\/wp\/v2\/product_cat?post=5477"},{"taxonomy":"product_tag","embeddable":true,"href":"https:\/\/uj.adatbank.ro\/lexikon\/wp-json\/wp\/v2\/product_tag?post=5477"}],"curies":[{"name":"wp","href":"https:\/\/api.w.org\/{rel}","templated":true}]}}