{"id":5481,"date":"2025-06-28T17:16:35","date_gmt":"2025-06-28T15:16:35","guid":{"rendered":"https:\/\/uj.adatbank.ro\/lexikon\/termek\/bujor-avram\/"},"modified":"2025-06-28T17:16:35","modified_gmt":"2025-06-28T15:16:35","slug":"bujor-avram","status":"publish","type":"product","link":"https:\/\/uj.adatbank.ro\/lexikon\/termek\/bujor-avram\/","title":{"rendered":"BUJOR Avram"},"content":{"rendered":"<p>? \u2020\u00a0? : tan\u00e1r. \u2013 A mv.-i liber\u00e1lis p\u00e1rt tagja (1930), a Bratianu vezette sz\u00e1rny frontembere (1931). <br \/><strong>Irod.:<\/strong> Id\u0151t\u00e1r 3<\/br><\/p>\n","protected":false},"excerpt":{"rendered":"<p>? \u2020\u00a0? : tan\u00e1r. \u2013 A mv.-i liber\u00e1lis p\u00e1rt tagja (1930), a Bratianu vezette sz\u00e1rny frontembere (1931). Irod.: Id\u0151t\u00e1r 3<\/p>\n","protected":false},"featured_media":0,"comment_status":"open","ping_status":"closed","template":"","meta":[],"product_brand":[],"product_cat":[137],"product_tag":[],"class_list":{"0":"post-5481","1":"product","2":"type-product","3":"status-publish","5":"product_cat-maros-megyei-eletrajzi-lexikon","7":"first","8":"instock","9":"shipping-taxable","10":"product-type-simple"},"_links":{"self":[{"href":"https:\/\/uj.adatbank.ro\/lexikon\/wp-json\/wp\/v2\/product\/5481","targetHints":{"allow":["GET"]}}],"collection":[{"href":"https:\/\/uj.adatbank.ro\/lexikon\/wp-json\/wp\/v2\/product"}],"about":[{"href":"https:\/\/uj.adatbank.ro\/lexikon\/wp-json\/wp\/v2\/types\/product"}],"replies":[{"embeddable":true,"href":"https:\/\/uj.adatbank.ro\/lexikon\/wp-json\/wp\/v2\/comments?post=5481"}],"wp:attachment":[{"href":"https:\/\/uj.adatbank.ro\/lexikon\/wp-json\/wp\/v2\/media?parent=5481"}],"wp:term":[{"taxonomy":"product_brand","embeddable":true,"href":"https:\/\/uj.adatbank.ro\/lexikon\/wp-json\/wp\/v2\/product_brand?post=5481"},{"taxonomy":"product_cat","embeddable":true,"href":"https:\/\/uj.adatbank.ro\/lexikon\/wp-json\/wp\/v2\/product_cat?post=5481"},{"taxonomy":"product_tag","embeddable":true,"href":"https:\/\/uj.adatbank.ro\/lexikon\/wp-json\/wp\/v2\/product_tag?post=5481"}],"curies":[{"name":"wp","href":"https:\/\/api.w.org\/{rel}","templated":true}]}}