{"id":5482,"date":"2025-06-28T17:16:36","date_gmt":"2025-06-28T15:16:36","guid":{"rendered":"https:\/\/uj.adatbank.ro\/lexikon\/termek\/bujor-ioan\/"},"modified":"2025-06-28T17:16:36","modified_gmt":"2025-06-28T15:16:36","slug":"bujor-ioan","status":"publish","type":"product","link":"https:\/\/uj.adatbank.ro\/lexikon\/termek\/bujor-ioan\/","title":{"rendered":"BUJOR Ioan"},"content":{"rendered":"<p>? \u2020\u00a0? : tan\u00e1r. \u2013 Dr. A Papiu L\u00edc.-ban tan\u00edtott (1926), a kereskedelmi iskol\u00e1ban (1928\u201329). <br \/><strong>Irod.:<\/strong> Id\u0151t\u00e1r 3.; \u00cenv. comercial econ.<\/br><\/p>\n","protected":false},"excerpt":{"rendered":"<p>? \u2020\u00a0? : tan\u00e1r. \u2013 Dr. A Papiu L\u00edc.-ban tan\u00edtott (1926), a kereskedelmi iskol\u00e1ban (1928\u201329). Irod.: Id\u0151t\u00e1r 3.; \u00cenv. comercial econ.<\/p>\n","protected":false},"featured_media":0,"comment_status":"open","ping_status":"closed","template":"","meta":[],"product_brand":[],"product_cat":[137],"product_tag":[],"class_list":{"0":"post-5482","1":"product","2":"type-product","3":"status-publish","5":"product_cat-maros-megyei-eletrajzi-lexikon","7":"first","8":"instock","9":"shipping-taxable","10":"product-type-simple"},"_links":{"self":[{"href":"https:\/\/uj.adatbank.ro\/lexikon\/wp-json\/wp\/v2\/product\/5482","targetHints":{"allow":["GET"]}}],"collection":[{"href":"https:\/\/uj.adatbank.ro\/lexikon\/wp-json\/wp\/v2\/product"}],"about":[{"href":"https:\/\/uj.adatbank.ro\/lexikon\/wp-json\/wp\/v2\/types\/product"}],"replies":[{"embeddable":true,"href":"https:\/\/uj.adatbank.ro\/lexikon\/wp-json\/wp\/v2\/comments?post=5482"}],"wp:attachment":[{"href":"https:\/\/uj.adatbank.ro\/lexikon\/wp-json\/wp\/v2\/media?parent=5482"}],"wp:term":[{"taxonomy":"product_brand","embeddable":true,"href":"https:\/\/uj.adatbank.ro\/lexikon\/wp-json\/wp\/v2\/product_brand?post=5482"},{"taxonomy":"product_cat","embeddable":true,"href":"https:\/\/uj.adatbank.ro\/lexikon\/wp-json\/wp\/v2\/product_cat?post=5482"},{"taxonomy":"product_tag","embeddable":true,"href":"https:\/\/uj.adatbank.ro\/lexikon\/wp-json\/wp\/v2\/product_tag?post=5482"}],"curies":[{"name":"wp","href":"https:\/\/api.w.org\/{rel}","templated":true}]}}