{"id":5484,"date":"2025-06-28T17:16:39","date_gmt":"2025-06-28T15:16:39","guid":{"rendered":"https:\/\/uj.adatbank.ro\/lexikon\/termek\/bukaresti-janos\/"},"modified":"2025-06-28T17:16:39","modified_gmt":"2025-06-28T15:16:39","slug":"bukaresti-janos","status":"publish","type":"product","link":"https:\/\/uj.adatbank.ro\/lexikon\/termek\/bukaresti-janos\/","title":{"rendered":"BUKARESTI J\u00e1nos"},"content":{"rendered":"<p>? \u2020\u00a0? : \u00e9p\u00edtkez\u00e9si v\u00e1llalkoz\u00f3. \u2013 Mv.-en volt v\u00e1llalkoz\u00e1sa, az olcs\u00f3bb telkeken \u00e9p\u00edtkezett (1921). <br \/><strong>Irod.:<\/strong> Id\u0151t\u00e1r 3<\/br><\/p>\n","protected":false},"excerpt":{"rendered":"<p>? \u2020\u00a0? : \u00e9p\u00edtkez\u00e9si v\u00e1llalkoz\u00f3. \u2013 Mv.-en volt v\u00e1llalkoz\u00e1sa, az olcs\u00f3bb telkeken \u00e9p\u00edtkezett (1921). Irod.: Id\u0151t\u00e1r 3<\/p>\n","protected":false},"featured_media":0,"comment_status":"open","ping_status":"closed","template":"","meta":[],"product_brand":[],"product_cat":[137],"product_tag":[],"class_list":{"0":"post-5484","1":"product","2":"type-product","3":"status-publish","5":"product_cat-maros-megyei-eletrajzi-lexikon","7":"first","8":"instock","9":"shipping-taxable","10":"product-type-simple"},"_links":{"self":[{"href":"https:\/\/uj.adatbank.ro\/lexikon\/wp-json\/wp\/v2\/product\/5484","targetHints":{"allow":["GET"]}}],"collection":[{"href":"https:\/\/uj.adatbank.ro\/lexikon\/wp-json\/wp\/v2\/product"}],"about":[{"href":"https:\/\/uj.adatbank.ro\/lexikon\/wp-json\/wp\/v2\/types\/product"}],"replies":[{"embeddable":true,"href":"https:\/\/uj.adatbank.ro\/lexikon\/wp-json\/wp\/v2\/comments?post=5484"}],"wp:attachment":[{"href":"https:\/\/uj.adatbank.ro\/lexikon\/wp-json\/wp\/v2\/media?parent=5484"}],"wp:term":[{"taxonomy":"product_brand","embeddable":true,"href":"https:\/\/uj.adatbank.ro\/lexikon\/wp-json\/wp\/v2\/product_brand?post=5484"},{"taxonomy":"product_cat","embeddable":true,"href":"https:\/\/uj.adatbank.ro\/lexikon\/wp-json\/wp\/v2\/product_cat?post=5484"},{"taxonomy":"product_tag","embeddable":true,"href":"https:\/\/uj.adatbank.ro\/lexikon\/wp-json\/wp\/v2\/product_tag?post=5484"}],"curies":[{"name":"wp","href":"https:\/\/api.w.org\/{rel}","templated":true}]}}