{"id":5485,"date":"2025-06-28T17:16:40","date_gmt":"2025-06-28T15:16:40","guid":{"rendered":"https:\/\/uj.adatbank.ro\/lexikon\/termek\/bukaresti-janos-bukaresti-bokor-janos\/"},"modified":"2025-06-28T17:16:40","modified_gmt":"2025-06-28T15:16:40","slug":"bukaresti-janos-bukaresti-bokor-janos","status":"publish","type":"product","link":"https:\/\/uj.adatbank.ro\/lexikon\/termek\/bukaresti-janos-bukaresti-bokor-janos\/","title":{"rendered":"BUKARESTI J\u00e1nos, Bukaresti Bokor J\u00e1nos"},"content":{"rendered":"<p>1819.? \u2020\u00a0Dics\u0151szentm\u00e1rton, 1894. jan. 10.: \u00e9p\u00edtkez\u00e9si v\u00e1llalkoz\u00f3. \u2013 Feles\u00e9ge: Gomb\u00e1s Poliz\u00e9nia. Gyermekeik: J\u00e1nos, Berta, Maetz Frigyesn\u00e9; J\u00falia Csat\u00f3 G\u00e1born\u00e9; G\u00e9za, Alad\u00e1r. \u2013 Pall\u00e9rmesterk\u00e9nt k\u00e9sz\u00edtette el az Elba-sz\u00ednk\u00f6rt Mv.-en (1862). <br \/><strong>Irod.:<\/strong> Gy\u00e1szjelent\u0151; Id\u0151t\u00e1r 2.<\/br><\/p>\n","protected":false},"excerpt":{"rendered":"<p>1819.? \u2020\u00a0Dics\u0151szentm\u00e1rton, 1894. jan. 10.: \u00e9p\u00edtkez\u00e9si v\u00e1llalkoz\u00f3. \u2013 Feles\u00e9ge: Gomb\u00e1s Poliz\u00e9nia. Gyermekeik: J\u00e1nos, Berta, Maetz Frigyesn\u00e9; J\u00falia Csat\u00f3 G\u00e1born\u00e9; G\u00e9za, Alad\u00e1r. \u2013 Pall\u00e9rmesterk\u00e9nt k\u00e9sz\u00edtette el az Elba-sz\u00ednk\u00f6rt Mv.-en (1862). Irod.: Gy\u00e1szjelent\u0151; Id\u0151t\u00e1r 2.<\/p>\n","protected":false},"featured_media":0,"comment_status":"open","ping_status":"closed","template":"","meta":[],"product_brand":[],"product_cat":[137],"product_tag":[],"class_list":{"0":"post-5485","1":"product","2":"type-product","3":"status-publish","5":"product_cat-maros-megyei-eletrajzi-lexikon","7":"first","8":"instock","9":"shipping-taxable","10":"product-type-simple"},"_links":{"self":[{"href":"https:\/\/uj.adatbank.ro\/lexikon\/wp-json\/wp\/v2\/product\/5485","targetHints":{"allow":["GET"]}}],"collection":[{"href":"https:\/\/uj.adatbank.ro\/lexikon\/wp-json\/wp\/v2\/product"}],"about":[{"href":"https:\/\/uj.adatbank.ro\/lexikon\/wp-json\/wp\/v2\/types\/product"}],"replies":[{"embeddable":true,"href":"https:\/\/uj.adatbank.ro\/lexikon\/wp-json\/wp\/v2\/comments?post=5485"}],"wp:attachment":[{"href":"https:\/\/uj.adatbank.ro\/lexikon\/wp-json\/wp\/v2\/media?parent=5485"}],"wp:term":[{"taxonomy":"product_brand","embeddable":true,"href":"https:\/\/uj.adatbank.ro\/lexikon\/wp-json\/wp\/v2\/product_brand?post=5485"},{"taxonomy":"product_cat","embeddable":true,"href":"https:\/\/uj.adatbank.ro\/lexikon\/wp-json\/wp\/v2\/product_cat?post=5485"},{"taxonomy":"product_tag","embeddable":true,"href":"https:\/\/uj.adatbank.ro\/lexikon\/wp-json\/wp\/v2\/product_tag?post=5485"}],"curies":[{"name":"wp","href":"https:\/\/api.w.org\/{rel}","templated":true}]}}