{"id":5487,"date":"2025-06-28T17:16:46","date_gmt":"2025-06-28T15:16:46","guid":{"rendered":"https:\/\/uj.adatbank.ro\/lexikon\/termek\/bukkosi-gyorgy-%c2%a7-vitez-bukkossy-gyorgy\/"},"modified":"2025-06-28T17:16:46","modified_gmt":"2025-06-28T15:16:46","slug":"bukkosi-gyorgy-%c2%a7-vitez-bukkossy-gyorgy","status":"publish","type":"product","link":"https:\/\/uj.adatbank.ro\/lexikon\/termek\/bukkosi-gyorgy-%c2%a7-vitez-bukkossy-gyorgy\/","title":{"rendered":"B\u00dcKK\u00d6SI Gy\u00f6rgy, \u00a7 vit\u00e9z B\u00fckk\u00f6ssy Gy\u00f6rgy"},"content":{"rendered":"<p>Mv., ? \u2020\u00a0? : v\u00e1rosi tisztvisel\u0151. \u2013 Egy B\u00fckk\u00f6si Gy\u00f6rgy asztalosmester volt Mv.-en (hirdet\u00e9\u00e9se 1912), tal\u00e1n apja v. rokona. Akt\u00edv tagja az MSE labdar\u00fag\u00f3 \u00e9s atl\u00e9tikai szakoszt\u00e1ly\u00e1nak (1900\u2013). R\u00f6vidt\u00e1vfut\u00e1sban, t\u00e1volugr\u00e1sban \u00e9s s\u00falydob\u00e1sban t\u00f6bb els\u0151 \u00e9s m\u00e1sodik helyez\u00e9st \u00e9rt el. A futball csapat tagja. Mv. egyik legr\u00e9gibb sportembere. Az imp\u00e9riumv\u00e1lt\u00e1s ut\u00e1n mint vizsg\u00e1zott b\u00edr\u00f3, eln\u00f6ke volt a J\u00e1t\u00e9kvezet\u0151k Test\u00fclet\u00e9nek, ahonnan azt\u00e1n kil\u00e9pett. Joghallgat\u00f3 volt az I. vh. idej\u00e9n, \u00f6nk\u00e9ntes szakszvezet\u0151 a 62. gyalogezredben, az I. oszt. ez\u00fcst vit\u00e9zs\u00e9gi \u00e9rem tulajdonosa. <br \/><strong>Irod.:<\/strong> Ily\u00e9s; Kl\u00f3sz B\u00e1lint; Mv. \u00e9s a h\u00e1bor\u00fa 2.; Mv.-i labdar\u00fag\u00e1s; Pluh\u00e1r; Pro patria; Szentgy\u00f6rgyi<\/br><\/p>\n","protected":false},"excerpt":{"rendered":"<p>Mv., ? \u2020\u00a0? : v\u00e1rosi tisztvisel\u0151. \u2013 Egy B\u00fckk\u00f6si Gy\u00f6rgy asztalosmester volt Mv.-en (hirdet\u00e9\u00e9se 1912), tal\u00e1n apja v. rokona. Akt\u00edv tagja az MSE labdar\u00fag\u00f3 \u00e9s atl\u00e9tikai szakoszt\u00e1ly\u00e1nak (1900\u2013). R\u00f6vidt\u00e1vfut\u00e1sban, t\u00e1volugr\u00e1sban \u00e9s s\u00falydob\u00e1sban t\u00f6bb els\u0151 \u00e9s m\u00e1sodik helyez\u00e9st \u00e9rt el. A futball csapat tagja. Mv. egyik legr\u00e9gibb sportembere. Az imp\u00e9riumv\u00e1lt\u00e1s ut\u00e1n mint vizsg\u00e1zott b\u00edr\u00f3, eln\u00f6ke volt [&hellip;]<\/p>\n","protected":false},"featured_media":0,"comment_status":"open","ping_status":"closed","template":"","meta":[],"product_brand":[],"product_cat":[137],"product_tag":[],"class_list":{"0":"post-5487","1":"product","2":"type-product","3":"status-publish","5":"product_cat-maros-megyei-eletrajzi-lexikon","7":"first","8":"instock","9":"shipping-taxable","10":"product-type-simple"},"_links":{"self":[{"href":"https:\/\/uj.adatbank.ro\/lexikon\/wp-json\/wp\/v2\/product\/5487","targetHints":{"allow":["GET"]}}],"collection":[{"href":"https:\/\/uj.adatbank.ro\/lexikon\/wp-json\/wp\/v2\/product"}],"about":[{"href":"https:\/\/uj.adatbank.ro\/lexikon\/wp-json\/wp\/v2\/types\/product"}],"replies":[{"embeddable":true,"href":"https:\/\/uj.adatbank.ro\/lexikon\/wp-json\/wp\/v2\/comments?post=5487"}],"wp:attachment":[{"href":"https:\/\/uj.adatbank.ro\/lexikon\/wp-json\/wp\/v2\/media?parent=5487"}],"wp:term":[{"taxonomy":"product_brand","embeddable":true,"href":"https:\/\/uj.adatbank.ro\/lexikon\/wp-json\/wp\/v2\/product_brand?post=5487"},{"taxonomy":"product_cat","embeddable":true,"href":"https:\/\/uj.adatbank.ro\/lexikon\/wp-json\/wp\/v2\/product_cat?post=5487"},{"taxonomy":"product_tag","embeddable":true,"href":"https:\/\/uj.adatbank.ro\/lexikon\/wp-json\/wp\/v2\/product_tag?post=5487"}],"curies":[{"name":"wp","href":"https:\/\/api.w.org\/{rel}","templated":true}]}}