{"id":5488,"date":"2025-06-28T17:16:47","date_gmt":"2025-06-28T15:16:47","guid":{"rendered":"https:\/\/uj.adatbank.ro\/lexikon\/termek\/bukkosi-gyula-%c2%a7-bukkosy-gyula\/"},"modified":"2025-06-28T17:16:47","modified_gmt":"2025-06-28T15:16:47","slug":"bukkosi-gyula-%c2%a7-bukkosy-gyula","status":"publish","type":"product","link":"https:\/\/uj.adatbank.ro\/lexikon\/termek\/bukkosi-gyula-%c2%a7-bukkosy-gyula\/","title":{"rendered":"B\u00dcKK\u00d6SI Gyula, \u00a7 B\u00fckk\u00f6sy Gyula"},"content":{"rendered":"<p>1885., \u2020\u00a0Mv., 1931. m\u00e1rc. 17.: jog\u00e1sz. \u2013 B. Gy\u00f6rgy \u00e9s Szab\u00f3 Lujza fia. Testv\u00e9re: B. Gy\u00f6rgy. Feles\u00e9ge: Dudutz \u00c1gnes, \u00e9nekes. Fi\u00fak: Gy\u00f6rgy (1920\u2013). \u2013 Mv.-en v\u00e1rosi aljegyz\u0151, dr., a Kv.-i Hitelbank tisztvisel\u0151je. R\u00e9szt vett az I. vh.-ban, a 62. ezred tartal\u00e9kos hadnagya. A lak\u00e1shivatal \u00e9l\u00e9re nevezt\u00e9k ki (1921). <br \/><strong>Irod.:<\/strong> Gy\u00e1szjelent\u0151; Id\u0151t\u00e1r 3; Mv. \u00e9s a h\u00e1bor\u00fa 2; Marosi-KZST<\/br><\/p>\n","protected":false},"excerpt":{"rendered":"<p>1885., \u2020\u00a0Mv., 1931. m\u00e1rc. 17.: jog\u00e1sz. \u2013 B. Gy\u00f6rgy \u00e9s Szab\u00f3 Lujza fia. Testv\u00e9re: B. Gy\u00f6rgy. Feles\u00e9ge: Dudutz \u00c1gnes, \u00e9nekes. Fi\u00fak: Gy\u00f6rgy (1920\u2013). \u2013 Mv.-en v\u00e1rosi aljegyz\u0151, dr., a Kv.-i Hitelbank tisztvisel\u0151je. R\u00e9szt vett az I. vh.-ban, a 62. ezred tartal\u00e9kos hadnagya. A lak\u00e1shivatal \u00e9l\u00e9re nevezt\u00e9k ki (1921). Irod.: Gy\u00e1szjelent\u0151; Id\u0151t\u00e1r 3; Mv. \u00e9s a [&hellip;]<\/p>\n","protected":false},"featured_media":0,"comment_status":"open","ping_status":"closed","template":"","meta":[],"product_brand":[],"product_cat":[137],"product_tag":[],"class_list":{"0":"post-5488","1":"product","2":"type-product","3":"status-publish","5":"product_cat-maros-megyei-eletrajzi-lexikon","7":"first","8":"instock","9":"shipping-taxable","10":"product-type-simple"},"_links":{"self":[{"href":"https:\/\/uj.adatbank.ro\/lexikon\/wp-json\/wp\/v2\/product\/5488","targetHints":{"allow":["GET"]}}],"collection":[{"href":"https:\/\/uj.adatbank.ro\/lexikon\/wp-json\/wp\/v2\/product"}],"about":[{"href":"https:\/\/uj.adatbank.ro\/lexikon\/wp-json\/wp\/v2\/types\/product"}],"replies":[{"embeddable":true,"href":"https:\/\/uj.adatbank.ro\/lexikon\/wp-json\/wp\/v2\/comments?post=5488"}],"wp:attachment":[{"href":"https:\/\/uj.adatbank.ro\/lexikon\/wp-json\/wp\/v2\/media?parent=5488"}],"wp:term":[{"taxonomy":"product_brand","embeddable":true,"href":"https:\/\/uj.adatbank.ro\/lexikon\/wp-json\/wp\/v2\/product_brand?post=5488"},{"taxonomy":"product_cat","embeddable":true,"href":"https:\/\/uj.adatbank.ro\/lexikon\/wp-json\/wp\/v2\/product_cat?post=5488"},{"taxonomy":"product_tag","embeddable":true,"href":"https:\/\/uj.adatbank.ro\/lexikon\/wp-json\/wp\/v2\/product_tag?post=5488"}],"curies":[{"name":"wp","href":"https:\/\/api.w.org\/{rel}","templated":true}]}}