{"id":5490,"date":"2025-06-28T17:16:50","date_gmt":"2025-06-28T15:16:50","guid":{"rendered":"https:\/\/uj.adatbank.ro\/lexikon\/termek\/bukowski-carol\/"},"modified":"2025-06-28T17:16:50","modified_gmt":"2025-06-28T15:16:50","slug":"bukowski-carol","status":"publish","type":"product","link":"https:\/\/uj.adatbank.ro\/lexikon\/termek\/bukowski-carol\/","title":{"rendered":"BUKOWSKI Carol"},"content":{"rendered":"<p>B\u00e9cs, 1910.?, \u2020\u00a0?\u00a0: fizikatan\u00e1r. \u2013 Segesv\u00e1ron tan\u00edtott (1939\u2013). \u00c9ltan\u00e1r c\u00edmmel \u00e9s a Katonai Er\u00e9ny (Virtutea militar\u0103) I. fokozat\u00e1val t\u00fcntett\u00e9k ki. <br \/><strong>Irod.:<\/strong> Omagiu<\/br><\/p>\n","protected":false},"excerpt":{"rendered":"<p>B\u00e9cs, 1910.?, \u2020\u00a0?\u00a0: fizikatan\u00e1r. \u2013 Segesv\u00e1ron tan\u00edtott (1939\u2013). \u00c9ltan\u00e1r c\u00edmmel \u00e9s a Katonai Er\u00e9ny (Virtutea militar\u0103) I. fokozat\u00e1val t\u00fcntett\u00e9k ki. Irod.: Omagiu<\/p>\n","protected":false},"featured_media":0,"comment_status":"open","ping_status":"closed","template":"","meta":[],"product_brand":[],"product_cat":[137],"product_tag":[],"class_list":{"0":"post-5490","1":"product","2":"type-product","3":"status-publish","5":"product_cat-maros-megyei-eletrajzi-lexikon","7":"first","8":"instock","9":"shipping-taxable","10":"product-type-simple"},"_links":{"self":[{"href":"https:\/\/uj.adatbank.ro\/lexikon\/wp-json\/wp\/v2\/product\/5490","targetHints":{"allow":["GET"]}}],"collection":[{"href":"https:\/\/uj.adatbank.ro\/lexikon\/wp-json\/wp\/v2\/product"}],"about":[{"href":"https:\/\/uj.adatbank.ro\/lexikon\/wp-json\/wp\/v2\/types\/product"}],"replies":[{"embeddable":true,"href":"https:\/\/uj.adatbank.ro\/lexikon\/wp-json\/wp\/v2\/comments?post=5490"}],"wp:attachment":[{"href":"https:\/\/uj.adatbank.ro\/lexikon\/wp-json\/wp\/v2\/media?parent=5490"}],"wp:term":[{"taxonomy":"product_brand","embeddable":true,"href":"https:\/\/uj.adatbank.ro\/lexikon\/wp-json\/wp\/v2\/product_brand?post=5490"},{"taxonomy":"product_cat","embeddable":true,"href":"https:\/\/uj.adatbank.ro\/lexikon\/wp-json\/wp\/v2\/product_cat?post=5490"},{"taxonomy":"product_tag","embeddable":true,"href":"https:\/\/uj.adatbank.ro\/lexikon\/wp-json\/wp\/v2\/product_tag?post=5490"}],"curies":[{"name":"wp","href":"https:\/\/api.w.org\/{rel}","templated":true}]}}