{"id":5495,"date":"2025-06-28T17:17:00","date_gmt":"2025-06-28T15:17:00","guid":{"rendered":"https:\/\/uj.adatbank.ro\/lexikon\/termek\/bukuresti-janos-bukuresti-bodor-janos-bokor-janos-bukuresti-johann\/"},"modified":"2025-06-28T17:17:00","modified_gmt":"2025-06-28T15:17:00","slug":"bukuresti-janos-bukuresti-bodor-janos-bokor-janos-bukuresti-johann","status":"publish","type":"product","link":"https:\/\/uj.adatbank.ro\/lexikon\/termek\/bukuresti-janos-bukuresti-bodor-janos-bokor-janos-bukuresti-johann\/","title":{"rendered":"BUKURESTI J\u00e1nos, Bukuresti (Bodor) J\u00e1nos, Bokor J\u00e1nos, Bukuresti Johann"},"content":{"rendered":"<p>Mv., 1849. febr. 1., \u2020\u00a01902.: matematikus, tan\u00e1r. \u2013 Tanult Mv.-en, Bp.-en a m\u0171egyetemen. Teleki Domokos gernyeszegi uradalm\u00e1ban v\u00e9gezte a gazdas\u00e1gi gyakolatot; a debreceni fels\u0151bb gazdas\u00e1gi int\u00e9zetben tanult, ahol tan\u00e1r is volt (1872\u201376); innen Kass\u00e1ra ment ahonnan a F\u00f6ldm\u0171vel\u00e9si Miniszt\u00e9rium \u00e1llami \u00f6szt\u00f6nd\u00edjjal a hallei egyetemre k\u00fcldte a term\u00e9szettudom\u00e1nyok \u00e9s a n\u00f6v\u00e9ny-termeszt\u00e9si szak tanulm\u00e1nyoz\u00e1s\u00e1ra; a kassai gazdas\u00e1gi int\u00e9zetben matematik\u00e1t tan\u00edtott (1881\u2013); a megye gazdas\u00e1gi egyes\u00fclet\u00e9nek titk\u00e1ra. Szerk.-te az int\u00e9zet \u00c9rtes\u00edt\u0151j\u00e9t (1878) \u00e9s a Gazdas\u00e1gi K\u00f6zl\u00f6ny c. lapot (1881\u2013). Szaklapokban jelentek meg gazdas\u00e1gi cikkei. \u2013 <strong>F. m.:<\/strong> Sz\u00e1mtan (Kassa, 1978, 1885); Gazdas\u00e1gi sz\u00e1mol\u00f3 tanul\u00f3 gyakorl\u00f3 gazd\u00e1k sz\u00e1m\u00e1ra (Kassa, 1884); A kassai arat\u00f3g\u00e9ppr\u00f3ba (Kassa, 1884); A parasztbirtok \u00e1llapota Abauj-Tornamegy\u00e9ben (Bp., 1885); A kassai gazdas\u00e1gi eszk\u00f6z \u00e9s g\u00e9pkis\u00e9rleti \u00e1llom\u00e1s kis\u00e9rletei (Kassa, 1887). <br \/><strong>Irod.:<\/strong> Szinnyei<\/br><\/p>\n","protected":false},"excerpt":{"rendered":"<p>Mv., 1849. febr. 1., \u2020\u00a01902.: matematikus, tan\u00e1r. \u2013 Tanult Mv.-en, Bp.-en a m\u0171egyetemen. Teleki Domokos gernyeszegi uradalm\u00e1ban v\u00e9gezte a gazdas\u00e1gi gyakolatot; a debreceni fels\u0151bb gazdas\u00e1gi int\u00e9zetben tanult, ahol tan\u00e1r is volt (1872\u201376); innen Kass\u00e1ra ment ahonnan a F\u00f6ldm\u0171vel\u00e9si Miniszt\u00e9rium \u00e1llami \u00f6szt\u00f6nd\u00edjjal a hallei egyetemre k\u00fcldte a term\u00e9szettudom\u00e1nyok \u00e9s a n\u00f6v\u00e9ny-termeszt\u00e9si szak tanulm\u00e1nyoz\u00e1s\u00e1ra; a kassai gazdas\u00e1gi [&hellip;]<\/p>\n","protected":false},"featured_media":0,"comment_status":"open","ping_status":"closed","template":"","meta":[],"product_brand":[],"product_cat":[137],"product_tag":[],"class_list":{"0":"post-5495","1":"product","2":"type-product","3":"status-publish","5":"product_cat-maros-megyei-eletrajzi-lexikon","7":"first","8":"instock","9":"shipping-taxable","10":"product-type-simple"},"_links":{"self":[{"href":"https:\/\/uj.adatbank.ro\/lexikon\/wp-json\/wp\/v2\/product\/5495","targetHints":{"allow":["GET"]}}],"collection":[{"href":"https:\/\/uj.adatbank.ro\/lexikon\/wp-json\/wp\/v2\/product"}],"about":[{"href":"https:\/\/uj.adatbank.ro\/lexikon\/wp-json\/wp\/v2\/types\/product"}],"replies":[{"embeddable":true,"href":"https:\/\/uj.adatbank.ro\/lexikon\/wp-json\/wp\/v2\/comments?post=5495"}],"wp:attachment":[{"href":"https:\/\/uj.adatbank.ro\/lexikon\/wp-json\/wp\/v2\/media?parent=5495"}],"wp:term":[{"taxonomy":"product_brand","embeddable":true,"href":"https:\/\/uj.adatbank.ro\/lexikon\/wp-json\/wp\/v2\/product_brand?post=5495"},{"taxonomy":"product_cat","embeddable":true,"href":"https:\/\/uj.adatbank.ro\/lexikon\/wp-json\/wp\/v2\/product_cat?post=5495"},{"taxonomy":"product_tag","embeddable":true,"href":"https:\/\/uj.adatbank.ro\/lexikon\/wp-json\/wp\/v2\/product_tag?post=5495"}],"curies":[{"name":"wp","href":"https:\/\/api.w.org\/{rel}","templated":true}]}}