{"id":5498,"date":"2025-06-28T17:17:07","date_gmt":"2025-06-28T15:17:07","guid":{"rendered":"https:\/\/uj.adatbank.ro\/lexikon\/termek\/bulgar-laszlo\/"},"modified":"2025-06-28T17:17:07","modified_gmt":"2025-06-28T15:17:07","slug":"bulgar-laszlo","status":"publish","type":"product","link":"https:\/\/uj.adatbank.ro\/lexikon\/termek\/bulgar-laszlo\/","title":{"rendered":"BULG\u00c1R L\u00e1szl\u00f3"},"content":{"rendered":"<p>? \u2020 ? : magister. \u2013 A Sz\u0171z M\u00e1ria tisztelet\u00e9re szentelt szentkir\u00e1lyi P\u00e1los kolostort \u0151 \u00e9p\u00edttette T\u00f3th J\u00e1nossal egy\u00fctt (1350). Egy udvarh\u00e1zat adom\u00e1nyozott a remet\u00e9knek Szent Istv\u00e1n kir. szentegyh\u00e1z\u00e1nak pl\u00e9b\u00e1ni\u00e1ja mellett (1372) \u00e9s a falu hat\u00e1r\u00e1ban egy halastavat. <br \/><strong>Irod.:<\/strong> Darvas-Kozma J\u00f3zsef: A p\u00e1losok Erd\u00e9lyben (N\u00fa., Sz\u00ednes Vil\u00e1g, 2011. m\u00e1j. 7.); Id\u0151t\u00e1r 1.; Kr\u00f3n F\u00fcz (1936. 16\u201317); L\u00e9sty\u00e1n \u2013 templomok 1.<\/br><\/p>\n","protected":false},"excerpt":{"rendered":"<p>? \u2020 ? : magister. \u2013 A Sz\u0171z M\u00e1ria tisztelet\u00e9re szentelt szentkir\u00e1lyi P\u00e1los kolostort \u0151 \u00e9p\u00edttette T\u00f3th J\u00e1nossal egy\u00fctt (1350). Egy udvarh\u00e1zat adom\u00e1nyozott a remet\u00e9knek Szent Istv\u00e1n kir. szentegyh\u00e1z\u00e1nak pl\u00e9b\u00e1ni\u00e1ja mellett (1372) \u00e9s a falu hat\u00e1r\u00e1ban egy halastavat. Irod.: Darvas-Kozma J\u00f3zsef: A p\u00e1losok Erd\u00e9lyben (N\u00fa., Sz\u00ednes Vil\u00e1g, 2011. m\u00e1j. 7.); Id\u0151t\u00e1r 1.; Kr\u00f3n F\u00fcz (1936. [&hellip;]<\/p>\n","protected":false},"featured_media":0,"comment_status":"open","ping_status":"closed","template":"","meta":[],"product_brand":[],"product_cat":[137],"product_tag":[],"class_list":{"0":"post-5498","1":"product","2":"type-product","3":"status-publish","5":"product_cat-maros-megyei-eletrajzi-lexikon","7":"first","8":"instock","9":"shipping-taxable","10":"product-type-simple"},"_links":{"self":[{"href":"https:\/\/uj.adatbank.ro\/lexikon\/wp-json\/wp\/v2\/product\/5498","targetHints":{"allow":["GET"]}}],"collection":[{"href":"https:\/\/uj.adatbank.ro\/lexikon\/wp-json\/wp\/v2\/product"}],"about":[{"href":"https:\/\/uj.adatbank.ro\/lexikon\/wp-json\/wp\/v2\/types\/product"}],"replies":[{"embeddable":true,"href":"https:\/\/uj.adatbank.ro\/lexikon\/wp-json\/wp\/v2\/comments?post=5498"}],"wp:attachment":[{"href":"https:\/\/uj.adatbank.ro\/lexikon\/wp-json\/wp\/v2\/media?parent=5498"}],"wp:term":[{"taxonomy":"product_brand","embeddable":true,"href":"https:\/\/uj.adatbank.ro\/lexikon\/wp-json\/wp\/v2\/product_brand?post=5498"},{"taxonomy":"product_cat","embeddable":true,"href":"https:\/\/uj.adatbank.ro\/lexikon\/wp-json\/wp\/v2\/product_cat?post=5498"},{"taxonomy":"product_tag","embeddable":true,"href":"https:\/\/uj.adatbank.ro\/lexikon\/wp-json\/wp\/v2\/product_tag?post=5498"}],"curies":[{"name":"wp","href":"https:\/\/api.w.org\/{rel}","templated":true}]}}