{"id":5502,"date":"2025-06-28T17:17:12","date_gmt":"2025-06-28T15:17:12","guid":{"rendered":"https:\/\/uj.adatbank.ro\/lexikon\/termek\/burda-zoltan\/"},"modified":"2025-06-28T17:17:12","modified_gmt":"2025-06-28T15:17:12","slug":"burda-zoltan","status":"publish","type":"product","link":"https:\/\/uj.adatbank.ro\/lexikon\/termek\/burda-zoltan\/","title":{"rendered":"BURDA Zolt\u00e1n"},"content":{"rendered":"<p>1927., \u2020 Mv., 1998. okt. 6.: tan\u00e1r, biol\u00f3gus. \u2013 Feles\u00e9ge: \u00c1gnes, term\u00e9szetrajztan\u00e1rn\u0151. \u2013 Mindketten a sz\u00e1szr\u00e9geni M. Tannyelv\u0171 Pedag\u00f3giai Iskol\u00e1ban fizik\u00e1t \u00e9s k\u00e9mi\u00e1t ill. term\u00e9szetrajzot tan\u00edtottak (1952\u201356). Mv.-re k\u00f6lt\u00f6ztek. A mv.-i M\u0171v\u00e9szeti iskol\u00e1ban tan\u00edtott biol\u00f3gi\u00e1t. <br \/><strong>Irod.:<\/strong> Csern\u00e1toni; [Nekrol\u00f3g] (N\u00fa., 1998. okt. 7.); Bocskay Vince: A tan\u00e1rt B. Z.-nak h\u00edvt\u00e1k (N\u00fa., 1998. nov. 24.); Szab\u00f3 K. Attila<\/br><\/p>\n","protected":false},"excerpt":{"rendered":"<p>1927., \u2020 Mv., 1998. okt. 6.: tan\u00e1r, biol\u00f3gus. \u2013 Feles\u00e9ge: \u00c1gnes, term\u00e9szetrajztan\u00e1rn\u0151. \u2013 Mindketten a sz\u00e1szr\u00e9geni M. Tannyelv\u0171 Pedag\u00f3giai Iskol\u00e1ban fizik\u00e1t \u00e9s k\u00e9mi\u00e1t ill. term\u00e9szetrajzot tan\u00edtottak (1952\u201356). Mv.-re k\u00f6lt\u00f6ztek. A mv.-i M\u0171v\u00e9szeti iskol\u00e1ban tan\u00edtott biol\u00f3gi\u00e1t. Irod.: Csern\u00e1toni; [Nekrol\u00f3g] (N\u00fa., 1998. okt. 7.); Bocskay Vince: A tan\u00e1rt B. Z.-nak h\u00edvt\u00e1k (N\u00fa., 1998. nov. 24.); Szab\u00f3 K. [&hellip;]<\/p>\n","protected":false},"featured_media":0,"comment_status":"open","ping_status":"closed","template":"","meta":[],"product_brand":[],"product_cat":[137],"product_tag":[],"class_list":{"0":"post-5502","1":"product","2":"type-product","3":"status-publish","5":"product_cat-maros-megyei-eletrajzi-lexikon","7":"first","8":"instock","9":"shipping-taxable","10":"product-type-simple"},"_links":{"self":[{"href":"https:\/\/uj.adatbank.ro\/lexikon\/wp-json\/wp\/v2\/product\/5502","targetHints":{"allow":["GET"]}}],"collection":[{"href":"https:\/\/uj.adatbank.ro\/lexikon\/wp-json\/wp\/v2\/product"}],"about":[{"href":"https:\/\/uj.adatbank.ro\/lexikon\/wp-json\/wp\/v2\/types\/product"}],"replies":[{"embeddable":true,"href":"https:\/\/uj.adatbank.ro\/lexikon\/wp-json\/wp\/v2\/comments?post=5502"}],"wp:attachment":[{"href":"https:\/\/uj.adatbank.ro\/lexikon\/wp-json\/wp\/v2\/media?parent=5502"}],"wp:term":[{"taxonomy":"product_brand","embeddable":true,"href":"https:\/\/uj.adatbank.ro\/lexikon\/wp-json\/wp\/v2\/product_brand?post=5502"},{"taxonomy":"product_cat","embeddable":true,"href":"https:\/\/uj.adatbank.ro\/lexikon\/wp-json\/wp\/v2\/product_cat?post=5502"},{"taxonomy":"product_tag","embeddable":true,"href":"https:\/\/uj.adatbank.ro\/lexikon\/wp-json\/wp\/v2\/product_tag?post=5502"}],"curies":[{"name":"wp","href":"https:\/\/api.w.org\/{rel}","templated":true}]}}