{"id":5503,"date":"2025-06-28T17:17:14","date_gmt":"2025-06-28T15:17:14","guid":{"rendered":"https:\/\/uj.adatbank.ro\/lexikon\/termek\/burdacs-alajos-kopcsanyi\/"},"modified":"2025-06-28T17:17:14","modified_gmt":"2025-06-28T15:17:14","slug":"burdacs-alajos-kopcsanyi","status":"publish","type":"product","link":"https:\/\/uj.adatbank.ro\/lexikon\/termek\/burdacs-alajos-kopcsanyi\/","title":{"rendered":"BURD\u00c1CS Alajos, kopcs\u00e1nyi"},"content":{"rendered":"<p>1832., \u2020\u00a0Mv., 1902. nov. 26.: gy\u00f3gyszer\u00e9sz. \u2013 N\u0151v\u00e9re: B. Katalin. Feles\u00e9ge Cs\u00edky Irma (1845\u20131906). Gyermekei: B\u00e9la; Irma, m. Kir. Honv\u00e9d \u0151rnagy nagysolymosi Koncz Henrikn\u00e9. \u2013 Gy\u00f3gyszer\u00e9sz oklevelet szerzett B\u00e9csben (1854). Feles\u00e9ge r\u00e9v\u00e9n ker\u00fclt rokons\u00e1gba Cs\u00edky Ferenc gy\u00f3gyszer\u00e9sszel \u00e9s Cs\u00edky Ferenc mv.-i Szentl\u00e9lek gy\u00f3gyszert\u00e1r\u00e1t b\u00e9relte (1869\u201372), majd tulajdonosa volt (1872\u201383; 89\u201391). Az \u00c1ltal\u00e1nos Magyaro.-i Gy\u00f3gyszer\u00e9szek Egylet\u00e9nek Erd\u00e9ly ter\u00fclet\u00e9re es\u0151 VI. ker. 2. j\u00e1r\u00e1s\u00e1nak aleln\u00f6ke (1874\u201381, 1886\u201391) Az Erd\u00e9lyi Kereskedelmi \u00e1s Hitelbank egyik igazgat\u00f3ja. Bankigazgat\u00f3s\u00e1ga mellett ipari \u00e9rdekei is voltak, az Erd\u0151vid\u00e9ki B\u00e1nyaegylet Rt. igazgat\u00f3s\u00e1gi tagja volt (1886). A Mv.-i Kaszin\u00f3 v\u00e1lasztm\u00e1nyi tagja (1883\u2013). <br \/><strong>Irod.:<\/strong> Bi\u00e1s Istv\u00e1n; Gy\u00e1szjelent\u0151; L\u00e1szl\u00f3 L\u00f3r\u00e1nt: Mv. legnagyobb ad\u00f3fizet\u0151i 1881\u20131916 (eda. eme. ro 2010); P\u00e9ter H. M.; P\u00e9ter H. M. 2013<\/br><\/p>\n","protected":false},"excerpt":{"rendered":"<p>1832., \u2020\u00a0Mv., 1902. nov. 26.: gy\u00f3gyszer\u00e9sz. \u2013 N\u0151v\u00e9re: B. Katalin. Feles\u00e9ge Cs\u00edky Irma (1845\u20131906). Gyermekei: B\u00e9la; Irma, m. Kir. Honv\u00e9d \u0151rnagy nagysolymosi Koncz Henrikn\u00e9. \u2013 Gy\u00f3gyszer\u00e9sz oklevelet szerzett B\u00e9csben (1854). Feles\u00e9ge r\u00e9v\u00e9n ker\u00fclt rokons\u00e1gba Cs\u00edky Ferenc gy\u00f3gyszer\u00e9sszel \u00e9s Cs\u00edky Ferenc mv.-i Szentl\u00e9lek gy\u00f3gyszert\u00e1r\u00e1t b\u00e9relte (1869\u201372), majd tulajdonosa volt (1872\u201383; 89\u201391). Az \u00c1ltal\u00e1nos Magyaro.-i Gy\u00f3gyszer\u00e9szek Egylet\u00e9nek [&hellip;]<\/p>\n","protected":false},"featured_media":0,"comment_status":"open","ping_status":"closed","template":"","meta":[],"product_brand":[],"product_cat":[137],"product_tag":[],"class_list":{"0":"post-5503","1":"product","2":"type-product","3":"status-publish","5":"product_cat-maros-megyei-eletrajzi-lexikon","7":"first","8":"instock","9":"shipping-taxable","10":"product-type-simple"},"_links":{"self":[{"href":"https:\/\/uj.adatbank.ro\/lexikon\/wp-json\/wp\/v2\/product\/5503","targetHints":{"allow":["GET"]}}],"collection":[{"href":"https:\/\/uj.adatbank.ro\/lexikon\/wp-json\/wp\/v2\/product"}],"about":[{"href":"https:\/\/uj.adatbank.ro\/lexikon\/wp-json\/wp\/v2\/types\/product"}],"replies":[{"embeddable":true,"href":"https:\/\/uj.adatbank.ro\/lexikon\/wp-json\/wp\/v2\/comments?post=5503"}],"wp:attachment":[{"href":"https:\/\/uj.adatbank.ro\/lexikon\/wp-json\/wp\/v2\/media?parent=5503"}],"wp:term":[{"taxonomy":"product_brand","embeddable":true,"href":"https:\/\/uj.adatbank.ro\/lexikon\/wp-json\/wp\/v2\/product_brand?post=5503"},{"taxonomy":"product_cat","embeddable":true,"href":"https:\/\/uj.adatbank.ro\/lexikon\/wp-json\/wp\/v2\/product_cat?post=5503"},{"taxonomy":"product_tag","embeddable":true,"href":"https:\/\/uj.adatbank.ro\/lexikon\/wp-json\/wp\/v2\/product_tag?post=5503"}],"curies":[{"name":"wp","href":"https:\/\/api.w.org\/{rel}","templated":true}]}}