{"id":5504,"date":"2025-06-28T17:17:16","date_gmt":"2025-06-28T15:17:16","guid":{"rendered":"https:\/\/uj.adatbank.ro\/lexikon\/termek\/burdacs-bela-kopcsanyi\/"},"modified":"2025-06-28T17:17:16","modified_gmt":"2025-06-28T15:17:16","slug":"burdacs-bela-kopcsanyi","status":"publish","type":"product","link":"https:\/\/uj.adatbank.ro\/lexikon\/termek\/burdacs-bela-kopcsanyi\/","title":{"rendered":"BURD\u00c1CS B\u00e9la, kopcs\u00e1nyi"},"content":{"rendered":"<p>1863., \u2020\u00a0Mv., 1912.: gy\u00f3gyszer\u00e9sz. \u2013 Alajos, gy\u00f3gyszer\u00e9sz \u00e9s Cs\u00edky Irma fia.- B\u00e9csben Egy. Gy\u00f3gyszer\u00e9sz Kar\u00e1n tanult (1883\u201385), Kv.-on kapott gy\u00f3gyszer\u00e9sz oklevelet (1887). A mv.-i Szentl\u00e9lek gy\u00f3gyszert\u00e1rat \u00f6r\u00f6k\u00f6lte apj\u00e1t\u00f3l \u00e9s tulajdonosa (1892\u20131912). <br \/><strong>Irod.:<\/strong> P\u00e9ter H. M.; P\u00e9ter H. M. 2013.; Szab\u00f3\u2013Simon\u2013Sz\u00f6gi<\/br><\/p>\n","protected":false},"excerpt":{"rendered":"<p>1863., \u2020\u00a0Mv., 1912.: gy\u00f3gyszer\u00e9sz. \u2013 Alajos, gy\u00f3gyszer\u00e9sz \u00e9s Cs\u00edky Irma fia.- B\u00e9csben Egy. Gy\u00f3gyszer\u00e9sz Kar\u00e1n tanult (1883\u201385), Kv.-on kapott gy\u00f3gyszer\u00e9sz oklevelet (1887). A mv.-i Szentl\u00e9lek gy\u00f3gyszert\u00e1rat \u00f6r\u00f6k\u00f6lte apj\u00e1t\u00f3l \u00e9s tulajdonosa (1892\u20131912). Irod.: P\u00e9ter H. M.; P\u00e9ter H. M. 2013.; Szab\u00f3\u2013Simon\u2013Sz\u00f6gi<\/p>\n","protected":false},"featured_media":0,"comment_status":"open","ping_status":"closed","template":"","meta":[],"product_brand":[],"product_cat":[137],"product_tag":[],"class_list":{"0":"post-5504","1":"product","2":"type-product","3":"status-publish","5":"product_cat-maros-megyei-eletrajzi-lexikon","7":"first","8":"instock","9":"shipping-taxable","10":"product-type-simple"},"_links":{"self":[{"href":"https:\/\/uj.adatbank.ro\/lexikon\/wp-json\/wp\/v2\/product\/5504","targetHints":{"allow":["GET"]}}],"collection":[{"href":"https:\/\/uj.adatbank.ro\/lexikon\/wp-json\/wp\/v2\/product"}],"about":[{"href":"https:\/\/uj.adatbank.ro\/lexikon\/wp-json\/wp\/v2\/types\/product"}],"replies":[{"embeddable":true,"href":"https:\/\/uj.adatbank.ro\/lexikon\/wp-json\/wp\/v2\/comments?post=5504"}],"wp:attachment":[{"href":"https:\/\/uj.adatbank.ro\/lexikon\/wp-json\/wp\/v2\/media?parent=5504"}],"wp:term":[{"taxonomy":"product_brand","embeddable":true,"href":"https:\/\/uj.adatbank.ro\/lexikon\/wp-json\/wp\/v2\/product_brand?post=5504"},{"taxonomy":"product_cat","embeddable":true,"href":"https:\/\/uj.adatbank.ro\/lexikon\/wp-json\/wp\/v2\/product_cat?post=5504"},{"taxonomy":"product_tag","embeddable":true,"href":"https:\/\/uj.adatbank.ro\/lexikon\/wp-json\/wp\/v2\/product_tag?post=5504"}],"curies":[{"name":"wp","href":"https:\/\/api.w.org\/{rel}","templated":true}]}}