{"id":5505,"date":"2025-06-28T17:17:19","date_gmt":"2025-06-28T15:17:19","guid":{"rendered":"https:\/\/uj.adatbank.ro\/lexikon\/termek\/burdacs-lajos\/"},"modified":"2025-06-28T17:17:19","modified_gmt":"2025-06-28T15:17:19","slug":"burdacs-lajos","status":"publish","type":"product","link":"https:\/\/uj.adatbank.ro\/lexikon\/termek\/burdacs-lajos\/","title":{"rendered":"BURD\u00c1CS Lajos"},"content":{"rendered":"<p>? \u2020 ? : bankigazgat\u00f3. \u2013 Bankigazgat\u00f3 \u00e9s v\u00e1rosi k\u00e9pvisel\u0151 Mv.-en (1900 k.). <br \/><strong>Irod.:<\/strong> Zepeczaner Jen\u0151. Maros-Torda megye f\u00fcrd\u0151\u00e9lete a dualizmus kor\u00e1ban. = P\u00e1l-Antal\u2013Simon<\/br><\/p>\n","protected":false},"excerpt":{"rendered":"<p>? \u2020 ? : bankigazgat\u00f3. \u2013 Bankigazgat\u00f3 \u00e9s v\u00e1rosi k\u00e9pvisel\u0151 Mv.-en (1900 k.). Irod.: Zepeczaner Jen\u0151. Maros-Torda megye f\u00fcrd\u0151\u00e9lete a dualizmus kor\u00e1ban. = P\u00e1l-Antal\u2013Simon<\/p>\n","protected":false},"featured_media":0,"comment_status":"open","ping_status":"closed","template":"","meta":[],"product_brand":[],"product_cat":[137],"product_tag":[],"class_list":{"0":"post-5505","1":"product","2":"type-product","3":"status-publish","5":"product_cat-maros-megyei-eletrajzi-lexikon","7":"first","8":"instock","9":"shipping-taxable","10":"product-type-simple"},"_links":{"self":[{"href":"https:\/\/uj.adatbank.ro\/lexikon\/wp-json\/wp\/v2\/product\/5505","targetHints":{"allow":["GET"]}}],"collection":[{"href":"https:\/\/uj.adatbank.ro\/lexikon\/wp-json\/wp\/v2\/product"}],"about":[{"href":"https:\/\/uj.adatbank.ro\/lexikon\/wp-json\/wp\/v2\/types\/product"}],"replies":[{"embeddable":true,"href":"https:\/\/uj.adatbank.ro\/lexikon\/wp-json\/wp\/v2\/comments?post=5505"}],"wp:attachment":[{"href":"https:\/\/uj.adatbank.ro\/lexikon\/wp-json\/wp\/v2\/media?parent=5505"}],"wp:term":[{"taxonomy":"product_brand","embeddable":true,"href":"https:\/\/uj.adatbank.ro\/lexikon\/wp-json\/wp\/v2\/product_brand?post=5505"},{"taxonomy":"product_cat","embeddable":true,"href":"https:\/\/uj.adatbank.ro\/lexikon\/wp-json\/wp\/v2\/product_cat?post=5505"},{"taxonomy":"product_tag","embeddable":true,"href":"https:\/\/uj.adatbank.ro\/lexikon\/wp-json\/wp\/v2\/product_tag?post=5505"}],"curies":[{"name":"wp","href":"https:\/\/api.w.org\/{rel}","templated":true}]}}