{"id":5507,"date":"2025-06-28T17:17:21","date_gmt":"2025-06-28T15:17:21","guid":{"rendered":"https:\/\/uj.adatbank.ro\/lexikon\/termek\/burger-adolf\/"},"modified":"2025-06-28T17:17:21","modified_gmt":"2025-06-28T15:17:21","slug":"burger-adolf","status":"publish","type":"product","link":"https:\/\/uj.adatbank.ro\/lexikon\/termek\/burger-adolf\/","title":{"rendered":"B\u00dcRGER Adolf"},"content":{"rendered":"<p>? \u2020\u00a0? : v\u00e1llakoz\u00f3, gy\u00e1ros. \u2013 Megv\u00e1s\u00e1rolta Kraft K\u00e1roly le\u00e9gett szesz- \u00e9s s\u00f6rgy\u00e1r\u00e1t a S\u00f6rh\u00e1z utc\u00e1ban \u00e9s nagy\u00fczemm\u00e9 fejlesztette (1893). A gy\u00e1r 1930- ig m\u0171k\u00f6d\u00f6tt. <br \/><strong>Irod.:<\/strong> Bern\u00e1dy; Id\u0151t\u00e1r 2; M\u00e1th\u00e9 Levente 2009<\/br><\/p>\n","protected":false},"excerpt":{"rendered":"<p>? \u2020\u00a0? : v\u00e1llakoz\u00f3, gy\u00e1ros. \u2013 Megv\u00e1s\u00e1rolta Kraft K\u00e1roly le\u00e9gett szesz- \u00e9s s\u00f6rgy\u00e1r\u00e1t a S\u00f6rh\u00e1z utc\u00e1ban \u00e9s nagy\u00fczemm\u00e9 fejlesztette (1893). A gy\u00e1r 1930- ig m\u0171k\u00f6d\u00f6tt. Irod.: Bern\u00e1dy; Id\u0151t\u00e1r 2; M\u00e1th\u00e9 Levente 2009<\/p>\n","protected":false},"featured_media":0,"comment_status":"open","ping_status":"closed","template":"","meta":[],"product_brand":[],"product_cat":[137],"product_tag":[],"class_list":{"0":"post-5507","1":"product","2":"type-product","3":"status-publish","5":"product_cat-maros-megyei-eletrajzi-lexikon","7":"first","8":"instock","9":"shipping-taxable","10":"product-type-simple"},"_links":{"self":[{"href":"https:\/\/uj.adatbank.ro\/lexikon\/wp-json\/wp\/v2\/product\/5507","targetHints":{"allow":["GET"]}}],"collection":[{"href":"https:\/\/uj.adatbank.ro\/lexikon\/wp-json\/wp\/v2\/product"}],"about":[{"href":"https:\/\/uj.adatbank.ro\/lexikon\/wp-json\/wp\/v2\/types\/product"}],"replies":[{"embeddable":true,"href":"https:\/\/uj.adatbank.ro\/lexikon\/wp-json\/wp\/v2\/comments?post=5507"}],"wp:attachment":[{"href":"https:\/\/uj.adatbank.ro\/lexikon\/wp-json\/wp\/v2\/media?parent=5507"}],"wp:term":[{"taxonomy":"product_brand","embeddable":true,"href":"https:\/\/uj.adatbank.ro\/lexikon\/wp-json\/wp\/v2\/product_brand?post=5507"},{"taxonomy":"product_cat","embeddable":true,"href":"https:\/\/uj.adatbank.ro\/lexikon\/wp-json\/wp\/v2\/product_cat?post=5507"},{"taxonomy":"product_tag","embeddable":true,"href":"https:\/\/uj.adatbank.ro\/lexikon\/wp-json\/wp\/v2\/product_tag?post=5507"}],"curies":[{"name":"wp","href":"https:\/\/api.w.org\/{rel}","templated":true}]}}