{"id":5510,"date":"2025-06-28T17:17:29","date_gmt":"2025-06-28T15:17:29","guid":{"rendered":"https:\/\/uj.adatbank.ro\/lexikon\/termek\/burger-antal\/"},"modified":"2025-06-28T17:17:29","modified_gmt":"2025-06-28T15:17:29","slug":"burger-antal","status":"publish","type":"product","link":"https:\/\/uj.adatbank.ro\/lexikon\/termek\/burger-antal\/","title":{"rendered":"B\u00dcRGER Antal"},"content":{"rendered":"<p>? \u2020\u00a0? : eln\u00f6k. \u2013 A mv.-i a status-quo zsid\u00f3 hitk\u00f6zs\u00e9g eln\u00f6ke. A Habsburg-h\u00e1z uralkod\u00f3j\u00e1t\u00f3l nemess\u00e9get kapott (1914. j\u00fan. 26). A k\u00e9t vh. k\u00f6z\u00f6tt, a rom\u00e1n szen\u00e1tus tagja \u00e9s az Erd\u00e9lyi Gy\u00e1riparosok Sz\u00f6vets\u00e9g\u00e9nek eln\u00f6ke. Szecesszi\u00f3s lak\u00f3h\u00e1za (\u00e9p\u00fclt 1880), \u201eB\u201d kateg\u00f3ri\u00e1s m\u0171eml\u00e9k (C\u0103l\u0103ra\u015filor \/ Kossuth Lajos u., 106. sz.), az Aranykakas vend\u00e9gl\u0151 volt a szocialiszmus \u00e9veiben. A volt s\u00f6rgy\u00e1r\u00e1nak \u00e9p\u00fcletei szint\u00e9n \u201eB\u201d kateg\u00f3ri\u00e1j\u00fa m\u0171eml\u00e9k (Sinaia \/ S\u00f6rh\u00e1z u. 1\u20133). <br \/><strong>Irod.:<\/strong> A M. K\u00f6zgazdas\u00e1g \u00e9s az Orsz\u00e1gos Kereskedelmi Egyes\u00fcl\u00e9s tev\u00e9kenys\u00e9ge 1904\u201314 (Bp., 1914); Mv. zsid\u00f3s\u00e1ga; Valori mure\u015fene de patrimoniu; Magyar Zsid\u00f3 Lexikon<\/br><\/p>\n","protected":false},"excerpt":{"rendered":"<p>? \u2020\u00a0? : eln\u00f6k. \u2013 A mv.-i a status-quo zsid\u00f3 hitk\u00f6zs\u00e9g eln\u00f6ke. A Habsburg-h\u00e1z uralkod\u00f3j\u00e1t\u00f3l nemess\u00e9get kapott (1914. j\u00fan. 26). A k\u00e9t vh. k\u00f6z\u00f6tt, a rom\u00e1n szen\u00e1tus tagja \u00e9s az Erd\u00e9lyi Gy\u00e1riparosok Sz\u00f6vets\u00e9g\u00e9nek eln\u00f6ke. Szecesszi\u00f3s lak\u00f3h\u00e1za (\u00e9p\u00fclt 1880), \u201eB\u201d kateg\u00f3ri\u00e1s m\u0171eml\u00e9k (C\u0103l\u0103ra\u015filor \/ Kossuth Lajos u., 106. sz.), az Aranykakas vend\u00e9gl\u0151 volt a szocialiszmus \u00e9veiben. [&hellip;]<\/p>\n","protected":false},"featured_media":0,"comment_status":"open","ping_status":"closed","template":"","meta":[],"product_brand":[],"product_cat":[137],"product_tag":[],"class_list":{"0":"post-5510","1":"product","2":"type-product","3":"status-publish","5":"product_cat-maros-megyei-eletrajzi-lexikon","7":"first","8":"instock","9":"shipping-taxable","10":"product-type-simple"},"_links":{"self":[{"href":"https:\/\/uj.adatbank.ro\/lexikon\/wp-json\/wp\/v2\/product\/5510","targetHints":{"allow":["GET"]}}],"collection":[{"href":"https:\/\/uj.adatbank.ro\/lexikon\/wp-json\/wp\/v2\/product"}],"about":[{"href":"https:\/\/uj.adatbank.ro\/lexikon\/wp-json\/wp\/v2\/types\/product"}],"replies":[{"embeddable":true,"href":"https:\/\/uj.adatbank.ro\/lexikon\/wp-json\/wp\/v2\/comments?post=5510"}],"wp:attachment":[{"href":"https:\/\/uj.adatbank.ro\/lexikon\/wp-json\/wp\/v2\/media?parent=5510"}],"wp:term":[{"taxonomy":"product_brand","embeddable":true,"href":"https:\/\/uj.adatbank.ro\/lexikon\/wp-json\/wp\/v2\/product_brand?post=5510"},{"taxonomy":"product_cat","embeddable":true,"href":"https:\/\/uj.adatbank.ro\/lexikon\/wp-json\/wp\/v2\/product_cat?post=5510"},{"taxonomy":"product_tag","embeddable":true,"href":"https:\/\/uj.adatbank.ro\/lexikon\/wp-json\/wp\/v2\/product_tag?post=5510"}],"curies":[{"name":"wp","href":"https:\/\/api.w.org\/{rel}","templated":true}]}}