{"id":5511,"date":"2025-06-28T17:17:31","date_gmt":"2025-06-28T15:17:31","guid":{"rendered":"https:\/\/uj.adatbank.ro\/lexikon\/termek\/burger-dezso-boroskrakkoi-alneve-b-b-desider\/"},"modified":"2025-06-28T17:17:31","modified_gmt":"2025-06-28T15:17:31","slug":"burger-dezso-boroskrakkoi-alneve-b-b-desider","status":"publish","type":"product","link":"https:\/\/uj.adatbank.ro\/lexikon\/termek\/burger-dezso-boroskrakkoi-alneve-b-b-desider\/","title":{"rendered":"B\u00dcRGER Dezs\u0151, boroskrakk\u00f3i; \u00e1lneve: B. B. Desider"},"content":{"rendered":"<p>Mv., 1891. szept. 13., \u2020 1944 a deport\u00e1l\u00e1sban: gy\u00e1ros, vegy\u00e9sz, k\u00f6z\u00edr\u00f3. \u2013 Feles\u00e9ge: 1.?; 2. r\u00e1polti Erd\u00e9lyi R\u00f3zsika, \u00e9nekesn\u0151, k\u00e9s\u0151bb Turnowszky S\u00e1ndorn\u00e9. Le\u00e1nyuk: B. Erzs\u00e9bet, le\u00e1nygimn. tanul\u00f3 (1925 \u2013 Mv., 1941. dec. 6.). \u2013 Fels\u0151kereskedelmi \u00e9retts\u00e9git tett Bp.-en, ut\u00e1na 3 \u00e9vig Charlottenburg-ban az elektro-k\u00e9miai egy -et. l\u00e1togatta, szobr\u00e1szatot is tanult, de nem v\u00e9gezte el az egy.-et. Berlinben a M\u0171egy. Elektrom\u00e9rn\u00f6ki Kar\u00e1nnak hallgat\u00f3ja (1909. okt. 1. \u2013 1910. j\u00fal. 11.). Mez\u0151gazdas\u00e1ggal foglalkozott. R\u00e9szt vett az I. vh.-ban (1914\u201317). A B\u00fcrger-f\u00e9le s\u00f6rgy\u00e1rban apja mellett dolgozott, majd vez\u00e9rigazgat\u00f3 lett (1919\u2013) \u00e9s a buk.-i Urbeanu k\u00e9miai gy\u00e1r m\u0171szaki vezet\u0151je. Az Aragonit m\u0171vek rt. igazgat\u00f3s\u00e1gi tagja. A k\u00e9mia \u00e9s fiziol\u00f3gia ter\u00e9n v\u00e9gzett kutat\u00e1sai r\u00e9v\u00e9n t\u00f6bb k\u00e9miai szabadalma volt, amelyeket alkalmaztak is mo-i \u00e9s rom\u00e1niai gy\u00e1rakban. Mv.-en k\u00e9miai \u00e9s fiziol\u00f3giai kis\u00e9rleti laborat\u00f3riumot l\u00e9tes\u00edtett, ahol \u00e9rt\u00e9kes megfigyel\u00e9seket tett \u00e9s sz\u00e1mottev\u0151 eredm\u00e9nyeket \u00e9rt el. Hitte hogy vegy\u00e9szetileg mindent \u00e1t lehet alak\u00edtani. Err\u0151l k\u00e9t k\u00f6nyvet \u00edrt. Nem volt olyan \u00fczleti \u00e9rz\u00e9ke mint az apj\u00e1nak. A j\u00f3 s\u0151r gy\u00e1rt\u00e1s\u00e1hoz j\u00f3 alapanyag kell, \u0151 a rossz min\u0151s\u00e9g\u0171 \u00e1rp\u00e1t \u00e9s koml\u00f3t vette, laborat\u00f3rium\u00e1ban igyekezett \u00f3ri\u00e1si k\u00f6lts\u00e9ggel \u00edz\u00fcket megv\u00e1ltoztatni, eredm\u00e1nytelen\u00fcl, eladhatatlan s\u0151rt gy\u00e1rtott. A hord\u00f3kat lez\u00e1r\u00f3 szurokb\u00f3l is rosszat vett \u00e9s azt is f\u0151z\u00f6gette. Cs\u0151dbe vitte a v\u00e1llalatot a gazdas\u00e1gi vil\u00e1gv\u00e1ls\u00e1g idj\u00e9n (1930 k.), majd felsz\u00e1molt\u00e1k (1938). Tudom\u00e1ny \u00e9s Halad\u00e1s c. term\u00e9szettudom\u00e1nyi szakfoly\u00f3iratot ind\u00edtott L\u00e1ni Oszk\u00e1rral Mv.-en (1925), amelynek felel\u0151s szerkeszt\u0151je volt. A KZST tagja (1932. nov. 6. \u2013); a Munk\u00e1s Szabadegyetemen \u00e9s a KZST \u00fcl\u00e9sein sz\u00e1mos el\u0151ad\u00e1st tartott. Megalak\u00edtotta a mv.-i M\u00e9rn\u00f6k Egyes\u00fcletet, amelynek h\u00e1rom \u00e9vig t\u00e1rseln\u00f6ke is, t\u00f6bb kereskedelmi \u00e9s ipari v\u00e1llalat igazgat\u00f3s\u00e1gi \u00e9s fel\u00fcgyel\u0151 bizotts\u00e1gi tagja, sport-, t\u00e1rsadalmi- \u00e9s kultur\u00e1lis egyes\u00fcletek m\u0171k\u00f6d\u00e9s\u00e9ben reprezentativ szerepet j\u00e1tszott. T\u00f6bb mint 200 cikke \u00e9s tudom\u00e1nyos jelleg\u0171 ir\u00e1sa jelent meg napilapokban \u00e9s foly\u00f3iratokban. K\u00e9ziratban maradt \u00d3pium c. reg\u00e9nye, melynek t\u00e9m\u00e1j\u00e1t a 30-as \u00e9vekben tett palesztinai \u00fatja \u00e9lm\u00e9nyeib\u0151l mer\u00edtette. \u2013 <strong>F. m.:<\/strong> Spectrum (reg., Bp., 1932); A gy\u00f3gy\u00fczlet (Mv., 1940); <strong>t\u00e1rssz.:<\/strong> Az EME Mv.-en 1930. aug. 28\u201330 tartott v\u00e1ndorgy\u0171l\u00e9s\u00e9nek eml\u00e9kk\u00f6nyve (Kv., 1931). <br \/><strong>Irod.:<\/strong> EBKL; Er\u00add\u00e9lyi ezredek; Gy\u00e1szjelent\u0151; Id\u0151t\u00e1r 3; Lev\u00e9lt\u00e1ri gy\u00e1szj.; Ki kicsoda\u00a0?; Marosi-KZST; Molter 2.; Molter: Mv.; \u00d6kr\u00f6s; RMIL; Szab\u00f3\u2013Simon\u2013Sz\u00f6gi; Todea\u2013F\u00fcl\u00f6p\u2013Avram<\/br><\/p>\n","protected":false},"excerpt":{"rendered":"<p>Mv., 1891. szept. 13., \u2020 1944 a deport\u00e1l\u00e1sban: gy\u00e1ros, vegy\u00e9sz, k\u00f6z\u00edr\u00f3. \u2013 Feles\u00e9ge: 1.?; 2. r\u00e1polti Erd\u00e9lyi R\u00f3zsika, \u00e9nekesn\u0151, k\u00e9s\u0151bb Turnowszky S\u00e1ndorn\u00e9. Le\u00e1nyuk: B. Erzs\u00e9bet, le\u00e1nygimn. tanul\u00f3 (1925 \u2013 Mv., 1941. dec. 6.). \u2013 Fels\u0151kereskedelmi \u00e9retts\u00e9git tett Bp.-en, ut\u00e1na 3 \u00e9vig Charlottenburg-ban az elektro-k\u00e9miai egy -et. l\u00e1togatta, szobr\u00e1szatot is tanult, de nem v\u00e9gezte el az [&hellip;]<\/p>\n","protected":false},"featured_media":0,"comment_status":"open","ping_status":"closed","template":"","meta":[],"product_brand":[],"product_cat":[137],"product_tag":[],"class_list":{"0":"post-5511","1":"product","2":"type-product","3":"status-publish","5":"product_cat-maros-megyei-eletrajzi-lexikon","7":"first","8":"instock","9":"shipping-taxable","10":"product-type-simple"},"_links":{"self":[{"href":"https:\/\/uj.adatbank.ro\/lexikon\/wp-json\/wp\/v2\/product\/5511","targetHints":{"allow":["GET"]}}],"collection":[{"href":"https:\/\/uj.adatbank.ro\/lexikon\/wp-json\/wp\/v2\/product"}],"about":[{"href":"https:\/\/uj.adatbank.ro\/lexikon\/wp-json\/wp\/v2\/types\/product"}],"replies":[{"embeddable":true,"href":"https:\/\/uj.adatbank.ro\/lexikon\/wp-json\/wp\/v2\/comments?post=5511"}],"wp:attachment":[{"href":"https:\/\/uj.adatbank.ro\/lexikon\/wp-json\/wp\/v2\/media?parent=5511"}],"wp:term":[{"taxonomy":"product_brand","embeddable":true,"href":"https:\/\/uj.adatbank.ro\/lexikon\/wp-json\/wp\/v2\/product_brand?post=5511"},{"taxonomy":"product_cat","embeddable":true,"href":"https:\/\/uj.adatbank.ro\/lexikon\/wp-json\/wp\/v2\/product_cat?post=5511"},{"taxonomy":"product_tag","embeddable":true,"href":"https:\/\/uj.adatbank.ro\/lexikon\/wp-json\/wp\/v2\/product_tag?post=5511"}],"curies":[{"name":"wp","href":"https:\/\/api.w.org\/{rel}","templated":true}]}}