{"id":5512,"date":"2025-06-28T17:17:32","date_gmt":"2025-06-28T15:17:32","guid":{"rendered":"https:\/\/uj.adatbank.ro\/lexikon\/termek\/burger-ferenc\/"},"modified":"2025-06-28T17:17:32","modified_gmt":"2025-06-28T15:17:32","slug":"burger-ferenc","status":"publish","type":"product","link":"https:\/\/uj.adatbank.ro\/lexikon\/termek\/burger-ferenc\/","title":{"rendered":"B\u00dcRGER Ferenc"},"content":{"rendered":"<p>? \u2020\u00a0? : elektrom\u00e9rn\u00f6k. \u2013 B. Dezs\u0151 fia. \u2013 Fiai\u00a0: B. Jaque, vegy\u00e9szm\u00e9rn\u00f6k, tengerv\u00edzkutat\u00f3, Cousteauval dolgozott; B. Jean Claude, Kanad\u00e1ban TV riporter, n\u00e1lunk is f\u00e9nyk\u00e9pezett (1990). \u2013 4 oszt\u00e1lyt j\u00e1rt a mv.-i Ref. Koll.-ban majd S\u00e1rosptakon tanult az angol gimn.-ban, azut\u00e1n Grenoble.-ban elektrom\u00e9rn\u00f6k lett. A n\u00e9met megsz\u00e1ll\u00e1s alatt harcolt az ellen\u00e1ll\u00e1si mozgalomban. <br \/><strong>Irod.:<\/strong> Sipos<\/br><\/p>\n","protected":false},"excerpt":{"rendered":"<p>? \u2020\u00a0? : elektrom\u00e9rn\u00f6k. \u2013 B. Dezs\u0151 fia. \u2013 Fiai\u00a0: B. Jaque, vegy\u00e9szm\u00e9rn\u00f6k, tengerv\u00edzkutat\u00f3, Cousteauval dolgozott; B. Jean Claude, Kanad\u00e1ban TV riporter, n\u00e1lunk is f\u00e9nyk\u00e9pezett (1990). \u2013 4 oszt\u00e1lyt j\u00e1rt a mv.-i Ref. Koll.-ban majd S\u00e1rosptakon tanult az angol gimn.-ban, azut\u00e1n Grenoble.-ban elektrom\u00e9rn\u00f6k lett. A n\u00e9met megsz\u00e1ll\u00e1s alatt harcolt az ellen\u00e1ll\u00e1si mozgalomban. Irod.: Sipos<\/p>\n","protected":false},"featured_media":0,"comment_status":"open","ping_status":"closed","template":"","meta":[],"product_brand":[],"product_cat":[137],"product_tag":[],"class_list":{"0":"post-5512","1":"product","2":"type-product","3":"status-publish","5":"product_cat-maros-megyei-eletrajzi-lexikon","7":"first","8":"instock","9":"shipping-taxable","10":"product-type-simple"},"_links":{"self":[{"href":"https:\/\/uj.adatbank.ro\/lexikon\/wp-json\/wp\/v2\/product\/5512","targetHints":{"allow":["GET"]}}],"collection":[{"href":"https:\/\/uj.adatbank.ro\/lexikon\/wp-json\/wp\/v2\/product"}],"about":[{"href":"https:\/\/uj.adatbank.ro\/lexikon\/wp-json\/wp\/v2\/types\/product"}],"replies":[{"embeddable":true,"href":"https:\/\/uj.adatbank.ro\/lexikon\/wp-json\/wp\/v2\/comments?post=5512"}],"wp:attachment":[{"href":"https:\/\/uj.adatbank.ro\/lexikon\/wp-json\/wp\/v2\/media?parent=5512"}],"wp:term":[{"taxonomy":"product_brand","embeddable":true,"href":"https:\/\/uj.adatbank.ro\/lexikon\/wp-json\/wp\/v2\/product_brand?post=5512"},{"taxonomy":"product_cat","embeddable":true,"href":"https:\/\/uj.adatbank.ro\/lexikon\/wp-json\/wp\/v2\/product_cat?post=5512"},{"taxonomy":"product_tag","embeddable":true,"href":"https:\/\/uj.adatbank.ro\/lexikon\/wp-json\/wp\/v2\/product_tag?post=5512"}],"curies":[{"name":"wp","href":"https:\/\/api.w.org\/{rel}","templated":true}]}}