{"id":5513,"date":"2025-06-28T17:17:34","date_gmt":"2025-06-28T15:17:34","guid":{"rendered":"https:\/\/uj.adatbank.ro\/lexikon\/termek\/burger-gyorgy\/"},"modified":"2025-06-28T17:17:34","modified_gmt":"2025-06-28T15:17:34","slug":"burger-gyorgy","status":"publish","type":"product","link":"https:\/\/uj.adatbank.ro\/lexikon\/termek\/burger-gyorgy\/","title":{"rendered":"B\u00dcRGER Gy\u00f6rgy"},"content":{"rendered":"<p>? \u2020\u00a0? : gy\u00e1rigazgat\u00f3, s\u00f6rgy\u00e1r tulajdonos. \u2013 B. Albert fia. B. Dezs\u0151 \u00f6ccse.- A boroskrakk\u00f3i gazdas\u00e1got vezette. \u00c1ll\u00edt\u00f3lag teheraut\u00f3b\u00f3l r\u00e1es\u0151 hord\u00f3 \u00fct\u00f6tte agyon. Az Aragonit m\u0171vek rt. igazgat\u00f3s\u00e1gi tagja. Az Erd\u00e9lyi Helikon mv.-i tagjai k\u00f6zt szerepelt (1930). Fellebbez\u00e9si pert ind\u00edtott Emil Dandea ellen (1940). <br \/><strong>Irod.:<\/strong> EBKL; Helikon 1924\u20131944; Id\u0151t\u00e1r 3; Marosi-Helikon<\/br><\/p>\n","protected":false},"excerpt":{"rendered":"<p>? \u2020\u00a0? : gy\u00e1rigazgat\u00f3, s\u00f6rgy\u00e1r tulajdonos. \u2013 B. Albert fia. B. Dezs\u0151 \u00f6ccse.- A boroskrakk\u00f3i gazdas\u00e1got vezette. \u00c1ll\u00edt\u00f3lag teheraut\u00f3b\u00f3l r\u00e1es\u0151 hord\u00f3 \u00fct\u00f6tte agyon. Az Aragonit m\u0171vek rt. igazgat\u00f3s\u00e1gi tagja. Az Erd\u00e9lyi Helikon mv.-i tagjai k\u00f6zt szerepelt (1930). Fellebbez\u00e9si pert ind\u00edtott Emil Dandea ellen (1940). Irod.: EBKL; Helikon 1924\u20131944; Id\u0151t\u00e1r 3; Marosi-Helikon<\/p>\n","protected":false},"featured_media":0,"comment_status":"open","ping_status":"closed","template":"","meta":[],"product_brand":[],"product_cat":[137],"product_tag":[],"class_list":{"0":"post-5513","1":"product","2":"type-product","3":"status-publish","5":"product_cat-maros-megyei-eletrajzi-lexikon","7":"first","8":"instock","9":"shipping-taxable","10":"product-type-simple"},"_links":{"self":[{"href":"https:\/\/uj.adatbank.ro\/lexikon\/wp-json\/wp\/v2\/product\/5513","targetHints":{"allow":["GET"]}}],"collection":[{"href":"https:\/\/uj.adatbank.ro\/lexikon\/wp-json\/wp\/v2\/product"}],"about":[{"href":"https:\/\/uj.adatbank.ro\/lexikon\/wp-json\/wp\/v2\/types\/product"}],"replies":[{"embeddable":true,"href":"https:\/\/uj.adatbank.ro\/lexikon\/wp-json\/wp\/v2\/comments?post=5513"}],"wp:attachment":[{"href":"https:\/\/uj.adatbank.ro\/lexikon\/wp-json\/wp\/v2\/media?parent=5513"}],"wp:term":[{"taxonomy":"product_brand","embeddable":true,"href":"https:\/\/uj.adatbank.ro\/lexikon\/wp-json\/wp\/v2\/product_brand?post=5513"},{"taxonomy":"product_cat","embeddable":true,"href":"https:\/\/uj.adatbank.ro\/lexikon\/wp-json\/wp\/v2\/product_cat?post=5513"},{"taxonomy":"product_tag","embeddable":true,"href":"https:\/\/uj.adatbank.ro\/lexikon\/wp-json\/wp\/v2\/product_tag?post=5513"}],"curies":[{"name":"wp","href":"https:\/\/api.w.org\/{rel}","templated":true}]}}