{"id":5514,"date":"2025-06-28T17:17:36","date_gmt":"2025-06-28T15:17:36","guid":{"rendered":"https:\/\/uj.adatbank.ro\/lexikon\/termek\/burger-johann\/"},"modified":"2025-06-28T17:17:36","modified_gmt":"2025-06-28T15:17:36","slug":"burger-johann","status":"publish","type":"product","link":"https:\/\/uj.adatbank.ro\/lexikon\/termek\/burger-johann\/","title":{"rendered":"B\u00dcRGER Johann"},"content":{"rendered":"<p>? \u2020\u00a0?: k\u0151m\u0171vespall\u00e9r. \u2013 R\u00e9szt vett a Kir. T\u00e1bla els\u0151 sz\u00e9kh\u00e1z\u00e1nak \u00e9p\u00edt\u00e9si, renov\u00e1l\u00e1si, jav\u00edt\u00e1si munk\u00e1lataiban (1808\u2013). Kidolgozott egy tervet \u00e9s k\u00f6lts\u00e9gvet\u00e9st az \u00e9p\u00fcletben elv\u00e9gzend\u0151 munk\u00e1latokr\u00f3l (1812). <br \/><strong>Irod.:<\/strong> Orb\u00e1n J\u00e1nos: A Kir\u00e1lyi T\u00e1bla els\u0151 k\u00e9t mv.-i sz\u00e9kh\u00e1za = St\u00edlusok, m\u0171vek, mesterek<\/br><\/p>\n","protected":false},"excerpt":{"rendered":"<p>? \u2020\u00a0?: k\u0151m\u0171vespall\u00e9r. \u2013 R\u00e9szt vett a Kir. T\u00e1bla els\u0151 sz\u00e9kh\u00e1z\u00e1nak \u00e9p\u00edt\u00e9si, renov\u00e1l\u00e1si, jav\u00edt\u00e1si munk\u00e1lataiban (1808\u2013). Kidolgozott egy tervet \u00e9s k\u00f6lts\u00e9gvet\u00e9st az \u00e9p\u00fcletben elv\u00e9gzend\u0151 munk\u00e1latokr\u00f3l (1812). Irod.: Orb\u00e1n J\u00e1nos: A Kir\u00e1lyi T\u00e1bla els\u0151 k\u00e9t mv.-i sz\u00e9kh\u00e1za = St\u00edlusok, m\u0171vek, mesterek<\/p>\n","protected":false},"featured_media":0,"comment_status":"open","ping_status":"closed","template":"","meta":[],"product_brand":[],"product_cat":[137],"product_tag":[],"class_list":{"0":"post-5514","1":"product","2":"type-product","3":"status-publish","5":"product_cat-maros-megyei-eletrajzi-lexikon","7":"first","8":"instock","9":"shipping-taxable","10":"product-type-simple"},"_links":{"self":[{"href":"https:\/\/uj.adatbank.ro\/lexikon\/wp-json\/wp\/v2\/product\/5514","targetHints":{"allow":["GET"]}}],"collection":[{"href":"https:\/\/uj.adatbank.ro\/lexikon\/wp-json\/wp\/v2\/product"}],"about":[{"href":"https:\/\/uj.adatbank.ro\/lexikon\/wp-json\/wp\/v2\/types\/product"}],"replies":[{"embeddable":true,"href":"https:\/\/uj.adatbank.ro\/lexikon\/wp-json\/wp\/v2\/comments?post=5514"}],"wp:attachment":[{"href":"https:\/\/uj.adatbank.ro\/lexikon\/wp-json\/wp\/v2\/media?parent=5514"}],"wp:term":[{"taxonomy":"product_brand","embeddable":true,"href":"https:\/\/uj.adatbank.ro\/lexikon\/wp-json\/wp\/v2\/product_brand?post=5514"},{"taxonomy":"product_cat","embeddable":true,"href":"https:\/\/uj.adatbank.ro\/lexikon\/wp-json\/wp\/v2\/product_cat?post=5514"},{"taxonomy":"product_tag","embeddable":true,"href":"https:\/\/uj.adatbank.ro\/lexikon\/wp-json\/wp\/v2\/product_tag?post=5514"}],"curies":[{"name":"wp","href":"https:\/\/api.w.org\/{rel}","templated":true}]}}