{"id":5519,"date":"2025-06-28T17:17:43","date_gmt":"2025-06-28T15:17:43","guid":{"rendered":"https:\/\/uj.adatbank.ro\/lexikon\/termek\/burian-ioan-burjan-janos\/"},"modified":"2025-06-28T17:17:43","modified_gmt":"2025-06-28T15:17:43","slug":"burian-ioan-burjan-janos","status":"publish","type":"product","link":"https:\/\/uj.adatbank.ro\/lexikon\/termek\/burian-ioan-burjan-janos\/","title":{"rendered":"BURIAN Ioan, Burj\u00e1n J\u00e1nos"},"content":{"rendered":"<p>1916., \u2020 Mv., 1999. m\u00e1rc. 8.: \u00f6k\u00f6lv\u00edv\u00f3, \u00f6k\u00f6lv\u00edv\u00f3edz\u0151. \u2013 Mv. \u00e9lsportol\u00f3ja (1934\u201340-es \u00e9vekben), az M. S. E, M. T. E. klubban boxolt. Erd\u00e9ly bajnoka f\u00e9lneh\u00e9z s\u00falyban a Mv.-en rendezett bajnoks\u00e1gon (1937, 1938). Edz\u0151 a mv.-i CFR Sport egyes\u00fcletn\u00e9l (1946), majd a Lemnaruln\u00e1l (1958\u201382), ahol gyermekek sz\u00e1zait tan\u00edtotta boxolni \u00e9s \u00e9rt el orsz\u00e1gosan is jelent\u0151s eredm\u00e9nyeket vel\u00fck. <br \/><strong>Irod.:<\/strong> MMK; N\u00fa. (1999. j\u00fal. 8.); [Nekrol\u00f3g] (N\u00fa., 1999. m\u00e1rc. 9.), www. djstmures. ro<\/br><\/p>\n","protected":false},"excerpt":{"rendered":"<p>1916., \u2020 Mv., 1999. m\u00e1rc. 8.: \u00f6k\u00f6lv\u00edv\u00f3, \u00f6k\u00f6lv\u00edv\u00f3edz\u0151. \u2013 Mv. \u00e9lsportol\u00f3ja (1934\u201340-es \u00e9vekben), az M. S. E, M. T. E. klubban boxolt. Erd\u00e9ly bajnoka f\u00e9lneh\u00e9z s\u00falyban a Mv.-en rendezett bajnoks\u00e1gon (1937, 1938). Edz\u0151 a mv.-i CFR Sport egyes\u00fcletn\u00e9l (1946), majd a Lemnaruln\u00e1l (1958\u201382), ahol gyermekek sz\u00e1zait tan\u00edtotta boxolni \u00e9s \u00e9rt el orsz\u00e1gosan is jelent\u0151s eredm\u00e9nyeket [&hellip;]<\/p>\n","protected":false},"featured_media":0,"comment_status":"open","ping_status":"closed","template":"","meta":[],"product_brand":[],"product_cat":[137],"product_tag":[],"class_list":{"0":"post-5519","1":"product","2":"type-product","3":"status-publish","5":"product_cat-maros-megyei-eletrajzi-lexikon","7":"first","8":"instock","9":"shipping-taxable","10":"product-type-simple"},"_links":{"self":[{"href":"https:\/\/uj.adatbank.ro\/lexikon\/wp-json\/wp\/v2\/product\/5519","targetHints":{"allow":["GET"]}}],"collection":[{"href":"https:\/\/uj.adatbank.ro\/lexikon\/wp-json\/wp\/v2\/product"}],"about":[{"href":"https:\/\/uj.adatbank.ro\/lexikon\/wp-json\/wp\/v2\/types\/product"}],"replies":[{"embeddable":true,"href":"https:\/\/uj.adatbank.ro\/lexikon\/wp-json\/wp\/v2\/comments?post=5519"}],"wp:attachment":[{"href":"https:\/\/uj.adatbank.ro\/lexikon\/wp-json\/wp\/v2\/media?parent=5519"}],"wp:term":[{"taxonomy":"product_brand","embeddable":true,"href":"https:\/\/uj.adatbank.ro\/lexikon\/wp-json\/wp\/v2\/product_brand?post=5519"},{"taxonomy":"product_cat","embeddable":true,"href":"https:\/\/uj.adatbank.ro\/lexikon\/wp-json\/wp\/v2\/product_cat?post=5519"},{"taxonomy":"product_tag","embeddable":true,"href":"https:\/\/uj.adatbank.ro\/lexikon\/wp-json\/wp\/v2\/product_tag?post=5519"}],"curies":[{"name":"wp","href":"https:\/\/api.w.org\/{rel}","templated":true}]}}