{"id":5521,"date":"2025-06-28T17:17:45","date_gmt":"2025-06-28T15:17:45","guid":{"rendered":"https:\/\/uj.adatbank.ro\/lexikon\/termek\/burjan-jozsef-burian-josef\/"},"modified":"2025-06-28T17:17:45","modified_gmt":"2025-06-28T15:17:45","slug":"burjan-jozsef-burian-josef","status":"publish","type":"product","link":"https:\/\/uj.adatbank.ro\/lexikon\/termek\/burjan-jozsef-burian-josef\/","title":{"rendered":"BURJ\u00c1N J\u00f3zsef, Buri\u00e1n Josef"},"content":{"rendered":"<p>Mv., 1822.?, \u2020 Abrudb\u00e1nya, 1849.?: gy\u00f3gyszer\u00e9sz. \u2013 Pesten gy\u00f3gyszer\u00e9szeten vizsg\u00e1zott (1848. j\u00fan. 14.). R\u00e9szt vett a forradalomban, egy a forradalom \u00e1ldozatair\u00f3l Mv.-en \u00f6ssze\u00e1ll\u00edtott kimutat\u00e1s (1850. febr. 25.) szerint a 28 \u00e9ves gy\u00f3gyszer\u00e9sz elesett Abrudb\u00e1ny\u00e1n. <br \/><strong>Irod.:<\/strong> Szab\u00f3 Mikl\u00f3s 2005; P\u00e9ter H. M. 2013<\/br><\/p>\n","protected":false},"excerpt":{"rendered":"<p>Mv., 1822.?, \u2020 Abrudb\u00e1nya, 1849.?: gy\u00f3gyszer\u00e9sz. \u2013 Pesten gy\u00f3gyszer\u00e9szeten vizsg\u00e1zott (1848. j\u00fan. 14.). R\u00e9szt vett a forradalomban, egy a forradalom \u00e1ldozatair\u00f3l Mv.-en \u00f6ssze\u00e1ll\u00edtott kimutat\u00e1s (1850. febr. 25.) szerint a 28 \u00e9ves gy\u00f3gyszer\u00e9sz elesett Abrudb\u00e1ny\u00e1n. Irod.: Szab\u00f3 Mikl\u00f3s 2005; P\u00e9ter H. M. 2013<\/p>\n","protected":false},"featured_media":0,"comment_status":"open","ping_status":"closed","template":"","meta":[],"product_brand":[],"product_cat":[137],"product_tag":[],"class_list":{"0":"post-5521","1":"product","2":"type-product","3":"status-publish","5":"product_cat-maros-megyei-eletrajzi-lexikon","7":"first","8":"instock","9":"shipping-taxable","10":"product-type-simple"},"_links":{"self":[{"href":"https:\/\/uj.adatbank.ro\/lexikon\/wp-json\/wp\/v2\/product\/5521","targetHints":{"allow":["GET"]}}],"collection":[{"href":"https:\/\/uj.adatbank.ro\/lexikon\/wp-json\/wp\/v2\/product"}],"about":[{"href":"https:\/\/uj.adatbank.ro\/lexikon\/wp-json\/wp\/v2\/types\/product"}],"replies":[{"embeddable":true,"href":"https:\/\/uj.adatbank.ro\/lexikon\/wp-json\/wp\/v2\/comments?post=5521"}],"wp:attachment":[{"href":"https:\/\/uj.adatbank.ro\/lexikon\/wp-json\/wp\/v2\/media?parent=5521"}],"wp:term":[{"taxonomy":"product_brand","embeddable":true,"href":"https:\/\/uj.adatbank.ro\/lexikon\/wp-json\/wp\/v2\/product_brand?post=5521"},{"taxonomy":"product_cat","embeddable":true,"href":"https:\/\/uj.adatbank.ro\/lexikon\/wp-json\/wp\/v2\/product_cat?post=5521"},{"taxonomy":"product_tag","embeddable":true,"href":"https:\/\/uj.adatbank.ro\/lexikon\/wp-json\/wp\/v2\/product_tag?post=5521"}],"curies":[{"name":"wp","href":"https:\/\/api.w.org\/{rel}","templated":true}]}}