{"id":5522,"date":"2025-06-28T17:17:47","date_gmt":"2025-06-28T15:17:47","guid":{"rendered":"https:\/\/uj.adatbank.ro\/lexikon\/termek\/bursan-aurel\/"},"modified":"2025-06-28T17:17:47","modified_gmt":"2025-06-28T15:17:47","slug":"bursan-aurel","status":"publish","type":"product","link":"https:\/\/uj.adatbank.ro\/lexikon\/termek\/bursan-aurel\/","title":{"rendered":"BURSAN Aurel"},"content":{"rendered":"<p>? \u2020 ? : jog\u00e1sz. \u2013 Az \u00cdt\u00e9l\u0151t\u00e1bla eln\u00f6ke volt (1920-as \u00e9vek). A mv.-i ortodox nagykatedr\u00e1lis \u00e9p\u00edt\u00e9s\u00e9nek fel\u00fcgyelet\u00e9sre megv\u00e1lasztott paroki\u00e1lis bizotts\u00e1g tagj\u00e1v\u00e1 v\u00e1lasztott\u00e1k (1925. m\u00e1j. 10). \u2013 Irod. Mv. m\u0171v. v\u00e1r.<\/br><\/p>\n","protected":false},"excerpt":{"rendered":"<p>? \u2020 ? : jog\u00e1sz. \u2013 Az \u00cdt\u00e9l\u0151t\u00e1bla eln\u00f6ke volt (1920-as \u00e9vek). A mv.-i ortodox nagykatedr\u00e1lis \u00e9p\u00edt\u00e9s\u00e9nek fel\u00fcgyelet\u00e9sre megv\u00e1lasztott paroki\u00e1lis bizotts\u00e1g tagj\u00e1v\u00e1 v\u00e1lasztott\u00e1k (1925. m\u00e1j. 10). \u2013 Irod. Mv. m\u0171v. v\u00e1r.<\/p>\n","protected":false},"featured_media":0,"comment_status":"open","ping_status":"closed","template":"","meta":[],"product_brand":[],"product_cat":[137],"product_tag":[],"class_list":{"0":"post-5522","1":"product","2":"type-product","3":"status-publish","5":"product_cat-maros-megyei-eletrajzi-lexikon","7":"first","8":"instock","9":"shipping-taxable","10":"product-type-simple"},"_links":{"self":[{"href":"https:\/\/uj.adatbank.ro\/lexikon\/wp-json\/wp\/v2\/product\/5522","targetHints":{"allow":["GET"]}}],"collection":[{"href":"https:\/\/uj.adatbank.ro\/lexikon\/wp-json\/wp\/v2\/product"}],"about":[{"href":"https:\/\/uj.adatbank.ro\/lexikon\/wp-json\/wp\/v2\/types\/product"}],"replies":[{"embeddable":true,"href":"https:\/\/uj.adatbank.ro\/lexikon\/wp-json\/wp\/v2\/comments?post=5522"}],"wp:attachment":[{"href":"https:\/\/uj.adatbank.ro\/lexikon\/wp-json\/wp\/v2\/media?parent=5522"}],"wp:term":[{"taxonomy":"product_brand","embeddable":true,"href":"https:\/\/uj.adatbank.ro\/lexikon\/wp-json\/wp\/v2\/product_brand?post=5522"},{"taxonomy":"product_cat","embeddable":true,"href":"https:\/\/uj.adatbank.ro\/lexikon\/wp-json\/wp\/v2\/product_cat?post=5522"},{"taxonomy":"product_tag","embeddable":true,"href":"https:\/\/uj.adatbank.ro\/lexikon\/wp-json\/wp\/v2\/product_tag?post=5522"}],"curies":[{"name":"wp","href":"https:\/\/api.w.org\/{rel}","templated":true}]}}