{"id":5523,"date":"2025-06-28T17:17:48","date_gmt":"2025-06-28T15:17:48","guid":{"rendered":"https:\/\/uj.adatbank.ro\/lexikon\/termek\/bursan-romulus-burszan-romulus\/"},"modified":"2025-06-28T17:17:48","modified_gmt":"2025-06-28T15:17:48","slug":"bursan-romulus-burszan-romulus","status":"publish","type":"product","link":"https:\/\/uj.adatbank.ro\/lexikon\/termek\/bursan-romulus-burszan-romulus\/","title":{"rendered":"BURSAN Romulus; Bursz\u00e1n Romulus"},"content":{"rendered":"<p>? \u2020\u00a0? : malomtulajdonos. \u2013 Tanulm\u00e1nyait a mv.-i f\u00e9mipari szakiskol\u00e1ban v\u00e9gezte \u00e9s mint g\u00e9plakatos a kv.-i vas\u00fati jav\u00edt\u00f3m\u0171helyben m\u00fck\u00f6d\u00f6tt. Katona\u00e9veinek let\u00f6lt\u00e9se ut\u00e1n a sz\u00fcl\u0151 h\u00e1zn\u00e1l a csal\u00e1di birtokot m\u0171velte majd megv\u00e1s\u00e1rolta (1930-ban) Marosszentkir\u00e1lyon az 1921-t\u0151l fen\u00e1ll\u00f3 malmot, amelyben kereskedelmi \u00e9s v\u00e1m\u00f6rl\u00e9st v\u00e9gzett. Volt k\u00f6zs\u00e9gi b\u00edr\u00f3 is. <br \/><strong>Irod.:<\/strong> Sz\u00e9kelyf\u00f6ld \u00ed. k.<\/br><\/p>\n","protected":false},"excerpt":{"rendered":"<p>? \u2020\u00a0? : malomtulajdonos. \u2013 Tanulm\u00e1nyait a mv.-i f\u00e9mipari szakiskol\u00e1ban v\u00e9gezte \u00e9s mint g\u00e9plakatos a kv.-i vas\u00fati jav\u00edt\u00f3m\u0171helyben m\u00fck\u00f6d\u00f6tt. Katona\u00e9veinek let\u00f6lt\u00e9se ut\u00e1n a sz\u00fcl\u0151 h\u00e1zn\u00e1l a csal\u00e1di birtokot m\u0171velte majd megv\u00e1s\u00e1rolta (1930-ban) Marosszentkir\u00e1lyon az 1921-t\u0151l fen\u00e1ll\u00f3 malmot, amelyben kereskedelmi \u00e9s v\u00e1m\u00f6rl\u00e9st v\u00e9gzett. Volt k\u00f6zs\u00e9gi b\u00edr\u00f3 is. Irod.: Sz\u00e9kelyf\u00f6ld \u00ed. k.<\/p>\n","protected":false},"featured_media":0,"comment_status":"open","ping_status":"closed","template":"","meta":[],"product_brand":[],"product_cat":[137],"product_tag":[],"class_list":{"0":"post-5523","1":"product","2":"type-product","3":"status-publish","5":"product_cat-maros-megyei-eletrajzi-lexikon","7":"first","8":"instock","9":"shipping-taxable","10":"product-type-simple"},"_links":{"self":[{"href":"https:\/\/uj.adatbank.ro\/lexikon\/wp-json\/wp\/v2\/product\/5523","targetHints":{"allow":["GET"]}}],"collection":[{"href":"https:\/\/uj.adatbank.ro\/lexikon\/wp-json\/wp\/v2\/product"}],"about":[{"href":"https:\/\/uj.adatbank.ro\/lexikon\/wp-json\/wp\/v2\/types\/product"}],"replies":[{"embeddable":true,"href":"https:\/\/uj.adatbank.ro\/lexikon\/wp-json\/wp\/v2\/comments?post=5523"}],"wp:attachment":[{"href":"https:\/\/uj.adatbank.ro\/lexikon\/wp-json\/wp\/v2\/media?parent=5523"}],"wp:term":[{"taxonomy":"product_brand","embeddable":true,"href":"https:\/\/uj.adatbank.ro\/lexikon\/wp-json\/wp\/v2\/product_brand?post=5523"},{"taxonomy":"product_cat","embeddable":true,"href":"https:\/\/uj.adatbank.ro\/lexikon\/wp-json\/wp\/v2\/product_cat?post=5523"},{"taxonomy":"product_tag","embeddable":true,"href":"https:\/\/uj.adatbank.ro\/lexikon\/wp-json\/wp\/v2\/product_tag?post=5523"}],"curies":[{"name":"wp","href":"https:\/\/api.w.org\/{rel}","templated":true}]}}