{"id":5524,"date":"2025-06-28T17:17:51","date_gmt":"2025-06-28T15:17:51","guid":{"rendered":"https:\/\/uj.adatbank.ro\/lexikon\/termek\/burst-gyorgy\/"},"modified":"2025-06-28T17:17:51","modified_gmt":"2025-06-28T15:17:51","slug":"burst-gyorgy","status":"publish","type":"product","link":"https:\/\/uj.adatbank.ro\/lexikon\/termek\/burst-gyorgy\/","title":{"rendered":"B\u00dcRST Gy\u00f6rgy"},"content":{"rendered":"<p>? \u2020\u00a0? : orvos. \u2013 A segesv\u00e1ri polg\u00e1ri k\u00f3rh\u00e1z els\u0151 orvosa (1867). <br \/><strong>Irod.:<\/strong> Pataki D\u00e1niel: Erd\u00e9lyorsz\u00e1g k\u00f3rh\u00e1zai az 1867-ik \u00e9vben (klny.; Kv., 1868)<\/br><\/p>\n","protected":false},"excerpt":{"rendered":"<p>? \u2020\u00a0? : orvos. \u2013 A segesv\u00e1ri polg\u00e1ri k\u00f3rh\u00e1z els\u0151 orvosa (1867). Irod.: Pataki D\u00e1niel: Erd\u00e9lyorsz\u00e1g k\u00f3rh\u00e1zai az 1867-ik \u00e9vben (klny.; Kv., 1868)<\/p>\n","protected":false},"featured_media":0,"comment_status":"open","ping_status":"closed","template":"","meta":[],"product_brand":[],"product_cat":[137],"product_tag":[],"class_list":{"0":"post-5524","1":"product","2":"type-product","3":"status-publish","5":"product_cat-maros-megyei-eletrajzi-lexikon","7":"first","8":"instock","9":"shipping-taxable","10":"product-type-simple"},"_links":{"self":[{"href":"https:\/\/uj.adatbank.ro\/lexikon\/wp-json\/wp\/v2\/product\/5524","targetHints":{"allow":["GET"]}}],"collection":[{"href":"https:\/\/uj.adatbank.ro\/lexikon\/wp-json\/wp\/v2\/product"}],"about":[{"href":"https:\/\/uj.adatbank.ro\/lexikon\/wp-json\/wp\/v2\/types\/product"}],"replies":[{"embeddable":true,"href":"https:\/\/uj.adatbank.ro\/lexikon\/wp-json\/wp\/v2\/comments?post=5524"}],"wp:attachment":[{"href":"https:\/\/uj.adatbank.ro\/lexikon\/wp-json\/wp\/v2\/media?parent=5524"}],"wp:term":[{"taxonomy":"product_brand","embeddable":true,"href":"https:\/\/uj.adatbank.ro\/lexikon\/wp-json\/wp\/v2\/product_brand?post=5524"},{"taxonomy":"product_cat","embeddable":true,"href":"https:\/\/uj.adatbank.ro\/lexikon\/wp-json\/wp\/v2\/product_cat?post=5524"},{"taxonomy":"product_tag","embeddable":true,"href":"https:\/\/uj.adatbank.ro\/lexikon\/wp-json\/wp\/v2\/product_tag?post=5524"}],"curies":[{"name":"wp","href":"https:\/\/api.w.org\/{rel}","templated":true}]}}