{"id":5525,"date":"2025-06-28T17:17:52","date_gmt":"2025-06-28T15:17:52","guid":{"rendered":"https:\/\/uj.adatbank.ro\/lexikon\/termek\/burszan-jozsef\/"},"modified":"2025-06-28T17:17:52","modified_gmt":"2025-06-28T15:17:52","slug":"burszan-jozsef","status":"publish","type":"product","link":"https:\/\/uj.adatbank.ro\/lexikon\/termek\/burszan-jozsef\/","title":{"rendered":"BURSZ\u00c1N J\u00f3zsef"},"content":{"rendered":"<p>Backamadaras, 1891., \u2020\u00a0?: s\u00fct\u0151mester. \u2013 Iskol\u00e1i elv\u00e9gz\u00e9se ut\u00e1n a s\u00fct\u0151ipart saj\u00e1t\u00edtotta el, a seg\u00e9d\u00e9vek elt\u00f6lt\u00e9se ut\u00e1n Ny\u00e1r\u00e1dszered\u00e1ban l\u00e9tes\u00edtett p\u00e9ks\u00e9get (1928). Az els\u0151 vh.-ban az orosz, olasz \u00e9s rom\u00e1n fronton harcolt. A bronz v. \u00e9rem \u00e9s a K\u00e1roly Csapatkereszt kit\u00fcntetettje volt. <br \/><strong>Irod.:<\/strong> Sz\u00e9kelyf\u00f6ld \u00ed. k<\/br><\/p>\n","protected":false},"excerpt":{"rendered":"<p>Backamadaras, 1891., \u2020\u00a0?: s\u00fct\u0151mester. \u2013 Iskol\u00e1i elv\u00e9gz\u00e9se ut\u00e1n a s\u00fct\u0151ipart saj\u00e1t\u00edtotta el, a seg\u00e9d\u00e9vek elt\u00f6lt\u00e9se ut\u00e1n Ny\u00e1r\u00e1dszered\u00e1ban l\u00e9tes\u00edtett p\u00e9ks\u00e9get (1928). Az els\u0151 vh.-ban az orosz, olasz \u00e9s rom\u00e1n fronton harcolt. A bronz v. \u00e9rem \u00e9s a K\u00e1roly Csapatkereszt kit\u00fcntetettje volt. Irod.: Sz\u00e9kelyf\u00f6ld \u00ed. k<\/p>\n","protected":false},"featured_media":0,"comment_status":"open","ping_status":"closed","template":"","meta":[],"product_brand":[],"product_cat":[137],"product_tag":[],"class_list":{"0":"post-5525","1":"product","2":"type-product","3":"status-publish","5":"product_cat-maros-megyei-eletrajzi-lexikon","7":"first","8":"instock","9":"shipping-taxable","10":"product-type-simple"},"_links":{"self":[{"href":"https:\/\/uj.adatbank.ro\/lexikon\/wp-json\/wp\/v2\/product\/5525","targetHints":{"allow":["GET"]}}],"collection":[{"href":"https:\/\/uj.adatbank.ro\/lexikon\/wp-json\/wp\/v2\/product"}],"about":[{"href":"https:\/\/uj.adatbank.ro\/lexikon\/wp-json\/wp\/v2\/types\/product"}],"replies":[{"embeddable":true,"href":"https:\/\/uj.adatbank.ro\/lexikon\/wp-json\/wp\/v2\/comments?post=5525"}],"wp:attachment":[{"href":"https:\/\/uj.adatbank.ro\/lexikon\/wp-json\/wp\/v2\/media?parent=5525"}],"wp:term":[{"taxonomy":"product_brand","embeddable":true,"href":"https:\/\/uj.adatbank.ro\/lexikon\/wp-json\/wp\/v2\/product_brand?post=5525"},{"taxonomy":"product_cat","embeddable":true,"href":"https:\/\/uj.adatbank.ro\/lexikon\/wp-json\/wp\/v2\/product_cat?post=5525"},{"taxonomy":"product_tag","embeddable":true,"href":"https:\/\/uj.adatbank.ro\/lexikon\/wp-json\/wp\/v2\/product_tag?post=5525"}],"curies":[{"name":"wp","href":"https:\/\/api.w.org\/{rel}","templated":true}]}}