{"id":5527,"date":"2025-06-28T17:17:55","date_gmt":"2025-06-28T15:17:55","guid":{"rendered":"https:\/\/uj.adatbank.ro\/lexikon\/termek\/bustya-albert\/"},"modified":"2025-06-28T17:17:55","modified_gmt":"2025-06-28T15:17:55","slug":"bustya-albert","status":"publish","type":"product","link":"https:\/\/uj.adatbank.ro\/lexikon\/termek\/bustya-albert\/","title":{"rendered":"BUSTYA Albert"},"content":{"rendered":"<p>1924, \u2020 Magyars\u00e1ros, 1985. aug. 17.: unit. lelk\u00e9sz. \u2013 Magyars\u00e1roson volt unit. lelk\u00e9sz, a k\u00f6zs\u00e9g papilakj\u00e1t (ami 1895-ben \u00e9p\u00fclt), moderniz\u00e1lta. Vadadon lelk\u00e9sz (1949\u201351). A mv.-i ref. temet\u0151ben nyugszik. \u2013 Irod: Cs\u00edkfalva; [Nekrol\u00f3g] (V. Z., 1985. aug. 18.); Ga\u00e1l 2001; Kelemen Imre<\/br><\/p>\n","protected":false},"excerpt":{"rendered":"<p>1924, \u2020 Magyars\u00e1ros, 1985. aug. 17.: unit. lelk\u00e9sz. \u2013 Magyars\u00e1roson volt unit. lelk\u00e9sz, a k\u00f6zs\u00e9g papilakj\u00e1t (ami 1895-ben \u00e9p\u00fclt), moderniz\u00e1lta. Vadadon lelk\u00e9sz (1949\u201351). A mv.-i ref. temet\u0151ben nyugszik. \u2013 Irod: Cs\u00edkfalva; [Nekrol\u00f3g] (V. Z., 1985. aug. 18.); Ga\u00e1l 2001; Kelemen Imre<\/p>\n","protected":false},"featured_media":0,"comment_status":"open","ping_status":"closed","template":"","meta":[],"product_brand":[],"product_cat":[137],"product_tag":[],"class_list":{"0":"post-5527","1":"product","2":"type-product","3":"status-publish","5":"product_cat-maros-megyei-eletrajzi-lexikon","7":"first","8":"instock","9":"shipping-taxable","10":"product-type-simple"},"_links":{"self":[{"href":"https:\/\/uj.adatbank.ro\/lexikon\/wp-json\/wp\/v2\/product\/5527","targetHints":{"allow":["GET"]}}],"collection":[{"href":"https:\/\/uj.adatbank.ro\/lexikon\/wp-json\/wp\/v2\/product"}],"about":[{"href":"https:\/\/uj.adatbank.ro\/lexikon\/wp-json\/wp\/v2\/types\/product"}],"replies":[{"embeddable":true,"href":"https:\/\/uj.adatbank.ro\/lexikon\/wp-json\/wp\/v2\/comments?post=5527"}],"wp:attachment":[{"href":"https:\/\/uj.adatbank.ro\/lexikon\/wp-json\/wp\/v2\/media?parent=5527"}],"wp:term":[{"taxonomy":"product_brand","embeddable":true,"href":"https:\/\/uj.adatbank.ro\/lexikon\/wp-json\/wp\/v2\/product_brand?post=5527"},{"taxonomy":"product_cat","embeddable":true,"href":"https:\/\/uj.adatbank.ro\/lexikon\/wp-json\/wp\/v2\/product_cat?post=5527"},{"taxonomy":"product_tag","embeddable":true,"href":"https:\/\/uj.adatbank.ro\/lexikon\/wp-json\/wp\/v2\/product_tag?post=5527"}],"curies":[{"name":"wp","href":"https:\/\/api.w.org\/{rel}","templated":true}]}}