{"id":5532,"date":"2025-06-28T17:18:03","date_gmt":"2025-06-28T15:18:03","guid":{"rendered":"https:\/\/uj.adatbank.ro\/lexikon\/termek\/bustya-sandor\/"},"modified":"2025-06-28T17:18:03","modified_gmt":"2025-06-28T15:18:03","slug":"bustya-sandor","status":"publish","type":"product","link":"https:\/\/uj.adatbank.ro\/lexikon\/termek\/bustya-sandor\/","title":{"rendered":"BUSTYA S\u00e1ndor"},"content":{"rendered":"<p>1839.?, \u2020 Mv., 1928. jan. 2.: \u00e1csmester. \u2013 Feles\u00e9ge Kopacz Borb\u00e1la (1843.?- Mv., 1914. aug. 22.). Gyermekeik: B. Lajos, feles\u00e9ge: Tim\u00e1r Nina; B. Albert, feles\u00e9ge Riha Ilona; B. Ilona, Szabady Albertn\u00e9; B. Nina, K\u0151nig K\u00e1rolyn\u00e9; B. B\u00e9la, feles\u00e9ge S\u00f3falvi M\u00e1ria. \u2013 Mv.-en volt \u00e1csmester. <br \/><strong>Irod.:<\/strong> Gy\u00e1szjelent\u0151<\/br><\/p>\n","protected":false},"excerpt":{"rendered":"<p>1839.?, \u2020 Mv., 1928. jan. 2.: \u00e1csmester. \u2013 Feles\u00e9ge Kopacz Borb\u00e1la (1843.?- Mv., 1914. aug. 22.). Gyermekeik: B. Lajos, feles\u00e9ge: Tim\u00e1r Nina; B. Albert, feles\u00e9ge Riha Ilona; B. Ilona, Szabady Albertn\u00e9; B. Nina, K\u0151nig K\u00e1rolyn\u00e9; B. B\u00e9la, feles\u00e9ge S\u00f3falvi M\u00e1ria. \u2013 Mv.-en volt \u00e1csmester. Irod.: Gy\u00e1szjelent\u0151<\/p>\n","protected":false},"featured_media":0,"comment_status":"open","ping_status":"closed","template":"","meta":[],"product_brand":[],"product_cat":[137],"product_tag":[],"class_list":{"0":"post-5532","1":"product","2":"type-product","3":"status-publish","5":"product_cat-maros-megyei-eletrajzi-lexikon","7":"first","8":"instock","9":"shipping-taxable","10":"product-type-simple"},"_links":{"self":[{"href":"https:\/\/uj.adatbank.ro\/lexikon\/wp-json\/wp\/v2\/product\/5532","targetHints":{"allow":["GET"]}}],"collection":[{"href":"https:\/\/uj.adatbank.ro\/lexikon\/wp-json\/wp\/v2\/product"}],"about":[{"href":"https:\/\/uj.adatbank.ro\/lexikon\/wp-json\/wp\/v2\/types\/product"}],"replies":[{"embeddable":true,"href":"https:\/\/uj.adatbank.ro\/lexikon\/wp-json\/wp\/v2\/comments?post=5532"}],"wp:attachment":[{"href":"https:\/\/uj.adatbank.ro\/lexikon\/wp-json\/wp\/v2\/media?parent=5532"}],"wp:term":[{"taxonomy":"product_brand","embeddable":true,"href":"https:\/\/uj.adatbank.ro\/lexikon\/wp-json\/wp\/v2\/product_brand?post=5532"},{"taxonomy":"product_cat","embeddable":true,"href":"https:\/\/uj.adatbank.ro\/lexikon\/wp-json\/wp\/v2\/product_cat?post=5532"},{"taxonomy":"product_tag","embeddable":true,"href":"https:\/\/uj.adatbank.ro\/lexikon\/wp-json\/wp\/v2\/product_tag?post=5532"}],"curies":[{"name":"wp","href":"https:\/\/api.w.org\/{rel}","templated":true}]}}