{"id":5533,"date":"2025-06-28T17:18:04","date_gmt":"2025-06-28T15:18:04","guid":{"rendered":"https:\/\/uj.adatbank.ro\/lexikon\/termek\/buszek-laszlo-jeno\/"},"modified":"2025-06-28T17:18:04","modified_gmt":"2025-06-28T15:18:04","slug":"buszek-laszlo-jeno","status":"publish","type":"product","link":"https:\/\/uj.adatbank.ro\/lexikon\/termek\/buszek-laszlo-jeno\/","title":{"rendered":"BUSZEK L\u00e1szl\u00f3-Jen\u0151"},"content":{"rendered":"<p>Brass\u00f3, 1914. \u00e1pr. 2., \u2020 Sepsiszentgy\u00f6rgy, 1994. \u00e1pr. 15.: r. k. pap. \u2013 A gimn.-ot Cs\u00edkszered\u00e1ban \u00e9s teol\u00f3giai tanulm\u00e1nyait Nagyv\u00e1radon v\u00e9gezte. Papp\u00e1 szentelt\u00e9k Cs\u00edkszered\u00e1ban (1939. j\u00fan. 29.). K\u00e1pl\u00e1n volt Gyergy\u00f3csomafalv\u00e1n (1939), Dics\u0151szentm\u00e1rtonban (1940\u201346), majd pl\u00e9b\u00e1nos Z\u00e1gonban (1946), Zernyesten (1962\u2013). <br \/><strong>Irod.:<\/strong> Ferenczi S\u00e1ndor 2009; Maros-k\u00fck\u00fcll\u0151i f\u0151esp.<\/br><\/p>\n","protected":false},"excerpt":{"rendered":"<p>Brass\u00f3, 1914. \u00e1pr. 2., \u2020 Sepsiszentgy\u00f6rgy, 1994. \u00e1pr. 15.: r. k. pap. \u2013 A gimn.-ot Cs\u00edkszered\u00e1ban \u00e9s teol\u00f3giai tanulm\u00e1nyait Nagyv\u00e1radon v\u00e9gezte. Papp\u00e1 szentelt\u00e9k Cs\u00edkszered\u00e1ban (1939. j\u00fan. 29.). K\u00e1pl\u00e1n volt Gyergy\u00f3csomafalv\u00e1n (1939), Dics\u0151szentm\u00e1rtonban (1940\u201346), majd pl\u00e9b\u00e1nos Z\u00e1gonban (1946), Zernyesten (1962\u2013). Irod.: Ferenczi S\u00e1ndor 2009; Maros-k\u00fck\u00fcll\u0151i f\u0151esp.<\/p>\n","protected":false},"featured_media":0,"comment_status":"open","ping_status":"closed","template":"","meta":[],"product_brand":[],"product_cat":[137],"product_tag":[],"class_list":{"0":"post-5533","1":"product","2":"type-product","3":"status-publish","5":"product_cat-maros-megyei-eletrajzi-lexikon","7":"first","8":"instock","9":"shipping-taxable","10":"product-type-simple"},"_links":{"self":[{"href":"https:\/\/uj.adatbank.ro\/lexikon\/wp-json\/wp\/v2\/product\/5533","targetHints":{"allow":["GET"]}}],"collection":[{"href":"https:\/\/uj.adatbank.ro\/lexikon\/wp-json\/wp\/v2\/product"}],"about":[{"href":"https:\/\/uj.adatbank.ro\/lexikon\/wp-json\/wp\/v2\/types\/product"}],"replies":[{"embeddable":true,"href":"https:\/\/uj.adatbank.ro\/lexikon\/wp-json\/wp\/v2\/comments?post=5533"}],"wp:attachment":[{"href":"https:\/\/uj.adatbank.ro\/lexikon\/wp-json\/wp\/v2\/media?parent=5533"}],"wp:term":[{"taxonomy":"product_brand","embeddable":true,"href":"https:\/\/uj.adatbank.ro\/lexikon\/wp-json\/wp\/v2\/product_brand?post=5533"},{"taxonomy":"product_cat","embeddable":true,"href":"https:\/\/uj.adatbank.ro\/lexikon\/wp-json\/wp\/v2\/product_cat?post=5533"},{"taxonomy":"product_tag","embeddable":true,"href":"https:\/\/uj.adatbank.ro\/lexikon\/wp-json\/wp\/v2\/product_tag?post=5533"}],"curies":[{"name":"wp","href":"https:\/\/api.w.org\/{rel}","templated":true}]}}