{"id":5534,"date":"2025-06-28T17:18:05","date_gmt":"2025-06-28T15:18:05","guid":{"rendered":"https:\/\/uj.adatbank.ro\/lexikon\/termek\/buszke-kocsis-miklos-barabas\/"},"modified":"2025-06-28T17:18:05","modified_gmt":"2025-06-28T15:18:05","slug":"buszke-kocsis-miklos-barabas","status":"publish","type":"product","link":"https:\/\/uj.adatbank.ro\/lexikon\/termek\/buszke-kocsis-miklos-barabas\/","title":{"rendered":"B\u00dcSZKE KOCSIS Mikl\u00f3s Barab\u00e1s"},"content":{"rendered":"<p>1888, \u2020 Magyar\u00f3, 1967: mesemond\u00f3, \u00e9nekes. \u2013 A mesemond\u00f3k k\u00f6z\u00fcl eml\u00e9kez\u0151tehets\u00e9g\u00e9vel \u00e9s nyelvi megform\u00e1l\u00f3k\u00e9pess\u00e9g\u00e9vel t\u0171nt ki; els\u0151sorban megt\u00f6rt\u00e9nt eseteket adott el\u0151, s t\u00f6bb mint 700 n\u00e9pmes\u00e9t \u00e9s t\u00f6rt\u00e9netet mondott, ill. n\u00e9pdalt \u00e9nekelt hangszalagra. \u00c9l\u0151sz\u00f3val elmondott mes\u00e9i sokkal kifejez\u0151bbek mint a pap\u00edrra vetettek. <br \/><strong>Irod.:<\/strong> MNL; \u00daM\u00c9L<\/br><\/p>\n","protected":false},"excerpt":{"rendered":"<p>1888, \u2020 Magyar\u00f3, 1967: mesemond\u00f3, \u00e9nekes. \u2013 A mesemond\u00f3k k\u00f6z\u00fcl eml\u00e9kez\u0151tehets\u00e9g\u00e9vel \u00e9s nyelvi megform\u00e1l\u00f3k\u00e9pess\u00e9g\u00e9vel t\u0171nt ki; els\u0151sorban megt\u00f6rt\u00e9nt eseteket adott el\u0151, s t\u00f6bb mint 700 n\u00e9pmes\u00e9t \u00e9s t\u00f6rt\u00e9netet mondott, ill. n\u00e9pdalt \u00e9nekelt hangszalagra. \u00c9l\u0151sz\u00f3val elmondott mes\u00e9i sokkal kifejez\u0151bbek mint a pap\u00edrra vetettek. Irod.: MNL; \u00daM\u00c9L<\/p>\n","protected":false},"featured_media":0,"comment_status":"open","ping_status":"closed","template":"","meta":[],"product_brand":[],"product_cat":[137],"product_tag":[],"class_list":{"0":"post-5534","1":"product","2":"type-product","3":"status-publish","5":"product_cat-maros-megyei-eletrajzi-lexikon","7":"first","8":"instock","9":"shipping-taxable","10":"product-type-simple"},"_links":{"self":[{"href":"https:\/\/uj.adatbank.ro\/lexikon\/wp-json\/wp\/v2\/product\/5534","targetHints":{"allow":["GET"]}}],"collection":[{"href":"https:\/\/uj.adatbank.ro\/lexikon\/wp-json\/wp\/v2\/product"}],"about":[{"href":"https:\/\/uj.adatbank.ro\/lexikon\/wp-json\/wp\/v2\/types\/product"}],"replies":[{"embeddable":true,"href":"https:\/\/uj.adatbank.ro\/lexikon\/wp-json\/wp\/v2\/comments?post=5534"}],"wp:attachment":[{"href":"https:\/\/uj.adatbank.ro\/lexikon\/wp-json\/wp\/v2\/media?parent=5534"}],"wp:term":[{"taxonomy":"product_brand","embeddable":true,"href":"https:\/\/uj.adatbank.ro\/lexikon\/wp-json\/wp\/v2\/product_brand?post=5534"},{"taxonomy":"product_cat","embeddable":true,"href":"https:\/\/uj.adatbank.ro\/lexikon\/wp-json\/wp\/v2\/product_cat?post=5534"},{"taxonomy":"product_tag","embeddable":true,"href":"https:\/\/uj.adatbank.ro\/lexikon\/wp-json\/wp\/v2\/product_tag?post=5534"}],"curies":[{"name":"wp","href":"https:\/\/api.w.org\/{rel}","templated":true}]}}