{"id":5539,"date":"2025-06-28T17:18:14","date_gmt":"2025-06-28T15:18:14","guid":{"rendered":"https:\/\/uj.adatbank.ro\/lexikon\/termek\/butiu-maria\/"},"modified":"2025-06-28T17:18:14","modified_gmt":"2025-06-28T15:18:14","slug":"butiu-maria","status":"publish","type":"product","link":"https:\/\/uj.adatbank.ro\/lexikon\/termek\/butiu-maria\/","title":{"rendered":"BU\u0162IU Maria"},"content":{"rendered":"<p>? \u2020 Mv., 1987. m\u00e1j. 13.: orvos. \u2013 B\u0151rgy\u00f3gy\u00e1sz szakorvos a mv.-i B\u00f6rgy\u00f3gy\u00e1szati Klinik\u00e1n. <br \/><strong>Irod.:<\/strong> [Nekrol\u00f3g] (V. Z., 1987. m\u00e1j. 14.) \u2020 Mv., 2001.: k\u00f6zgazd\u00e1sz, tan\u00e1r. \u2013 Elemi iskol\u00e1ba Palotailv\u00e1n P\u00e1l-Antal; P\u00e1l-Antal 2002 B\u00e9nyei J\u00f3zsef: Ecset \u00e9s toll (Debrecen, 2003); EMKK2010; MNL; Moldovan, Iuliu: Art\u0103 plastic\u0103 t\u00e2rn\u0103vean\u0103: repere culturale (Tg. M., 2008); Todea 2013 BUCHER Lajos, ifj. *\u00a0Mv., 1892. szept. 25., \u2020\u00a0Mv., 1972. okt. 8.: nagykeresked\u0151, igazgat\u00f3. \u2013 B. Lajos vaskeresked\u0151 \u00e9s Sz\u00e1sz Piroska fia. Feles\u00e9ge (esk\u00fcv\u0151: 1920): Bottay Irma. Le\u00e1nyuk: \u00c9va. \u2013 K\u00f6z\u00e9piskolai tanulm\u00e1nyait Mv.-en a R. k. F\u0151gimn.-ban \u00e9s a Ref. Koll.-ban v\u00e9gezte (1911). Leipzigben a kereskedelmi akad. \u2013\u00e1n v\u00e9gzett egy \u00e9vet (1911. okt. 21.) A brass\u00f3i Kammner \u00e9s Jekelius vaskeresked\u0151 c\u00e9gn\u00e9l \u00f6nk\u00e9ntes (1913). Apja mv.-i vas- \u00e9s m\u0171szaki keresked\u0151 \u00fczlet\u00e9be l\u00e9pett, ami Bucher \u00e9s Schuster n\u00e9ven m\u0171k\u00f6d\u00f6tt (1912\u2013). A kv.-i TE jogi kar\u00e1n tette le az alapvizsg\u00e1kat (1914). \u00d6nk\u00e9ntes az I. vh.-ban (1914\u201318 dec.), tartal\u00e9kos f\u0151hadnagyi rangot nyert. Apja vaskeresked\u0151 c\u00e9ge Rt.-v\u00e9 alakult, melynek \u00fcgyvezet\u0151 igazgat\u00f3ja, annak felsz\u00e1mol\u00e1s\u00e1ig (1920. aug. \u2013 1927. dec. 24.). A MSE V\u00edv\u00f3 szakoszt\u00e1ly\u00e1nak lelkes tagja (1920). A Kat. Egyh\u00e1ztan\u00e1cs tagja (1939). <br \/><strong>Irod.:<\/strong> Id\u0151t\u00e1r 3.; Id\u0151t\u00e1r 4.; Illy\u00e9s; Lev\u00e9lt\u00e1ri gy\u00e1szj; Szab\u00f3\u2013Simon\u2013Sz\u00f6gi. Philologia (Cluj-N., nr. 3., 2004)<\/br><\/p>\n","protected":false},"excerpt":{"rendered":"<p>? \u2020 Mv., 1987. m\u00e1j. 13.: orvos. \u2013 B\u0151rgy\u00f3gy\u00e1sz szakorvos a mv.-i B\u00f6rgy\u00f3gy\u00e1szati Klinik\u00e1n. Irod.: [Nekrol\u00f3g] (V. Z., 1987. m\u00e1j. 14.) \u2020 Mv., 2001.: k\u00f6zgazd\u00e1sz, tan\u00e1r. \u2013 Elemi iskol\u00e1ba Palotailv\u00e1n P\u00e1l-Antal; P\u00e1l-Antal 2002 B\u00e9nyei J\u00f3zsef: Ecset \u00e9s toll (Debrecen, 2003); EMKK2010; MNL; Moldovan, Iuliu: Art\u0103 plastic\u0103 t\u00e2rn\u0103vean\u0103: repere culturale (Tg. M., 2008); Todea 2013 BUCHER [&hellip;]<\/p>\n","protected":false},"featured_media":0,"comment_status":"open","ping_status":"closed","template":"","meta":[],"product_brand":[],"product_cat":[137],"product_tag":[],"class_list":{"0":"post-5539","1":"product","2":"type-product","3":"status-publish","5":"product_cat-maros-megyei-eletrajzi-lexikon","7":"first","8":"instock","9":"shipping-taxable","10":"product-type-simple"},"_links":{"self":[{"href":"https:\/\/uj.adatbank.ro\/lexikon\/wp-json\/wp\/v2\/product\/5539","targetHints":{"allow":["GET"]}}],"collection":[{"href":"https:\/\/uj.adatbank.ro\/lexikon\/wp-json\/wp\/v2\/product"}],"about":[{"href":"https:\/\/uj.adatbank.ro\/lexikon\/wp-json\/wp\/v2\/types\/product"}],"replies":[{"embeddable":true,"href":"https:\/\/uj.adatbank.ro\/lexikon\/wp-json\/wp\/v2\/comments?post=5539"}],"wp:attachment":[{"href":"https:\/\/uj.adatbank.ro\/lexikon\/wp-json\/wp\/v2\/media?parent=5539"}],"wp:term":[{"taxonomy":"product_brand","embeddable":true,"href":"https:\/\/uj.adatbank.ro\/lexikon\/wp-json\/wp\/v2\/product_brand?post=5539"},{"taxonomy":"product_cat","embeddable":true,"href":"https:\/\/uj.adatbank.ro\/lexikon\/wp-json\/wp\/v2\/product_cat?post=5539"},{"taxonomy":"product_tag","embeddable":true,"href":"https:\/\/uj.adatbank.ro\/lexikon\/wp-json\/wp\/v2\/product_tag?post=5539"}],"curies":[{"name":"wp","href":"https:\/\/api.w.org\/{rel}","templated":true}]}}