{"id":5540,"date":"2025-06-28T17:18:15","date_gmt":"2025-06-28T15:18:15","guid":{"rendered":"https:\/\/uj.adatbank.ro\/lexikon\/termek\/butnar-dumitru\/"},"modified":"2025-06-28T17:18:15","modified_gmt":"2025-06-28T15:18:15","slug":"butnar-dumitru","status":"publish","type":"product","link":"https:\/\/uj.adatbank.ro\/lexikon\/termek\/butnar-dumitru\/","title":{"rendered":"BUTNAR Dumitru"},"content":{"rendered":"<p>? \u2020\u00a0? : ort. pap G\u00f6rg\u00e9nyszentimr\u00e9n (1867 \u201372). <br \/><strong>Irod.:<\/strong> Reghin, Protopopiat<\/br><\/p>\n","protected":false},"excerpt":{"rendered":"<p>? \u2020\u00a0? : ort. pap G\u00f6rg\u00e9nyszentimr\u00e9n (1867 \u201372). Irod.: Reghin, Protopopiat<\/p>\n","protected":false},"featured_media":0,"comment_status":"open","ping_status":"closed","template":"","meta":[],"product_brand":[],"product_cat":[137],"product_tag":[],"class_list":{"0":"post-5540","1":"product","2":"type-product","3":"status-publish","5":"product_cat-maros-megyei-eletrajzi-lexikon","7":"first","8":"instock","9":"shipping-taxable","10":"product-type-simple"},"_links":{"self":[{"href":"https:\/\/uj.adatbank.ro\/lexikon\/wp-json\/wp\/v2\/product\/5540","targetHints":{"allow":["GET"]}}],"collection":[{"href":"https:\/\/uj.adatbank.ro\/lexikon\/wp-json\/wp\/v2\/product"}],"about":[{"href":"https:\/\/uj.adatbank.ro\/lexikon\/wp-json\/wp\/v2\/types\/product"}],"replies":[{"embeddable":true,"href":"https:\/\/uj.adatbank.ro\/lexikon\/wp-json\/wp\/v2\/comments?post=5540"}],"wp:attachment":[{"href":"https:\/\/uj.adatbank.ro\/lexikon\/wp-json\/wp\/v2\/media?parent=5540"}],"wp:term":[{"taxonomy":"product_brand","embeddable":true,"href":"https:\/\/uj.adatbank.ro\/lexikon\/wp-json\/wp\/v2\/product_brand?post=5540"},{"taxonomy":"product_cat","embeddable":true,"href":"https:\/\/uj.adatbank.ro\/lexikon\/wp-json\/wp\/v2\/product_cat?post=5540"},{"taxonomy":"product_tag","embeddable":true,"href":"https:\/\/uj.adatbank.ro\/lexikon\/wp-json\/wp\/v2\/product_tag?post=5540"}],"curies":[{"name":"wp","href":"https:\/\/api.w.org\/{rel}","templated":true}]}}