{"id":5543,"date":"2025-06-28T17:18:20","date_gmt":"2025-06-28T15:18:20","guid":{"rendered":"https:\/\/uj.adatbank.ro\/lexikon\/termek\/butureanu-vasile\/"},"modified":"2025-06-28T17:18:20","modified_gmt":"2025-06-28T15:18:20","slug":"butureanu-vasile","status":"publish","type":"product","link":"https:\/\/uj.adatbank.ro\/lexikon\/termek\/butureanu-vasile\/","title":{"rendered":"BUTUREANU Vasile"},"content":{"rendered":"<p>? \u2020\u00a0?: t\u00e1blai eln\u00f6k. \u2013 A Mv.-i T\u00e1bla eln\u00f6ke (1939), majd a Legfels\u0151 Semmit\u0151sz\u00e9k tan\u00e1csos\u00e1v\u00e1 nevezt\u00e9k ki Buk.-ben. <br \/><strong>Irod.:<\/strong> Id\u0151t\u00e1r 3<\/br><\/p>\n","protected":false},"excerpt":{"rendered":"<p>? \u2020\u00a0?: t\u00e1blai eln\u00f6k. \u2013 A Mv.-i T\u00e1bla eln\u00f6ke (1939), majd a Legfels\u0151 Semmit\u0151sz\u00e9k tan\u00e1csos\u00e1v\u00e1 nevezt\u00e9k ki Buk.-ben. Irod.: Id\u0151t\u00e1r 3<\/p>\n","protected":false},"featured_media":0,"comment_status":"open","ping_status":"closed","template":"","meta":[],"product_brand":[],"product_cat":[137],"product_tag":[],"class_list":{"0":"post-5543","1":"product","2":"type-product","3":"status-publish","5":"product_cat-maros-megyei-eletrajzi-lexikon","7":"first","8":"instock","9":"shipping-taxable","10":"product-type-simple"},"_links":{"self":[{"href":"https:\/\/uj.adatbank.ro\/lexikon\/wp-json\/wp\/v2\/product\/5543","targetHints":{"allow":["GET"]}}],"collection":[{"href":"https:\/\/uj.adatbank.ro\/lexikon\/wp-json\/wp\/v2\/product"}],"about":[{"href":"https:\/\/uj.adatbank.ro\/lexikon\/wp-json\/wp\/v2\/types\/product"}],"replies":[{"embeddable":true,"href":"https:\/\/uj.adatbank.ro\/lexikon\/wp-json\/wp\/v2\/comments?post=5543"}],"wp:attachment":[{"href":"https:\/\/uj.adatbank.ro\/lexikon\/wp-json\/wp\/v2\/media?parent=5543"}],"wp:term":[{"taxonomy":"product_brand","embeddable":true,"href":"https:\/\/uj.adatbank.ro\/lexikon\/wp-json\/wp\/v2\/product_brand?post=5543"},{"taxonomy":"product_cat","embeddable":true,"href":"https:\/\/uj.adatbank.ro\/lexikon\/wp-json\/wp\/v2\/product_cat?post=5543"},{"taxonomy":"product_tag","embeddable":true,"href":"https:\/\/uj.adatbank.ro\/lexikon\/wp-json\/wp\/v2\/product_tag?post=5543"}],"curies":[{"name":"wp","href":"https:\/\/api.w.org\/{rel}","templated":true}]}}