{"id":5547,"date":"2025-06-28T17:18:28","date_gmt":"2025-06-28T15:18:28","guid":{"rendered":"https:\/\/uj.adatbank.ro\/lexikon\/termek\/buzas-endre\/"},"modified":"2025-06-28T17:18:28","modified_gmt":"2025-06-28T15:18:28","slug":"buzas-endre","status":"publish","type":"product","link":"https:\/\/uj.adatbank.ro\/lexikon\/termek\/buzas-endre\/","title":{"rendered":"B\u00daZ\u00c1S Endre"},"content":{"rendered":"<p>? \u2020 ? : tan\u00edt\u00f3. \u2013 K\u00e1ntortan\u00edt\u00f3 Szov\u00e1t\u00e1n (1940-es \u00e9vek), a II. vh.-ban katona, visszat\u00e9r\u00e9se ut\u00e1n folytatta tev\u00e9kenys\u00e9g\u00e9t. <br \/><strong>Irod.:<\/strong> Szov\u00e1ta<\/br><\/p>\n","protected":false},"excerpt":{"rendered":"<p>? \u2020 ? : tan\u00edt\u00f3. \u2013 K\u00e1ntortan\u00edt\u00f3 Szov\u00e1t\u00e1n (1940-es \u00e9vek), a II. vh.-ban katona, visszat\u00e9r\u00e9se ut\u00e1n folytatta tev\u00e9kenys\u00e9g\u00e9t. Irod.: Szov\u00e1ta<\/p>\n","protected":false},"featured_media":0,"comment_status":"open","ping_status":"closed","template":"","meta":[],"product_brand":[],"product_cat":[137],"product_tag":[],"class_list":{"0":"post-5547","1":"product","2":"type-product","3":"status-publish","5":"product_cat-maros-megyei-eletrajzi-lexikon","7":"first","8":"instock","9":"shipping-taxable","10":"product-type-simple"},"_links":{"self":[{"href":"https:\/\/uj.adatbank.ro\/lexikon\/wp-json\/wp\/v2\/product\/5547","targetHints":{"allow":["GET"]}}],"collection":[{"href":"https:\/\/uj.adatbank.ro\/lexikon\/wp-json\/wp\/v2\/product"}],"about":[{"href":"https:\/\/uj.adatbank.ro\/lexikon\/wp-json\/wp\/v2\/types\/product"}],"replies":[{"embeddable":true,"href":"https:\/\/uj.adatbank.ro\/lexikon\/wp-json\/wp\/v2\/comments?post=5547"}],"wp:attachment":[{"href":"https:\/\/uj.adatbank.ro\/lexikon\/wp-json\/wp\/v2\/media?parent=5547"}],"wp:term":[{"taxonomy":"product_brand","embeddable":true,"href":"https:\/\/uj.adatbank.ro\/lexikon\/wp-json\/wp\/v2\/product_brand?post=5547"},{"taxonomy":"product_cat","embeddable":true,"href":"https:\/\/uj.adatbank.ro\/lexikon\/wp-json\/wp\/v2\/product_cat?post=5547"},{"taxonomy":"product_tag","embeddable":true,"href":"https:\/\/uj.adatbank.ro\/lexikon\/wp-json\/wp\/v2\/product_tag?post=5547"}],"curies":[{"name":"wp","href":"https:\/\/api.w.org\/{rel}","templated":true}]}}