{"id":5548,"date":"2025-06-28T17:18:30","date_gmt":"2025-06-28T15:18:30","guid":{"rendered":"https:\/\/uj.adatbank.ro\/lexikon\/termek\/buzas-janos-p\/"},"modified":"2025-06-28T17:18:30","modified_gmt":"2025-06-28T15:18:30","slug":"buzas-janos-p","status":"publish","type":"product","link":"https:\/\/uj.adatbank.ro\/lexikon\/termek\/buzas-janos-p\/","title":{"rendered":"BUZ\u00c1S J\u00e1nos P."},"content":{"rendered":"<p>? \u2020 ? : jezsuirta szerzetes, tan\u00e1r. \u2013 A r. k. gimn.-ban a syntaxis tan\u00e1ra (1749). <br \/><strong>Irod.:<\/strong> P\u00e1l-Antal; P\u00e1l-Antal 2009<\/br><\/p>\n","protected":false},"excerpt":{"rendered":"<p>? \u2020 ? : jezsuirta szerzetes, tan\u00e1r. \u2013 A r. k. gimn.-ban a syntaxis tan\u00e1ra (1749). Irod.: P\u00e1l-Antal; P\u00e1l-Antal 2009<\/p>\n","protected":false},"featured_media":0,"comment_status":"open","ping_status":"closed","template":"","meta":[],"product_brand":[],"product_cat":[137],"product_tag":[],"class_list":{"0":"post-5548","1":"product","2":"type-product","3":"status-publish","5":"product_cat-maros-megyei-eletrajzi-lexikon","7":"first","8":"instock","9":"shipping-taxable","10":"product-type-simple"},"_links":{"self":[{"href":"https:\/\/uj.adatbank.ro\/lexikon\/wp-json\/wp\/v2\/product\/5548","targetHints":{"allow":["GET"]}}],"collection":[{"href":"https:\/\/uj.adatbank.ro\/lexikon\/wp-json\/wp\/v2\/product"}],"about":[{"href":"https:\/\/uj.adatbank.ro\/lexikon\/wp-json\/wp\/v2\/types\/product"}],"replies":[{"embeddable":true,"href":"https:\/\/uj.adatbank.ro\/lexikon\/wp-json\/wp\/v2\/comments?post=5548"}],"wp:attachment":[{"href":"https:\/\/uj.adatbank.ro\/lexikon\/wp-json\/wp\/v2\/media?parent=5548"}],"wp:term":[{"taxonomy":"product_brand","embeddable":true,"href":"https:\/\/uj.adatbank.ro\/lexikon\/wp-json\/wp\/v2\/product_brand?post=5548"},{"taxonomy":"product_cat","embeddable":true,"href":"https:\/\/uj.adatbank.ro\/lexikon\/wp-json\/wp\/v2\/product_cat?post=5548"},{"taxonomy":"product_tag","embeddable":true,"href":"https:\/\/uj.adatbank.ro\/lexikon\/wp-json\/wp\/v2\/product_tag?post=5548"}],"curies":[{"name":"wp","href":"https:\/\/api.w.org\/{rel}","templated":true}]}}