{"id":5549,"date":"2025-06-28T17:18:31","date_gmt":"2025-06-28T15:18:31","guid":{"rendered":"https:\/\/uj.adatbank.ro\/lexikon\/termek\/buzogany-bela\/"},"modified":"2025-06-28T17:18:31","modified_gmt":"2025-06-28T15:18:31","slug":"buzogany-bela","status":"publish","type":"product","link":"https:\/\/uj.adatbank.ro\/lexikon\/termek\/buzogany-bela\/","title":{"rendered":"BUZOG\u00c1NY B\u00e9la"},"content":{"rendered":"<p>1934, \u2020\u00a0Mv., 1998. dec. 2.: jog\u00e1sz, ezredes. \u2013 Feles\u00e9ge: B. M\u00e1rta, aligazgat\u00f3 a mv.-i 20. sz. \u00c1ltal\u00e1nos iskol\u00e1ban. \u2013 Mv-en a MAT Securitate Tartom\u00e1nyi Igazgat\u00f3s\u00e1g\u00e1n b\u0171n\u00fcgyi vizsg\u00e1l\u00f3 f\u0151hadnagy (1963), Sz\u00e1zados (1968). G\u00e1bos J\u00f3zsef hadnagy v\u00e1daskod\u00e1s\u00e1ra azonnal nyugd\u00edjazt\u00e1k. <br \/><strong>Irod.:<\/strong> Bartos 2012; [Nekrol\u00f3g] (N\u00fa., 1998. dec. 3.); Kisadorj\u00e1n<\/br><\/p>\n","protected":false},"excerpt":{"rendered":"<p>1934, \u2020\u00a0Mv., 1998. dec. 2.: jog\u00e1sz, ezredes. \u2013 Feles\u00e9ge: B. M\u00e1rta, aligazgat\u00f3 a mv.-i 20. sz. \u00c1ltal\u00e1nos iskol\u00e1ban. \u2013 Mv-en a MAT Securitate Tartom\u00e1nyi Igazgat\u00f3s\u00e1g\u00e1n b\u0171n\u00fcgyi vizsg\u00e1l\u00f3 f\u0151hadnagy (1963), Sz\u00e1zados (1968). G\u00e1bos J\u00f3zsef hadnagy v\u00e1daskod\u00e1s\u00e1ra azonnal nyugd\u00edjazt\u00e1k. Irod.: Bartos 2012; [Nekrol\u00f3g] (N\u00fa., 1998. dec. 3.); Kisadorj\u00e1n<\/p>\n","protected":false},"featured_media":0,"comment_status":"open","ping_status":"closed","template":"","meta":[],"product_brand":[],"product_cat":[137],"product_tag":[],"class_list":{"0":"post-5549","1":"product","2":"type-product","3":"status-publish","5":"product_cat-maros-megyei-eletrajzi-lexikon","7":"first","8":"instock","9":"shipping-taxable","10":"product-type-simple"},"_links":{"self":[{"href":"https:\/\/uj.adatbank.ro\/lexikon\/wp-json\/wp\/v2\/product\/5549","targetHints":{"allow":["GET"]}}],"collection":[{"href":"https:\/\/uj.adatbank.ro\/lexikon\/wp-json\/wp\/v2\/product"}],"about":[{"href":"https:\/\/uj.adatbank.ro\/lexikon\/wp-json\/wp\/v2\/types\/product"}],"replies":[{"embeddable":true,"href":"https:\/\/uj.adatbank.ro\/lexikon\/wp-json\/wp\/v2\/comments?post=5549"}],"wp:attachment":[{"href":"https:\/\/uj.adatbank.ro\/lexikon\/wp-json\/wp\/v2\/media?parent=5549"}],"wp:term":[{"taxonomy":"product_brand","embeddable":true,"href":"https:\/\/uj.adatbank.ro\/lexikon\/wp-json\/wp\/v2\/product_brand?post=5549"},{"taxonomy":"product_cat","embeddable":true,"href":"https:\/\/uj.adatbank.ro\/lexikon\/wp-json\/wp\/v2\/product_cat?post=5549"},{"taxonomy":"product_tag","embeddable":true,"href":"https:\/\/uj.adatbank.ro\/lexikon\/wp-json\/wp\/v2\/product_tag?post=5549"}],"curies":[{"name":"wp","href":"https:\/\/api.w.org\/{rel}","templated":true}]}}