{"id":5554,"date":"2025-06-28T17:22:34","date_gmt":"2025-06-28T15:22:34","guid":{"rendered":"https:\/\/uj.adatbank.ro\/lexikon\/termek\/cadar-ioan-kadar-janos\/"},"modified":"2025-06-28T17:22:34","modified_gmt":"2025-06-28T15:22:34","slug":"cadar-ioan-kadar-janos","status":"publish","type":"product","link":"https:\/\/uj.adatbank.ro\/lexikon\/termek\/cadar-ioan-kadar-janos\/","title":{"rendered":"CADAR Ioan, K\u00e1d\u00e1r J\u00e1nos"},"content":{"rendered":"<p>G\u00f6demesterh\u00e1za, 1892., \u2020 G\u00f6demesterh\u00e1za, 1966.: jegyz\u0151. \u2013 Jegyz\u0151 \u00e9s adatk\u00f6zl\u0151, G\u00f6demesterh\u00e1z\u00e1r\u00f3l k\u00f6z\u00f6lt t\u00f6rt\u00e9net\u00e9neteket. <br \/><strong>Irod.:<\/strong> Reghin, Protopopiat<\/br><\/p>\n","protected":false},"excerpt":{"rendered":"<p>G\u00f6demesterh\u00e1za, 1892., \u2020 G\u00f6demesterh\u00e1za, 1966.: jegyz\u0151. \u2013 Jegyz\u0151 \u00e9s adatk\u00f6zl\u0151, G\u00f6demesterh\u00e1z\u00e1r\u00f3l k\u00f6z\u00f6lt t\u00f6rt\u00e9net\u00e9neteket. Irod.: Reghin, Protopopiat<\/p>\n","protected":false},"featured_media":0,"comment_status":"open","ping_status":"closed","template":"","meta":[],"product_brand":[],"product_cat":[137],"product_tag":[],"class_list":{"0":"post-5554","1":"product","2":"type-product","3":"status-publish","5":"product_cat-maros-megyei-eletrajzi-lexikon","7":"first","8":"instock","9":"shipping-taxable","10":"product-type-simple"},"_links":{"self":[{"href":"https:\/\/uj.adatbank.ro\/lexikon\/wp-json\/wp\/v2\/product\/5554","targetHints":{"allow":["GET"]}}],"collection":[{"href":"https:\/\/uj.adatbank.ro\/lexikon\/wp-json\/wp\/v2\/product"}],"about":[{"href":"https:\/\/uj.adatbank.ro\/lexikon\/wp-json\/wp\/v2\/types\/product"}],"replies":[{"embeddable":true,"href":"https:\/\/uj.adatbank.ro\/lexikon\/wp-json\/wp\/v2\/comments?post=5554"}],"wp:attachment":[{"href":"https:\/\/uj.adatbank.ro\/lexikon\/wp-json\/wp\/v2\/media?parent=5554"}],"wp:term":[{"taxonomy":"product_brand","embeddable":true,"href":"https:\/\/uj.adatbank.ro\/lexikon\/wp-json\/wp\/v2\/product_brand?post=5554"},{"taxonomy":"product_cat","embeddable":true,"href":"https:\/\/uj.adatbank.ro\/lexikon\/wp-json\/wp\/v2\/product_cat?post=5554"},{"taxonomy":"product_tag","embeddable":true,"href":"https:\/\/uj.adatbank.ro\/lexikon\/wp-json\/wp\/v2\/product_tag?post=5554"}],"curies":[{"name":"wp","href":"https:\/\/api.w.org\/{rel}","templated":true}]}}