{"id":5556,"date":"2025-06-28T17:22:37","date_gmt":"2025-06-28T15:22:37","guid":{"rendered":"https:\/\/uj.adatbank.ro\/lexikon\/termek\/cadar-toader-cadar-todor\/"},"modified":"2025-06-28T17:22:37","modified_gmt":"2025-06-28T15:22:37","slug":"cadar-toader-cadar-todor","status":"publish","type":"product","link":"https:\/\/uj.adatbank.ro\/lexikon\/termek\/cadar-toader-cadar-todor\/","title":{"rendered":"CADAR Toader, Cadar T\u00f3dor"},"content":{"rendered":"<p>? \u2020 ? : katona. \u2013 Cs. k. altiszt a mv.-i 51. gyalogezredben. \u2013 <strong>F. m.:<\/strong> Doine \u015fi strig\u0103turi culese din gura solda\u0163ilor (Szamos\u00fajv\u00e1r, 1911, 1913, 1916.). <br \/><strong>Irod.:<\/strong> Guly\u00e1s<\/br><\/p>\n","protected":false},"excerpt":{"rendered":"<p>? \u2020 ? : katona. \u2013 Cs. k. altiszt a mv.-i 51. gyalogezredben. \u2013 F. m.: Doine \u015fi strig\u0103turi culese din gura solda\u0163ilor (Szamos\u00fajv\u00e1r, 1911, 1913, 1916.). Irod.: Guly\u00e1s<\/p>\n","protected":false},"featured_media":0,"comment_status":"open","ping_status":"closed","template":"","meta":[],"product_brand":[],"product_cat":[137],"product_tag":[],"class_list":{"0":"post-5556","1":"product","2":"type-product","3":"status-publish","5":"product_cat-maros-megyei-eletrajzi-lexikon","7":"first","8":"instock","9":"shipping-taxable","10":"product-type-simple"},"_links":{"self":[{"href":"https:\/\/uj.adatbank.ro\/lexikon\/wp-json\/wp\/v2\/product\/5556","targetHints":{"allow":["GET"]}}],"collection":[{"href":"https:\/\/uj.adatbank.ro\/lexikon\/wp-json\/wp\/v2\/product"}],"about":[{"href":"https:\/\/uj.adatbank.ro\/lexikon\/wp-json\/wp\/v2\/types\/product"}],"replies":[{"embeddable":true,"href":"https:\/\/uj.adatbank.ro\/lexikon\/wp-json\/wp\/v2\/comments?post=5556"}],"wp:attachment":[{"href":"https:\/\/uj.adatbank.ro\/lexikon\/wp-json\/wp\/v2\/media?parent=5556"}],"wp:term":[{"taxonomy":"product_brand","embeddable":true,"href":"https:\/\/uj.adatbank.ro\/lexikon\/wp-json\/wp\/v2\/product_brand?post=5556"},{"taxonomy":"product_cat","embeddable":true,"href":"https:\/\/uj.adatbank.ro\/lexikon\/wp-json\/wp\/v2\/product_cat?post=5556"},{"taxonomy":"product_tag","embeddable":true,"href":"https:\/\/uj.adatbank.ro\/lexikon\/wp-json\/wp\/v2\/product_tag?post=5556"}],"curies":[{"name":"wp","href":"https:\/\/api.w.org\/{rel}","templated":true}]}}