{"id":5563,"date":"2025-06-28T17:22:46","date_gmt":"2025-06-28T15:22:46","guid":{"rendered":"https:\/\/uj.adatbank.ro\/lexikon\/termek\/caliman-dumitru-2\/"},"modified":"2025-06-28T17:22:46","modified_gmt":"2025-06-28T15:22:46","slug":"caliman-dumitru-2","status":"publish","type":"product","link":"https:\/\/uj.adatbank.ro\/lexikon\/termek\/caliman-dumitru-2\/","title":{"rendered":"C\u0102LIMAN Dumitru"},"content":{"rendered":"<p>Marosszentanna, 1913. szept. 19., \u2020 Kom\u00e1rom, 1944. dec. 20.: katonatiszt, \u0151rnagy (post. mortem). \u2013 Mez\u0151szabadban \u00e9lt, majd Mv.-en dolgozott, ahonnan a b\u00e9csi d\u00f6nt\u00e9skor Szebenbe menek\u00fclt (1940. aug. 20). R\u00e9szt vett a 2. vh. harcaiban: Sz\u00e1zadparancsnok volt a 82 gyalogos-kik\u00e9pz\u0151 ezred 20. hadoszt\u00e1ly\u00e1ban, r\u00e9szt vett a marosorb\u00f3i s\u00falyos harcokban, majd a rom\u00e1n hadsereggel tov\u00e1bb k\u00fczd\u00f6tt, a nyugati fronton megsebes\u00fclt \u00e9s s\u00e9r\u00fcl\u00e9seibe bele halt. <br \/><strong>Irod.:<\/strong> Suciu<\/br><\/p>\n","protected":false},"excerpt":{"rendered":"<p>Marosszentanna, 1913. szept. 19., \u2020 Kom\u00e1rom, 1944. dec. 20.: katonatiszt, \u0151rnagy (post. mortem). \u2013 Mez\u0151szabadban \u00e9lt, majd Mv.-en dolgozott, ahonnan a b\u00e9csi d\u00f6nt\u00e9skor Szebenbe menek\u00fclt (1940. aug. 20). R\u00e9szt vett a 2. vh. harcaiban: Sz\u00e1zadparancsnok volt a 82 gyalogos-kik\u00e9pz\u0151 ezred 20. hadoszt\u00e1ly\u00e1ban, r\u00e9szt vett a marosorb\u00f3i s\u00falyos harcokban, majd a rom\u00e1n hadsereggel tov\u00e1bb k\u00fczd\u00f6tt, a [&hellip;]<\/p>\n","protected":false},"featured_media":0,"comment_status":"open","ping_status":"closed","template":"","meta":[],"product_brand":[],"product_cat":[137],"product_tag":[],"class_list":{"0":"post-5563","1":"product","2":"type-product","3":"status-publish","5":"product_cat-maros-megyei-eletrajzi-lexikon","7":"first","8":"instock","9":"shipping-taxable","10":"product-type-simple"},"_links":{"self":[{"href":"https:\/\/uj.adatbank.ro\/lexikon\/wp-json\/wp\/v2\/product\/5563","targetHints":{"allow":["GET"]}}],"collection":[{"href":"https:\/\/uj.adatbank.ro\/lexikon\/wp-json\/wp\/v2\/product"}],"about":[{"href":"https:\/\/uj.adatbank.ro\/lexikon\/wp-json\/wp\/v2\/types\/product"}],"replies":[{"embeddable":true,"href":"https:\/\/uj.adatbank.ro\/lexikon\/wp-json\/wp\/v2\/comments?post=5563"}],"wp:attachment":[{"href":"https:\/\/uj.adatbank.ro\/lexikon\/wp-json\/wp\/v2\/media?parent=5563"}],"wp:term":[{"taxonomy":"product_brand","embeddable":true,"href":"https:\/\/uj.adatbank.ro\/lexikon\/wp-json\/wp\/v2\/product_brand?post=5563"},{"taxonomy":"product_cat","embeddable":true,"href":"https:\/\/uj.adatbank.ro\/lexikon\/wp-json\/wp\/v2\/product_cat?post=5563"},{"taxonomy":"product_tag","embeddable":true,"href":"https:\/\/uj.adatbank.ro\/lexikon\/wp-json\/wp\/v2\/product_tag?post=5563"}],"curies":[{"name":"wp","href":"https:\/\/api.w.org\/{rel}","templated":true}]}}