{"id":5564,"date":"2025-06-28T17:22:47","date_gmt":"2025-06-28T15:22:47","guid":{"rendered":"https:\/\/uj.adatbank.ro\/lexikon\/termek\/calin-gheorghe\/"},"modified":"2025-06-28T17:22:47","modified_gmt":"2025-06-28T15:22:47","slug":"calin-gheorghe","status":"publish","type":"product","link":"https:\/\/uj.adatbank.ro\/lexikon\/termek\/calin-gheorghe\/","title":{"rendered":"C\u0102LIN Gheorghe"},"content":{"rendered":"<p>Cioc\u0103ne\u015fti, 1909. j\u00fan. 27., \u2020 Maroscsap\u00f3, 1944. szept. 22.: katona, kapit\u00e1ny. \u2013 A marosszentgy\u00f6rgyi 36. gyalogezred kapit\u00e1nya, h\u0151si hal\u00e1lt halt Maroscsap\u00f3n\u00e1l. <br \/><strong>Irod.:<\/strong> MMK<\/br><\/p>\n","protected":false},"excerpt":{"rendered":"<p>Cioc\u0103ne\u015fti, 1909. j\u00fan. 27., \u2020 Maroscsap\u00f3, 1944. szept. 22.: katona, kapit\u00e1ny. \u2013 A marosszentgy\u00f6rgyi 36. gyalogezred kapit\u00e1nya, h\u0151si hal\u00e1lt halt Maroscsap\u00f3n\u00e1l. Irod.: MMK<\/p>\n","protected":false},"featured_media":0,"comment_status":"open","ping_status":"closed","template":"","meta":[],"product_brand":[],"product_cat":[137],"product_tag":[],"class_list":{"0":"post-5564","1":"product","2":"type-product","3":"status-publish","5":"product_cat-maros-megyei-eletrajzi-lexikon","7":"first","8":"instock","9":"shipping-taxable","10":"product-type-simple"},"_links":{"self":[{"href":"https:\/\/uj.adatbank.ro\/lexikon\/wp-json\/wp\/v2\/product\/5564","targetHints":{"allow":["GET"]}}],"collection":[{"href":"https:\/\/uj.adatbank.ro\/lexikon\/wp-json\/wp\/v2\/product"}],"about":[{"href":"https:\/\/uj.adatbank.ro\/lexikon\/wp-json\/wp\/v2\/types\/product"}],"replies":[{"embeddable":true,"href":"https:\/\/uj.adatbank.ro\/lexikon\/wp-json\/wp\/v2\/comments?post=5564"}],"wp:attachment":[{"href":"https:\/\/uj.adatbank.ro\/lexikon\/wp-json\/wp\/v2\/media?parent=5564"}],"wp:term":[{"taxonomy":"product_brand","embeddable":true,"href":"https:\/\/uj.adatbank.ro\/lexikon\/wp-json\/wp\/v2\/product_brand?post=5564"},{"taxonomy":"product_cat","embeddable":true,"href":"https:\/\/uj.adatbank.ro\/lexikon\/wp-json\/wp\/v2\/product_cat?post=5564"},{"taxonomy":"product_tag","embeddable":true,"href":"https:\/\/uj.adatbank.ro\/lexikon\/wp-json\/wp\/v2\/product_tag?post=5564"}],"curies":[{"name":"wp","href":"https:\/\/api.w.org\/{rel}","templated":true}]}}