{"id":5567,"date":"2025-06-28T17:22:51","date_gmt":"2025-06-28T15:22:51","guid":{"rendered":"https:\/\/uj.adatbank.ro\/lexikon\/termek\/calugaru-cornel\/"},"modified":"2025-06-28T17:22:51","modified_gmt":"2025-06-28T15:22:51","slug":"calugaru-cornel","status":"publish","type":"product","link":"https:\/\/uj.adatbank.ro\/lexikon\/termek\/calugaru-cornel\/","title":{"rendered":"C\u0102LUG\u0102RU Cornel"},"content":{"rendered":"<p>Mez\u0151ceked, 1951. jan. 2., \u2020 Radn\u00f3t, 2008. m\u00e1j. 27.: agr\u00e1rm\u00e9rn\u00f6k, \u00edr\u00f3, k\u00f6lt\u0151, szerk. \u2013 Sz\u00fcl\u0151faluj\u00e1ban kezdte tanulm\u00e1nyait, Marosludason \u00e9retts\u00e9gizett (1968) \u00e9s a kv.-i Agronomiai Int\u00e9zetben szerzett oklevelet (1973). Agr\u00e1rm\u00e9rn\u00f6kk\u00e9nt dolgozott Kozmatelke, Mez\u0151kapus, Kisikland kollekt\u00edv gazdas\u00e1gaiban. Radn\u00f3ton \u00e9lt (1991\u2013). A radn\u00f3ti v\u00e1rosi tan\u00e1cs tagja, az Aquaserv radn\u00f3ti fi\u00f3kj\u00e1nak igazgat\u00f3ja volt. A Dialog XXI klub kezdem\u00e9nyez\u0151je \u00e9s n\u00e9vad\u00f3ja \u00e9s a radn\u00f3ti v\u00e1rosnapok f\u0151szervez\u0151je. A mv.-i Editura Star kiad\u00f3 tulajdonosa (1990\u2013), a Ziarul Mure\u015ful \u00fajs\u00e1g kiad\u00f3ja (1990\u20132008), az Ambasador c. foly\u00f3irat szerk.-je. Krimiket, detekt\u00edv- \u00e9s kalandreg\u00e9nyeket \u00edrt, szerette a rejtv\u00e9nyeket, keresztrejtv\u00e9nyeket, sokat szerkesztett \u00e9s publik\u00e1lt. Befejezetlen reg\u00e9nye: Unguroaica. \u2013 <strong>F. m.:<\/strong> R\u0103m\u0103\u015fag pe un s\u0103rut (Tg. M., 1990); Panic\u0103 \u00een Pia\u0163a Trandafirilor (Tg. M., 1991); Moartea se nume\u015fte paradis (Tg. M., 1995); C. C. \u00een dialog XXI.: Epigrame (Tg. M., 2009). <br \/><strong>Irod.:<\/strong> C. C. \u00een dialog XXI.: Epigrame (Tg. M., 2009); Cosma<\/br><\/p>\n","protected":false},"excerpt":{"rendered":"<p>Mez\u0151ceked, 1951. jan. 2., \u2020 Radn\u00f3t, 2008. m\u00e1j. 27.: agr\u00e1rm\u00e9rn\u00f6k, \u00edr\u00f3, k\u00f6lt\u0151, szerk. \u2013 Sz\u00fcl\u0151faluj\u00e1ban kezdte tanulm\u00e1nyait, Marosludason \u00e9retts\u00e9gizett (1968) \u00e9s a kv.-i Agronomiai Int\u00e9zetben szerzett oklevelet (1973). Agr\u00e1rm\u00e9rn\u00f6kk\u00e9nt dolgozott Kozmatelke, Mez\u0151kapus, Kisikland kollekt\u00edv gazdas\u00e1gaiban. Radn\u00f3ton \u00e9lt (1991\u2013). A radn\u00f3ti v\u00e1rosi tan\u00e1cs tagja, az Aquaserv radn\u00f3ti fi\u00f3kj\u00e1nak igazgat\u00f3ja volt. A Dialog XXI klub kezdem\u00e9nyez\u0151je \u00e9s [&hellip;]<\/p>\n","protected":false},"featured_media":0,"comment_status":"open","ping_status":"closed","template":"","meta":[],"product_brand":[],"product_cat":[137],"product_tag":[],"class_list":{"0":"post-5567","1":"product","2":"type-product","3":"status-publish","5":"product_cat-maros-megyei-eletrajzi-lexikon","7":"first","8":"instock","9":"shipping-taxable","10":"product-type-simple"},"_links":{"self":[{"href":"https:\/\/uj.adatbank.ro\/lexikon\/wp-json\/wp\/v2\/product\/5567","targetHints":{"allow":["GET"]}}],"collection":[{"href":"https:\/\/uj.adatbank.ro\/lexikon\/wp-json\/wp\/v2\/product"}],"about":[{"href":"https:\/\/uj.adatbank.ro\/lexikon\/wp-json\/wp\/v2\/types\/product"}],"replies":[{"embeddable":true,"href":"https:\/\/uj.adatbank.ro\/lexikon\/wp-json\/wp\/v2\/comments?post=5567"}],"wp:attachment":[{"href":"https:\/\/uj.adatbank.ro\/lexikon\/wp-json\/wp\/v2\/media?parent=5567"}],"wp:term":[{"taxonomy":"product_brand","embeddable":true,"href":"https:\/\/uj.adatbank.ro\/lexikon\/wp-json\/wp\/v2\/product_brand?post=5567"},{"taxonomy":"product_cat","embeddable":true,"href":"https:\/\/uj.adatbank.ro\/lexikon\/wp-json\/wp\/v2\/product_cat?post=5567"},{"taxonomy":"product_tag","embeddable":true,"href":"https:\/\/uj.adatbank.ro\/lexikon\/wp-json\/wp\/v2\/product_tag?post=5567"}],"curies":[{"name":"wp","href":"https:\/\/api.w.org\/{rel}","templated":true}]}}